{"id":14628,"date":"2026-02-09T17:27:49","date_gmt":"2026-02-09T16:27:49","guid":{"rendered":"https:\/\/misterads.es\/kit-consulting-mister-ads-4\/"},"modified":"2026-02-09T17:27:49","modified_gmt":"2026-02-09T16:27:49","slug":"kit-consulting-mister-ads-4","status":"publish","type":"page","link":"https:\/\/misterads.es\/en\/kit-consulting-mister-ads-4\/","title":{"rendered":"Kit Consulting Mister Ads"},"content":{"rendered":"<section  class='av_textblock_section av-kz4c1067-047aa28ac2fa0b73a74e795bcab36dff '   itemscope=\"itemscope\" itemtype=\"https:\/\/schema.org\/CreativeWork\" ><div class='avia_textblock'  itemprop=\"text\" ><h1><\/h1>\n<h3><\/h3>\n<h2><\/h2>\n<p><img loading=\"lazy\" decoding=\"async\" class=\"alignnone size-large wp-image-13259\" src=\"https:\/\/misterads.es\/wp-content\/uploads\/2024\/06\/Captura-de-Pantalla-2024-06-28-a-las-11.11.35-1030x314.png\" alt=\"\" width=\"1030\" height=\"314\" srcset=\"https:\/\/misterads.es\/wp-content\/uploads\/2024\/06\/Captura-de-Pantalla-2024-06-28-a-las-11.11.35-1030x314.png 1030w, https:\/\/misterads.es\/wp-content\/uploads\/2024\/06\/Captura-de-Pantalla-2024-06-28-a-las-11.11.35-300x92.png 300w, https:\/\/misterads.es\/wp-content\/uploads\/2024\/06\/Captura-de-Pantalla-2024-06-28-a-las-11.11.35-768x234.png 768w, https:\/\/misterads.es\/wp-content\/uploads\/2024\/06\/Captura-de-Pantalla-2024-06-28-a-las-11.11.35-705x215.png 705w, https:\/\/misterads.es\/wp-content\/uploads\/2024\/06\/Captura-de-Pantalla-2024-06-28-a-las-11.11.35.png 1320w\" sizes=\"auto, (max-width: 1030px) 100vw, 1030px\" \/><\/p>\n<h1>Digitalitza el teu negoci amb el Kit Consulting<\/h1>\n<h2 class=\"h3 text-sora text-grey mb-2 font-30 font-extrabold font-kit-grey\"><strong>Qu\u00e8 \u00e9s el Kit Consulting?<\/strong><\/h2>\n<div class=\"text-montserrat font-size-18 text-grey font-montserrat font-18 font-regulare font-18 font-kit-grey\">\n<p><a title=\"Kit Consulting: kit-consulting\" data-insuit-uuid=\"378446f8-169a-4e86-9a74-353c125b62a6\">Kit Consulting<\/a>\u00a0\u00e9s el programa d\u2019ajudes del Govern d\u2019Espanya que permet a pimes com la teva\u00a0<strong>dissenyar la fulla de ruta per a la seva transformaci\u00f3 digital<\/strong>.<\/p>\n<h2 class=\"h3 text-sora text-grey mb-2 font-30 font-extrabold font-kit-grey\"><strong>Quina \u00e9s l\u2019ajuda del Kit Consulting?<\/strong><\/h2>\n<div class=\"text-montserrat font-size-18 text-grey font-montserrat font-18 font-regulare font-18 font-kit-grey\">\n<p>Es tracta d\u2019un\u00a0<strong>Bo d\u2019Assessorament Digital\u00a0<\/strong>dotat d\u2019un import que haur\u00e0s d\u2019emprar en la contractaci\u00f3 dels\u00a0<strong>serveis d\u2019assessorament<\/strong>. L\u2019import varia en funci\u00f3 de la mida que tingui la teva empresa:<\/p>\n<div class=\"text-black font-montserrat font-regular font-18 text-center\">\n<ul>\n<li>Entre 10 i menys de 50 empleats: <strong>12.000 \u20ac<\/strong><\/li>\n<li class=\"text-black font-montserrat font-regular font-18 text-center\">Entre 50 i menys de 100 empleats: <strong>18.000 \u20ac<\/strong><\/li>\n<li class=\"text-black font-montserrat font-regular font-18 text-center\">Entre 100 i menys de 250 empleats: <strong>24.000 \u20ac<\/strong>\n<div class=\"text-black font-montserrat font-regular font-18 text-center\"><\/div>\n<\/li>\n<\/ul>\n<h2><strong><br \/>\nA qui va dirigit el Kit Consulting?<\/strong><\/h2>\n<div class=\"text-black font-montserrat font-regular font-18\">\n<p>Els serveis d\u2019assessorament que proporciona el Programa Kit Consulting estan orientats a les\u00a0<strong>petites i mitjanes empreses<\/strong>\u00a0d\u2019entre 10 i menys de 250 empleats.<\/p>\n<p>Aquestes s\u00f3n les solucions de digitalitzaci\u00f3 a les quals pots accedir amb Mister Ads:<\/p>\n<h2 style=\"color: #ff6c2f;\">Servei d\u2019assessorament en Intel\u00b7lig\u00e8ncia Artificial<\/h2>\n<p>L\u2019objectiu principal d\u2019aquest servei \u00e9s dotar-te d\u2019un pla d\u2019intel\u00b7lig\u00e8ncia artificial adaptat a les necessitats de la teva pime. Coneixer\u00e0s la inversi\u00f3 requerida i les mesures necess\u00e0ries per a la seva adopci\u00f3. A m\u00e9s, es prioritzar\u00e0 el teu aprenentatge en t\u00e8cniques d\u2019intel\u00b7lig\u00e8ncia artificial. Tamb\u00e9 es realitzar\u00e0 un cas d\u2019\u00fas adaptat a la teva pime.<\/p>\n<h3>Preu: A partir de 6.000,00 + IVA<\/h3>\n<h2><\/h2>\n<h2 style=\"color: #ff6c2f;\">Servei d\u2019assessorament en Vendes Digitals<\/h2>\n<p>L\u2019objectiu principal d\u2019aquest servei \u00e9s establir la inversi\u00f3 necess\u00e0ria i les t\u00e8cniques de m\u00e0rqueting digital, incloent-hi l\u2019aprofitament de tecnologies d\u2019intel\u00b7lig\u00e8ncia artificial, per millorar el rendiment de les teves vendes en l\u00ednia, i la realitzaci\u00f3 d\u2019un cas d\u2019\u00fas adaptat a l\u2019\u00e0rea de vendes digitals de la teva pime.<\/p>\n<h3>Preu: A partir de 6.000,00 + IVA<\/h3>\n<h2 style=\"color: #ff6c2f;\">Serveis d\u2019Assessorament en Processos de Negoci o Proc\u00e9s de Producci\u00f3<\/h2>\n<p>L\u2019objectiu principal d\u2019aquest servei \u00e9s identificar les \u00e0rees de millora i optimitzaci\u00f3 en els processos empresarials actuals de la teva pime, aix\u00ed com la definici\u00f3 d\u2019un pla personalitzat de millora de processos en \u00e0rees clau. En lloc d\u2019un proc\u00e9s empresarial, aquest servei d\u2019assessorament es pot orientar a l\u2019optimitzaci\u00f3 d\u2019algun dels processos de producci\u00f3 o fabricaci\u00f3. En qualsevol dels dos casos, es far\u00e0 \u00fas de t\u00e8cniques relacionades amb la intel\u00b7lig\u00e8ncia artificial, i s\u2019hi inclou la realitzaci\u00f3 d\u2019un cas d\u2019\u00fas adaptat al negoci.<\/p>\n<h3>Preu: A partir de 6.000,00 + IVA<\/h3>\n<h2 style=\"color: #ff6c2f;\"><b data-stringify-type=\"bold\">Servei d\u2019Assessorament en Estrat\u00e8gia i Rendiment de Negoci<\/b><\/h2>\n<p>L\u2019objectiu principal d\u2019aquest servei \u00e9s dotar-te d\u2019un pla d\u2019estrat\u00e8gia de negoci per millorar el posicionament competitiu de la teva pime. Aquest pla recollir\u00e0 la inversi\u00f3 necess\u00e0ria i les eines adequades, a m\u00e9s, aprofitar\u00e0 les tecnologies d\u2019intel\u00b7lig\u00e8ncia artificial per millorar la capacitat d\u2019an\u00e0lisi. Tamb\u00e9 es realitzar\u00e0 un cas d\u2019\u00fas adaptat a millorar el teu rendiment i estrat\u00e8gia identificant necessitats i bretxes, aix\u00ed com les oportunitats per millorar la teva situaci\u00f3 en relaci\u00f3 amb la teva compet\u00e8ncia.<\/p>\n<h3>Preu: A partir de 6.000,00 + IVA<\/h3>\n<h2 style=\"color: #ff6c2f;\"><b data-stringify-type=\"bold\">Servei d\u2019Assessorament &#8220;360&#8221; en Transformaci\u00f3 Digital<\/b><\/h2>\n<p>L\u2019objectiu principal d\u2019aquest servei \u00e9s oferir assessorament en la transformaci\u00f3 digital de la teva pime, proporcionant solucions adaptades a les teves necessitats espec\u00edfiques. Es definiran la inversi\u00f3 necess\u00e0ria i les mesures estrat\u00e8giques per aplicar a cada \u00e0rea d\u2019impacte aconseguint una millora d\u2019\u00e0mbit general. A m\u00e9s, s\u2019utilitzaran tecnologies innovadores com la intel\u00b7lig\u00e8ncia artificial per identificar oportunitats de millora i optimitzar el proc\u00e9s de transformaci\u00f3 digital.<\/p>\n<h3>Preu: A partir de 6.000,00 + IVA<\/h3>\n<p><strong><br \/>\nA Mister Ads, adaptem els nostres pressupostos a les necessitats i possibilitats de cada client.<br \/>\nConsulta\u2019ns i, despr\u00e9s d\u2019analitzar el teu cas, farem una valoraci\u00f3 a mida.<\/strong><\/p>\n<h2><\/h2>\n<\/div><\/section>\n<form action=\"https:\/\/misterads.es\/en\/kit-consulting-mister-ads-4\/\" method=\"post\" data-fields-with-error=\"Found errors in the following field(s):\" class=\"avia_ajax_form av-form-labels-visible   avia-builder-el-1  el_after_av_textblock  el_before_av_textblock   \" data-avia-form-id=\"1\" data-avia-redirect='' ><h3 class=''>Contacta amb nosaltres<\/h3><fieldset><p class='  first_form  form_element form_fullwidth' id='element_avia_1_1'><label for=\"avia_1_1\">Nom <abbr class=\"required\" title=\"required\">*<\/abbr><\/label> <input name=\"avia_1_1\" class=\"text_input is_empty\" type=\"text\" id=\"avia_1_1\" value=\"\" \/><\/p><p class='  first_form  form_element form_fullwidth' id='element_avia_2_1'><label for=\"avia_2_1\">Correu electr\u00f2nic <abbr class=\"required\" title=\"required\">*<\/abbr><\/label> <input name=\"avia_2_1\" class=\"text_input is_email\" type=\"text\" id=\"avia_2_1\" value=\"\" \/><\/p><p class='  first_form  form_element form_fullwidth' id='element_avia_3_1'><label for=\"avia_3_1\">Tel\u00e8fon<\/label> <input name=\"avia_3_1\" class=\"text_input \" type=\"text\" id=\"avia_3_1\" value=\"\" \/><\/p><p class='  first_form  form_element form_fullwidth' id='element_avia_4_1'><label for=\"avia_4_1\" class=\"textare_label hidden textare_label_avia_4_1\">Missatge <abbr class=\"required\" title=\"required\">*<\/abbr><\/label><textarea  name=\"avia_4_1\" class=\"text_area is_empty\" cols=\"40\" rows=\"7\" id=\"avia_4_1\" ><\/textarea><\/p><p class=\"hidden\"><input type=\"text\" name=\"avia_5_1\" class=\"hidden \" id=\"avia_5_1\" value=\"\" \/><\/p><p class=' av_form_privacy_check av_contact_privacy_check first_form  form_element form_fullwidth' id='element_avia_6_1'><input  name=\"avia_6_1\" class=\"input_checkbox is_empty\" type=\"checkbox\" id=\"avia_6_1\" value=\"true\"\/><label class=\"input_checkbox_label\" for=\"avia_6_1\">I accept that my data is processed to meet the request for information. <abbr class=\"required\" title=\"required\">*<\/abbr><\/label><\/p><p class=\"form_element \"><input type=\"hidden\" value=\"1\" name=\"avia_generated_form1\" \/><input type=\"submit\" value=\"Enviar\" class=\"button\"  data-sending-label=\"Sending\"\/><\/p><\/fieldset><\/form><div id=\"ajaxresponse_1\" class=\"ajaxresponse ajaxresponse_1 hidden\"><\/div>\n<section  class='av_textblock_section av-kz6u12rl-dfe8751adf6257c46462ba36639f78f5 '   itemscope=\"itemscope\" itemtype=\"https:\/\/schema.org\/CreativeWork\" ><div class='avia_textblock'  itemprop=\"text\" ><p>Tota aquesta informaci\u00f3 est\u00e0 associada a la convocat\u00f2ria d\u2019ajudes del Programa Kit Digital, a trav\u00e9s del Ministeri d\u2019Afers Econ\u00f2mics i Transformaci\u00f3 Digital per impulsar la digitalitzaci\u00f3. Amb menci\u00f3 expressa als fons europeus \u201cNext Generation EU\u201d dins del Pla de Recuperaci\u00f3 Transformaci\u00f3 i Resili\u00e8ncia.<\/p>\n<p><img loading=\"lazy\" decoding=\"async\" class=\"alignnone size-medium wp-image-6709\" src=\"https:\/\/misterads.es\/wp-content\/uploads\/2022\/01\/Screenshot-2022-01-21-at-10.34.11-300x92.png\" alt=\"\" width=\"300\" height=\"92\" srcset=\"https:\/\/misterads.es\/wp-content\/uploads\/2022\/01\/Screenshot-2022-01-21-at-10.34.11-300x92.png 300w, https:\/\/misterads.es\/wp-content\/uploads\/2022\/01\/Screenshot-2022-01-21-at-10.34.11-1030x316.png 1030w, https:\/\/misterads.es\/wp-content\/uploads\/2022\/01\/Screenshot-2022-01-21-at-10.34.11-768x236.png 768w, https:\/\/misterads.es\/wp-content\/uploads\/2022\/01\/Screenshot-2022-01-21-at-10.34.11-1536x472.png 1536w, https:\/\/misterads.es\/wp-content\/uploads\/2022\/01\/Screenshot-2022-01-21-at-10.34.11-2048x629.png 2048w, https:\/\/misterads.es\/wp-content\/uploads\/2022\/01\/Screenshot-2022-01-21-at-10.34.11-1500x461.png 1500w, https:\/\/misterads.es\/wp-content\/uploads\/2022\/01\/Screenshot-2022-01-21-at-10.34.11-705x216.png 705w\" sizes=\"auto, (max-width: 300px) 100vw, 300px\" \/><\/p>\n<\/div><\/section>\n","protected":false},"excerpt":{"rendered":"","protected":false},"author":2,"featured_media":0,"parent":0,"menu_order":0,"comment_status":"closed","ping_status":"closed","template":"","meta":{"footnotes":""},"class_list":["post-14628","page","type-page","status-publish","hentry"],"yoast_head":"<!-- This site is optimized with the Yoast SEO plugin v27.4 - https:\/\/yoast.com\/product\/yoast-seo-wordpress\/ -->\n<title>Kit Consulting Mister Ads<\/title>\n<meta name=\"description\" content=\"Desde Mister Ads te ayudamos a transformar digitalmente tu negocio, no lo dudes y cont\u00e1ctanos para ver la mejor estrategia para tu empresa.\" \/>\n<meta name=\"robots\" content=\"index, nofollow, max-snippet:-1, max-image-preview:large, max-video-preview:-1\" \/>\n<link rel=\"canonical\" href=\"https:\/\/misterads.es\/en\/kit-consulting-mister-ads-4\/\" \/>\n<meta property=\"og:locale\" content=\"en_US\" \/>\n<meta property=\"og:type\" content=\"article\" \/>\n<meta property=\"og:title\" content=\"Kit Consulting Mister Ads\" \/>\n<meta property=\"og:description\" content=\"Desde Mister Ads te ayudamos a transformar digitalmente tu negocio, no lo dudes y cont\u00e1ctanos para ver la mejor estrategia para tu empresa.\" \/>\n<meta property=\"og:url\" content=\"https:\/\/misterads.es\/en\/kit-consulting-mister-ads-4\/\" \/>\n<meta property=\"og:site_name\" content=\"Mister Ads\" \/>\n<meta property=\"og:image\" content=\"https:\/\/misterads.es\/wp-content\/uploads\/2024\/06\/Captura-de-Pantalla-2024-06-28-a-las-11.11.35.png\" \/>\n\t<meta property=\"og:image:width\" content=\"1320\" \/>\n\t<meta property=\"og:image:height\" content=\"403\" \/>\n\t<meta property=\"og:image:type\" content=\"image\/png\" \/>\n<meta name=\"twitter:card\" content=\"summary_large_image\" \/>\n<meta name=\"twitter:label1\" content=\"Est. reading time\" \/>\n\t<meta name=\"twitter:data1\" content=\"4 minutes\" \/>\n<script type=\"application\/ld+json\" class=\"yoast-schema-graph\">{\"@context\":\"https:\\\/\\\/schema.org\",\"@graph\":[{\"@type\":\"WebPage\",\"@id\":\"https:\\\/\\\/misterads.es\\\/en\\\/kit-consulting-mister-ads-4\\\/\",\"url\":\"https:\\\/\\\/misterads.es\\\/en\\\/kit-consulting-mister-ads-4\\\/\",\"name\":\"Kit Consulting Mister Ads\",\"isPartOf\":{\"@id\":\"https:\\\/\\\/misterads.es\\\/en\\\/#website\"},\"primaryImageOfPage\":{\"@id\":\"https:\\\/\\\/misterads.es\\\/en\\\/kit-consulting-mister-ads-4\\\/#primaryimage\"},\"image\":{\"@id\":\"https:\\\/\\\/misterads.es\\\/en\\\/kit-consulting-mister-ads-4\\\/#primaryimage\"},\"thumbnailUrl\":\"https:\\\/\\\/misterads.es\\\/wp-content\\\/uploads\\\/2024\\\/06\\\/Captura-de-Pantalla-2024-06-28-a-las-11.11.35-1030x314.png\",\"datePublished\":\"2026-02-09T16:27:49+00:00\",\"description\":\"Desde Mister Ads te ayudamos a transformar digitalmente tu negocio, no lo dudes y cont\u00e1ctanos para ver la mejor estrategia para tu empresa.\",\"breadcrumb\":{\"@id\":\"https:\\\/\\\/misterads.es\\\/en\\\/kit-consulting-mister-ads-4\\\/#breadcrumb\"},\"inLanguage\":\"en-US\",\"potentialAction\":[{\"@type\":\"ReadAction\",\"target\":[\"https:\\\/\\\/misterads.es\\\/en\\\/kit-consulting-mister-ads-4\\\/\"]}]},{\"@type\":\"ImageObject\",\"inLanguage\":\"en-US\",\"@id\":\"https:\\\/\\\/misterads.es\\\/en\\\/kit-consulting-mister-ads-4\\\/#primaryimage\",\"url\":\"https:\\\/\\\/misterads.es\\\/wp-content\\\/uploads\\\/2024\\\/06\\\/Captura-de-Pantalla-2024-06-28-a-las-11.11.35-1030x314.png\",\"contentUrl\":\"https:\\\/\\\/misterads.es\\\/wp-content\\\/uploads\\\/2024\\\/06\\\/Captura-de-Pantalla-2024-06-28-a-las-11.11.35-1030x314.png\"},{\"@type\":\"BreadcrumbList\",\"@id\":\"https:\\\/\\\/misterads.es\\\/en\\\/kit-consulting-mister-ads-4\\\/#breadcrumb\",\"itemListElement\":[{\"@type\":\"ListItem\",\"position\":1,\"name\":\"Portada\",\"item\":\"https:\\\/\\\/misterads.es\\\/en\\\/home\\\/\"},{\"@type\":\"ListItem\",\"position\":2,\"name\":\"Kit Consulting Mister Ads\"}]},{\"@type\":\"WebSite\",\"@id\":\"https:\\\/\\\/misterads.es\\\/en\\\/#website\",\"url\":\"https:\\\/\\\/misterads.es\\\/en\\\/\",\"name\":\"Mister Ads\",\"description\":\"Agencia de Performance Marketing\",\"potentialAction\":[{\"@type\":\"SearchAction\",\"target\":{\"@type\":\"EntryPoint\",\"urlTemplate\":\"https:\\\/\\\/misterads.es\\\/en\\\/?s={search_term_string}\"},\"query-input\":{\"@type\":\"PropertyValueSpecification\",\"valueRequired\":true,\"valueName\":\"search_term_string\"}}],\"inLanguage\":\"en-US\"}]}<\/script>\n<!-- \/ Yoast SEO plugin. -->","yoast_head_json":{"title":"Kit Consulting Mister Ads","description":"Desde Mister Ads te ayudamos a transformar digitalmente tu negocio, no lo dudes y cont\u00e1ctanos para ver la mejor estrategia para tu empresa.","robots":{"index":"index","follow":"nofollow","max-snippet":"max-snippet:-1","max-image-preview":"max-image-preview:large","max-video-preview":"max-video-preview:-1"},"canonical":"https:\/\/misterads.es\/en\/kit-consulting-mister-ads-4\/","og_locale":"en_US","og_type":"article","og_title":"Kit Consulting Mister Ads","og_description":"Desde Mister Ads te ayudamos a transformar digitalmente tu negocio, no lo dudes y cont\u00e1ctanos para ver la mejor estrategia para tu empresa.","og_url":"https:\/\/misterads.es\/en\/kit-consulting-mister-ads-4\/","og_site_name":"Mister Ads","og_image":[{"width":1320,"height":403,"url":"https:\/\/misterads.es\/wp-content\/uploads\/2024\/06\/Captura-de-Pantalla-2024-06-28-a-las-11.11.35.png","type":"image\/png"}],"twitter_card":"summary_large_image","twitter_misc":{"Est. reading time":"4 minutes"},"schema":{"@context":"https:\/\/schema.org","@graph":[{"@type":"WebPage","@id":"https:\/\/misterads.es\/en\/kit-consulting-mister-ads-4\/","url":"https:\/\/misterads.es\/en\/kit-consulting-mister-ads-4\/","name":"Kit Consulting Mister Ads","isPartOf":{"@id":"https:\/\/misterads.es\/en\/#website"},"primaryImageOfPage":{"@id":"https:\/\/misterads.es\/en\/kit-consulting-mister-ads-4\/#primaryimage"},"image":{"@id":"https:\/\/misterads.es\/en\/kit-consulting-mister-ads-4\/#primaryimage"},"thumbnailUrl":"https:\/\/misterads.es\/wp-content\/uploads\/2024\/06\/Captura-de-Pantalla-2024-06-28-a-las-11.11.35-1030x314.png","datePublished":"2026-02-09T16:27:49+00:00","description":"Desde Mister Ads te ayudamos a transformar digitalmente tu negocio, no lo dudes y cont\u00e1ctanos para ver la mejor estrategia para tu empresa.","breadcrumb":{"@id":"https:\/\/misterads.es\/en\/kit-consulting-mister-ads-4\/#breadcrumb"},"inLanguage":"en-US","potentialAction":[{"@type":"ReadAction","target":["https:\/\/misterads.es\/en\/kit-consulting-mister-ads-4\/"]}]},{"@type":"ImageObject","inLanguage":"en-US","@id":"https:\/\/misterads.es\/en\/kit-consulting-mister-ads-4\/#primaryimage","url":"https:\/\/misterads.es\/wp-content\/uploads\/2024\/06\/Captura-de-Pantalla-2024-06-28-a-las-11.11.35-1030x314.png","contentUrl":"https:\/\/misterads.es\/wp-content\/uploads\/2024\/06\/Captura-de-Pantalla-2024-06-28-a-las-11.11.35-1030x314.png"},{"@type":"BreadcrumbList","@id":"https:\/\/misterads.es\/en\/kit-consulting-mister-ads-4\/#breadcrumb","itemListElement":[{"@type":"ListItem","position":1,"name":"Portada","item":"https:\/\/misterads.es\/en\/home\/"},{"@type":"ListItem","position":2,"name":"Kit Consulting Mister Ads"}]},{"@type":"WebSite","@id":"https:\/\/misterads.es\/en\/#website","url":"https:\/\/misterads.es\/en\/","name":"Mister Ads","description":"Agencia de Performance Marketing","potentialAction":[{"@type":"SearchAction","target":{"@type":"EntryPoint","urlTemplate":"https:\/\/misterads.es\/en\/?s={search_term_string}"},"query-input":{"@type":"PropertyValueSpecification","valueRequired":true,"valueName":"search_term_string"}}],"inLanguage":"en-US"}]}},"_links":{"self":[{"href":"https:\/\/misterads.es\/en\/wp-json\/wp\/v2\/pages\/14628","targetHints":{"allow":["GET"]}}],"collection":[{"href":"https:\/\/misterads.es\/en\/wp-json\/wp\/v2\/pages"}],"about":[{"href":"https:\/\/misterads.es\/en\/wp-json\/wp\/v2\/types\/page"}],"author":[{"embeddable":true,"href":"https:\/\/misterads.es\/en\/wp-json\/wp\/v2\/users\/2"}],"replies":[{"embeddable":true,"href":"https:\/\/misterads.es\/en\/wp-json\/wp\/v2\/comments?post=14628"}],"version-history":[{"count":0,"href":"https:\/\/misterads.es\/en\/wp-json\/wp\/v2\/pages\/14628\/revisions"}],"wp:attachment":[{"href":"https:\/\/misterads.es\/en\/wp-json\/wp\/v2\/media?parent=14628"}],"curies":[{"name":"wp","href":"https:\/\/api.w.org\/{rel}","templated":true}]}}