{"id":11508,"date":"2023-05-16T10:31:42","date_gmt":"2023-05-16T09:31:42","guid":{"rendered":"https:\/\/misterads.es\/aviso-legal\/"},"modified":"2023-05-16T10:41:34","modified_gmt":"2023-05-16T09:41:34","slug":"aviso-legal","status":"publish","type":"page","link":"https:\/\/misterads.es\/pt-pt\/aviso-legal\/","title":{"rendered":"Aviso Legal"},"content":{"rendered":"<div  class='flex_column av-14jzef3-13b1a02db1f7adb62d91a64decd82fb2 av_one_full  avia-builder-el-0  el_before_av_one_full  avia-builder-el-first  first flex_column_div  '     ><style type=\"text\/css\" data-created_by=\"avia_inline_auto\" id=\"style-css-av-lhomeoj4-87653e9c2f9c73c1680dcc5c4ffcb8c9\">\n#top .av-special-heading.av-lhomeoj4-87653e9c2f9c73c1680dcc5c4ffcb8c9{\npadding-bottom:10px;\n}\nbody .av-special-heading.av-lhomeoj4-87653e9c2f9c73c1680dcc5c4ffcb8c9 .av-special-heading-tag .heading-char{\nfont-size:25px;\n}\n#top #wrap_all .av-special-heading.av-lhomeoj4-87653e9c2f9c73c1680dcc5c4ffcb8c9 .av-special-heading-tag{\npadding:0 0 20px 0;\n}\n.av-special-heading.av-lhomeoj4-87653e9c2f9c73c1680dcc5c4ffcb8c9 .av-subheading{\nfont-size:15px;\n}\n<\/style>\n<div  class='av-special-heading av-lhomeoj4-87653e9c2f9c73c1680dcc5c4ffcb8c9 av-special-heading-h1 blockquote modern-quote modern-centered  avia-builder-el-1  avia-builder-el-no-sibling '><h1 class='av-special-heading-tag '  itemprop=\"headline\"  >Aviso Legal<\/h1><div class=\"special-heading-border\"><div class=\"special-heading-inner-border\"><\/div><\/div><\/div><\/div>\n<div  class='flex_column av-k3omlb-346f5b9dfc65a30e09ed0d6432eca1a9 av_one_full  avia-builder-el-2  el_after_av_one_full  avia-builder-el-last  first flex_column_div  column-top-margin'     ><section  class='av_textblock_section av-lhomdq5y-3c02e4b522746ad658fa53828651032d '   itemscope=\"itemscope\" itemtype=\"https:\/\/schema.org\/CreativeWork\" ><div class='avia_textblock'  itemprop=\"text\" ><p><span style=\"font-weight: 400;\">Para cumprir o artigo 10 da Lei 34\/2002 sobre Servi\u00e7os da Sociedade da Informa\u00e7\u00e3o e Com\u00e9rcio Eletr\u00f4nico, informamos aos usu\u00e1rios sobre nossos dados:<\/span><\/p>\n<p><span style=\"font-weight: 400;\">Nome da Empresa: <\/span><b>CAES MARKETING, S.L.<\/b><\/p>\n<p><span style=\"font-weight: 400;\">Sede: <\/span><b>Avda. Ernerst Lluch, 32 TCM2 P3L4, 08302, Matar\u00f3, Barcelona<\/b><\/p>\n<p><span style=\"font-weight: 400;\">NIF: <\/span><b>B01718949<\/b><\/p>\n<p><span style=\"font-weight: 400;\">Telefone: <\/span><b>639 759 462<\/b><\/p>\n<p><span style=\"font-weight: 400;\">E-Mail: <\/span><b>administracion@misterads.es<\/b><\/p>\n<p><span style=\"font-weight: 400;\">Site: <\/span><b>www.misterads.es<\/b><\/p>\n<p><span style=\"font-weight: 400;\">Dados Cadastrais: <\/span><b>empresa inscrita no Registro Mercantil de Barcelona no Tomo 47452, Folha 219, Folha 552280, 1\u00aa Inscri\u00e7\u00e3o.<\/b><\/p>\n<ol>\n<li><b> OBJETO<\/b><\/li>\n<\/ol>\n<p><b>CAES MARKETING, S.L.<\/b><span style=\"font-weight: 400;\"> (A partir de agora tamb\u00e9m o provedor) como respons\u00e1vel pelo site, coloca \u00e0 disposi\u00e7\u00e3o dos usu\u00e1rios este documento, que regula o uso do site <\/span><b>www.misterads.es<\/b><span style=\"font-weight: 400;\">, com o qual pretendemos cumprir as obriga\u00e7\u00f5es estabelecidas na Lei 34 \/2002 , dos Servi\u00e7os da Sociedade da Informa\u00e7\u00e3o e Com\u00e9rcio Eletr\u00f4nico (LSSICE ou LSSI), bem como informar todos os usu\u00e1rios do site sobre as condi\u00e7\u00f5es de uso do site.<\/span><\/p>\n<p><span style=\"font-weight: 400;\">Atrav\u00e9s da web, <\/span><b>CAES MARKETING, S.L.<\/b><span style=\"font-weight: 400;\"> fornece aos usu\u00e1rios acesso e uso de diferentes servi\u00e7os e conte\u00fados disponibilizados atrav\u00e9s da web.<\/span><\/p>\n<p><span style=\"font-weight: 400;\">Qualquer pessoa que aceda a este website assume o papel de utilizador (doravante o utilizador), e implica a aceita\u00e7\u00e3o plena e sem reservas de todas e cada uma das disposi\u00e7\u00f5es inclu\u00eddas no presente Aviso Legal, bem como de quaisquer outras disposi\u00e7\u00f5es legais que possam ser aplic\u00e1veis.<\/span><\/p>\n<p><span style=\"font-weight: 400;\">Como usu\u00e1rios, devem ler atentamente este Aviso Legal sempre que entrarem na web, pois pode ser modificado, pois o provedor se reserva o direito de modificar qualquer tipo de informa\u00e7\u00e3o que possa aparecer na web, sem que haja a obriga\u00e7\u00e3o de notificar ou informar os usu\u00e1rios de tais obriga\u00e7\u00f5es, sendo suficiente a publica\u00e7\u00e3o no site do provedor.<\/span><\/p>\n<ol start=\"2\">\n<li><b> CONDI\u00c7\u00d5ES DE ACESSO E USO DA WEB<\/b><\/li>\n<\/ol>\n<p><b>2.1. Car\u00e1cter gratuito de acesso e utiliza\u00e7\u00e3o da web.<\/b><\/p>\n<p><span style=\"font-weight: 400;\">A utiliza\u00e7\u00e3o da <\/span><b>CAES MARKETING, S.L.<\/b><span style=\"font-weight: 400;\"> \u00c9 gratuito para todos os usu\u00e1rios.<\/span><\/p>\n<p><b>2.2. Cadastro de usu\u00e1rio.<\/b><\/p>\n<p><span style=\"font-weight: 400;\">Em geral, a presta\u00e7\u00e3o dos Servi\u00e7os n\u00e3o requer inscri\u00e7\u00e3o ou registo pr\u00e9vio dos Utilizadores.<\/span><\/p>\n<p><b>2.3. Veracidade das informa\u00e7\u00f5es.<\/b><\/p>\n<p><span style=\"font-weight: 400;\">Todas as informa\u00e7\u00f5es fornecidas pelo Usu\u00e1rio devem ser verdadeiras. Nestes efeitos, o Utilizador garante a autenticidade dos dados comunicados atrav\u00e9s dos formul\u00e1rios de subscri\u00e7\u00e3o dos Servi\u00e7os. Ser\u00e1 da responsabilidade do Utilizador a conserva\u00e7\u00e3o de toda a informa\u00e7\u00e3o fornecida \u00e0 <\/span><b>CAES MARKETING, S.L.<\/b><span style=\"font-weight: 400;\"> permanentemente atualizado para que responda, em cada momento, \u00e0 sua situa\u00e7\u00e3o real. Em qualquer caso, o Utilizador ser\u00e1 o \u00fanico respons\u00e1vel pelas declara\u00e7\u00f5es falsas ou inexatas que preste e pelos preju\u00edzos causados \u200b\u200bao prestador ou a terceiros.<\/span><\/p>\n<p><b>2.4. Menores<\/b><\/p>\n<p><span style=\"font-weight: 400;\">Para a utiliza\u00e7\u00e3o dos servi\u00e7os, os menores devem sempre obter previamente o consentimento dos pais, tutores ou representantes legais, sendo estes os respons\u00e1veis \u200b\u200b\u00faltimos por todos os atos praticados pelos menores a seu cargo. A eles cabe a responsabilidade de determinar os conte\u00fados concretos a que os menores acedem, pelo que se acederem a conte\u00fados n\u00e3o apropriados para a Internet, devem ser estabelecidos nos seus computadores mecanismos, nomeadamente programas inform\u00e1ticos, filtros e bloqueios, que permitam limitar os conte\u00fados dispon\u00edveis e, embora n\u00e3o sejam infal\u00edveis, s\u00e3o especialmente \u00fateis para controlar e restringir os materiais a que os menores podem aceder.<\/span><\/p>\n<p><b>2.5. Obriga\u00e7\u00e3o de fazer uso correto da web.<\/b><\/p>\n<p><span style=\"font-weight: 400;\">O Utilizador compromete-se a utilizar o website em conformidade com a Lei e este Aviso Legal, bem como com a moral e os bons costumes. Com efeito, o Utilizador abster-se-\u00e1 de utilizar a p\u00e1gina para fins il\u00edcitos ou proibidos, lesivos dos direitos e interesses de terceiros, ou que de qualquer forma possam danificar, inutilizar, sobrecarregar, deteriorar ou impedir a normal utiliza\u00e7\u00e3o de equipamentos ou documentos inform\u00e1ticos, arquivos e todo tipo de conte\u00fado armazenado em qualquer equipamento de inform\u00e1tica do provedor.<\/span><\/p>\n<p><span style=\"font-weight: 400;\">Em particular, e a t\u00edtulo indicativo, mas n\u00e3o exaustivo, o Utilizador compromete-se a n\u00e3o transmitir, divulgar ou colocar \u00e0 disposi\u00e7\u00e3o de terceiros informa\u00e7\u00f5es, dados, conte\u00fados, mensagens, gr\u00e1ficos, desenhos, ficheiros de som ou imagem, fotografias, grava\u00e7\u00f5es, software e Em geral, qualquer tipo de material que:<\/span><\/p>\n<p><span style=\"font-weight: 400;\">(A) seja contr\u00e1rio, menospreze ou viole os direitos fundamentais e as liberdades p\u00fablicas reconhecidas constitucionalmente, em tratados internacionais e demais normas vigentes;<\/span><\/p>\n<p><span style=\"font-weight: 400;\">(B) induzam, incitem ou promovam atos criminosos, denegridores, difamat\u00f3rios, violentos ou, em geral, contr\u00e1rios \u00e0 lei, aos bons costumes e \u00e0 ordem p\u00fablica;<\/span><\/p>\n<p><span style=\"font-weight: 400;\">(C) induzir, incitar ou promover a\u00e7\u00f5es, atitudes ou pensamentos discriminat\u00f3rios com base em sexo, ra\u00e7a, religi\u00e3o, cren\u00e7a, idade ou condi\u00e7\u00e3o;<\/span><\/p>\n<p><span style=\"font-weight: 400;\">(D) atente contra o direito \u00e0 honra, \u00e0 privacidade pessoal ou familiar ou \u00e0 imagem das pessoas;<\/span><\/p>\n<p><span style=\"font-weight: 400;\">(E) de qualquer forma prejudique a credibilidade do provedor ou de terceiros; e<\/span><\/p>\n<p><span style=\"font-weight: 400;\">(F) constitui publicidade ilegal, enganosa ou desleal.<\/span><\/p>\n<ol start=\"3\">\n<li><b> EXCLUS\u00c3O DE GARANTIAS E RESPONSABILIDADE<\/b><\/li>\n<\/ol>\n<p><span style=\"font-weight: 400;\">O provedor est\u00e1 isento de qualquer tipo de responsabilidade derivada das informa\u00e7\u00f5es publicadas em nosso site, desde que essas informa\u00e7\u00f5es tenham sido manipuladas ou introduzidas por terceiros.<\/span><\/p>\n<p><span style=\"font-weight: 400;\">Este site foi revisado e testado para que funcione corretamente. Em princ\u00edpio, o funcionamento correto pode ser garantido 365 dias por ano, 24 horas por dia. No entanto, o provedor n\u00e3o exclui a possibilidade de certos erros de programa\u00e7\u00e3o, ou a ocorr\u00eancia de for\u00e7a maior, desastres naturais, greves ou circunst\u00e2ncias semelhantes que impossibilitem o acesso ao site.<\/span><\/p>\n<p><b>CAES MARKETING, S.L.<\/b><span style=\"font-weight: 400;\"> n\u00e3o concede qualquer garantia nem se responsabiliza, em caso algum, pelos danos e preju\u00edzos de qualquer natureza que possam decorrer da falta de disponibilidade, manuten\u00e7\u00e3o e funcionamento eficaz do website ou dos seus servi\u00e7os e conte\u00fados; a exist\u00eancia de v\u00edrus, programas maliciosos ou nocivos nos conte\u00fados; do uso ilegal, negligente, fraudulento ou contr\u00e1rio deste Aviso Legal e condi\u00e7\u00f5es de uso; ou a falta de legalidade, qualidade, confiabilidade, utilidade e disponibilidade dos servi\u00e7os prestados por terceiros e disponibilizados aos usu\u00e1rios no site.<\/span><\/p>\n<p><span style=\"font-weight: 400;\">O provedor n\u00e3o \u00e9 respons\u00e1vel em nenhuma circunst\u00e2ncia por danos que possam surgir do uso ilegal ou impr\u00f3prio deste site.<\/span><\/p>\n<ol start=\"4\">\n<li><b> COOKIES<\/b><\/li>\n<\/ol>\n<p><span style=\"font-weight: 400;\">O site do provedor pode utilizar cookies (pequenos arquivos de informa\u00e7\u00e3o que o servidor envia ao computador de quem acessa a p\u00e1gina) para realizar determinadas fun\u00e7\u00f5es consideradas essenciais para o bom funcionamento e exibi\u00e7\u00e3o do site. Os cookies utilizados s\u00e3o, em qualquer caso, tempor\u00e1rios, com a \u00fanica finalidade de tornar a navega\u00e7\u00e3o mais eficiente, e desaparecem no final da sess\u00e3o do utilizador. Em nenhum caso os cookies ser\u00e3o usados \u200b\u200bpara coletar informa\u00e7\u00f5es pessoais. Para mais informa\u00e7\u00f5es, consulte a nossa <\/span><a href=\"https:\/\/misterads.es\/pt-pt\/politica-de-cookies\/\"><span style=\"font-weight: 400;\">Pol\u00edtica de Cookies.<\/span><\/a><\/p>\n<ol start=\"5\">\n<li><b> LINKS<\/b><\/li>\n<\/ol>\n<p><span style=\"font-weight: 400;\">A partir do site \u00e9 poss\u00edvel ser redirecionado para conte\u00fados patrocinados, an\u00fancios e\/ou links afiliados e\/ou sites de terceiros.<\/span><\/p>\n<p><span style=\"font-weight: 400;\">Entre os links disponibilizados, existe a possibilidade de informar ou fazer refer\u00eancia a produtos e\/ou servi\u00e7os de terceiros. Dado que desde a web n\u00e3o podemos controlar os conte\u00fados introduzidos por terceiros, <\/span><b>CAES MARKETING, S.L.<\/b><span style=\"font-weight: 400;\"> n\u00e3o assume nenhum tipo de responsabilidade em rela\u00e7\u00e3o a tais conte\u00fados, nem garante a experi\u00eancia, integridade ou qualidade de seus produtos. Em todo o caso, o fornecedor declara que proceder\u00e1 \u00e0 retirada imediata de qualquer conte\u00fado que possa infringir a legisla\u00e7\u00e3o nacional ou internacional, a moral ou a ordem p\u00fablica, procedendo \u00e0 retirada imediata do redireccionamento para estes sites, informando \u00e0s autoridades competentes o conte\u00fado em pergunta <\/span><b>CAES MARKETING, S.L.<\/b><span style=\"font-weight: 400;\"> ter\u00e1 esses links publicados at\u00e9 que sejam removidos ou suspensos pelo provedor ou anunciante, e n\u00e3o ser\u00e1 respons\u00e1vel mesmo que esses an\u00fancios possam ser indexados por outros buscadores fora deste site.<\/span><\/p>\n<p><span style=\"font-weight: 400;\">O provedor n\u00e3o \u00e9 respons\u00e1vel pelas informa\u00e7\u00f5es e conte\u00fados armazenados, a t\u00edtulo exemplificativo, mas n\u00e3o limitativo, em f\u00f3runs, chats, geradores de blogs, coment\u00e1rios, redes sociais ou qualquer outro meio que permita a terceiros publicar conte\u00fado de forma independente no site do provedor . N\u00e3o obstante, e em cumprimento do disposto no art. 11 e 16 da LSSICE, o provedor coloca-se \u00e0 disposi\u00e7\u00e3o de todos os usu\u00e1rios, autoridades e for\u00e7as de seguran\u00e7a, e colabora ativamente na retirada ou, quando necess\u00e1rio, no bloqueio de todo conte\u00fado que possa afetar ou infringir a legisla\u00e7\u00e3o nacional ou internacional, direitos de terceiros ou a moral e a ordem p\u00fablica. Caso o usu\u00e1rio considere que pode haver algum conte\u00fado que possa ser suscet\u00edvel a esta classifica\u00e7\u00e3o, por favor, notifique o administrador do site imediatamente.<\/span><\/p>\n<p><span style=\"font-weight: 400;\">No entanto, a <\/span><b>CAES MARKETING, S.L.<\/b><span style=\"font-weight: 400;\"> informa que qualquer rela\u00e7\u00e3o contratual ou extracontratual que o utilizador formalize com estes terceiros, afiliados ou anunciantes atrav\u00e9s do link disponibilizado por este website, ser\u00e1 v\u00e1lida \u00fanica e exclusivamente entre o utilizador e o anunciante e\/ou terceiro e a <\/span><b>CAES MARKETING, S.L.<\/b><span style=\"font-weight: 400;\"> n\u00e3o ter\u00e1 qualquer tipo de responsabilidade pelos danos ou preju\u00edzos que possam ser causados \u200b\u200bpela presta\u00e7\u00e3o de servi\u00e7os e\/ou rela\u00e7\u00f5es contratuais ou extracontratuais estabelecidas entre o utilizador e os anunciantes ou terceiros contactados atrav\u00e9s deste portal uma vez que o prestador apenas atua como um intermedi\u00e1rio ou meio publicit\u00e1rio.<\/span><\/p>\n<ol start=\"6\">\n<li><b> PROTE\u00c7\u00c3O DE DADOS PESSOAIS<\/b><\/li>\n<\/ol>\n<p><span style=\"font-weight: 400;\">O provedor est\u00e1 profundamente comprometido com o cumprimento dos regulamentos de prote\u00e7\u00e3o de dados pessoais e garante o cumprimento integral das obriga\u00e7\u00f5es fornecidas, bem como a implementa\u00e7\u00e3o das medidas de seguran\u00e7a previstas no Regulamento Europeu de Prote\u00e7\u00e3o de Dados e nos regulamentos espanh\u00f3is de prote\u00e7\u00e3o de dados. Para mais informa\u00e7\u00e3o, veja nossa <\/span><a href=\"https:\/\/misterads.es\/pt-pt\/politica-de-privacidad\/\"><span style=\"font-weight: 400;\">Pol\u00edtica de Privacidade<\/span><span style=\"font-weight: 400;\">.<\/span><\/a><\/p>\n<ol start=\"7\">\n<li><b> PROPRIEDADE INTELECTUAL E INDUSTRIAL<\/b><\/li>\n<\/ol>\n<p><span style=\"font-weight: 400;\">O site, incluindo mas n\u00e3o limitado a: a programa\u00e7\u00e3o, edi\u00e7\u00e3o, compila\u00e7\u00e3o e outros elementos necess\u00e1rios para o seu funcionamento, os desenhos, logotipos, textos, fotografias e\/ou gr\u00e1ficos s\u00e3o propriedade do fornecedor ou, se necess\u00e1rio, tem o licen\u00e7a ou autoriza\u00e7\u00e3o expressa dos autores. Todos os conte\u00fados do site est\u00e3o devidamente protegidos pelas normas de propriedade intelectual e industrial.<\/span><\/p>\n<p><span style=\"font-weight: 400;\">Independentemente da finalidade a que se destinam, a reprodu\u00e7\u00e3o total ou parcial, a utiliza\u00e7\u00e3o, a distribui\u00e7\u00e3o e a comunica\u00e7\u00e3o p\u00fablica carecem de autoriza\u00e7\u00e3o pr\u00e9via por escrito do fornecedor. Qualquer uso n\u00e3o previamente autorizado pelo provedor ser\u00e1 considerado uma viola\u00e7\u00e3o grave dos direitos de propriedade intelectual ou industrial do autor.<\/span><\/p>\n<p><span style=\"font-weight: 400;\">Os designs, logotipos, textos e\/ou gr\u00e1ficos externos ao provedor e que possam aparecer no site, pertencem aos seus respectivos propriet\u00e1rios, sendo eles mesmos respons\u00e1veis \u200b\u200bpor qualquer poss\u00edvel controv\u00e9rsia que possa surgir a respeito deles. Em qualquer caso, o prestador conta com a expressa e pr\u00e9via autoriza\u00e7\u00e3o dos mesmos.<\/span><\/p>\n<p><span style=\"font-weight: 400;\">El prestador reconoce a favor de sus titulares los correspondientes derechos de propiedad industrial e intelectual, no implicando la menci\u00f3n o aparici\u00f3n en el sitio web, de la existencia de derechos o responsabilidad del prestador sobre los mismos, como tampoco respaldo, patrocinio o recomendaci\u00f3n por parte do mesmo.<\/span><\/p>\n<p><span style=\"font-weight: 400;\">Para fazer qualquer tipo de observa\u00e7\u00e3o relativamente a poss\u00edveis viola\u00e7\u00f5es de direitos de propriedade intelectual ou industrial, bem como de qualquer conte\u00fado do site, poder\u00e1 faz\u00ea-lo atrav\u00e9s do endere\u00e7o de correio eletr\u00f3nico acima referido.<\/span><\/p>\n<ol start=\"8\">\n<li><b> LEI APLIC\u00c1VEL E JURISDI\u00c7\u00c3O<\/b><\/li>\n<\/ol>\n<p><span style=\"font-weight: 400;\">Para a resolu\u00e7\u00e3o de controv\u00e9rsias ou quest\u00f5es relacionadas a este site ou \u00e0s atividades realizadas nele, ser\u00e1 aplicada a legisla\u00e7\u00e3o espanhola, \u00e0 qual as partes se submetem expressamente, sendo competente para resolver todos os conflitos derivados ou relacionados.\u00a0<\/span><\/p>\n<p><span style=\"font-weight: 400;\">Avisos legais elaborados e validados por PymeLegal, S.L. \u2013 <\/span><a href=\"http:\/\/www.pymelegal.es\"><span style=\"font-weight: 400;\">www.pymelegal.es<\/span><\/a><\/p>\n<\/div><\/section><\/div>\n","protected":false},"excerpt":{"rendered":"","protected":false},"author":4,"featured_media":0,"parent":0,"menu_order":0,"comment_status":"closed","ping_status":"closed","template":"","meta":{"footnotes":""},"class_list":["post-11508","page","type-page","status-publish","hentry"],"yoast_head":"<!-- This site is optimized with the Yoast SEO plugin v27.4 - https:\/\/yoast.com\/product\/yoast-seo-wordpress\/ -->\n<title>Aviso Legal - Mister Ads<\/title>\n<meta name=\"robots\" content=\"noindex, nofollow\" \/>\n<meta property=\"og:locale\" content=\"pt_PT\" \/>\n<meta property=\"og:type\" content=\"article\" \/>\n<meta property=\"og:title\" content=\"Aviso Legal - Mister Ads\" \/>\n<meta property=\"og:url\" content=\"https:\/\/misterads.es\/pt-pt\/aviso-legal\/\" \/>\n<meta property=\"og:site_name\" content=\"Mister Ads\" \/>\n<meta property=\"article:modified_time\" content=\"2023-05-16T09:41:34+00:00\" \/>\n<meta name=\"twitter:card\" content=\"summary_large_image\" \/>\n<meta name=\"twitter:label1\" content=\"Tempo estimado de leitura\" \/>\n\t<meta name=\"twitter:data1\" content=\"9 minutos\" \/>\n<script type=\"application\/ld+json\" class=\"yoast-schema-graph\">{\"@context\":\"https:\\\/\\\/schema.org\",\"@graph\":[{\"@type\":\"WebPage\",\"@id\":\"https:\\\/\\\/misterads.es\\\/pt-pt\\\/aviso-legal\\\/\",\"url\":\"https:\\\/\\\/misterads.es\\\/pt-pt\\\/aviso-legal\\\/\",\"name\":\"Aviso Legal - Mister Ads\",\"isPartOf\":{\"@id\":\"https:\\\/\\\/misterads.es\\\/pt-pt\\\/#website\"},\"datePublished\":\"2023-05-16T09:31:42+00:00\",\"dateModified\":\"2023-05-16T09:41:34+00:00\",\"breadcrumb\":{\"@id\":\"https:\\\/\\\/misterads.es\\\/pt-pt\\\/aviso-legal\\\/#breadcrumb\"},\"inLanguage\":\"pt-PT\",\"potentialAction\":[{\"@type\":\"ReadAction\",\"target\":[\"https:\\\/\\\/misterads.es\\\/pt-pt\\\/aviso-legal\\\/\"]}]},{\"@type\":\"BreadcrumbList\",\"@id\":\"https:\\\/\\\/misterads.es\\\/pt-pt\\\/aviso-legal\\\/#breadcrumb\",\"itemListElement\":[{\"@type\":\"ListItem\",\"position\":1,\"name\":\"Portada\",\"item\":\"https:\\\/\\\/misterads.es\\\/pt-pt\\\/comeco\\\/\"},{\"@type\":\"ListItem\",\"position\":2,\"name\":\"Aviso Legal\"}]},{\"@type\":\"WebSite\",\"@id\":\"https:\\\/\\\/misterads.es\\\/pt-pt\\\/#website\",\"url\":\"https:\\\/\\\/misterads.es\\\/pt-pt\\\/\",\"name\":\"Mister Ads\",\"description\":\"Agencia de Performance Marketing\",\"potentialAction\":[{\"@type\":\"SearchAction\",\"target\":{\"@type\":\"EntryPoint\",\"urlTemplate\":\"https:\\\/\\\/misterads.es\\\/pt-pt\\\/?s={search_term_string}\"},\"query-input\":{\"@type\":\"PropertyValueSpecification\",\"valueRequired\":true,\"valueName\":\"search_term_string\"}}],\"inLanguage\":\"pt-PT\"}]}<\/script>\n<!-- \/ Yoast SEO plugin. -->","yoast_head_json":{"title":"Aviso Legal - Mister Ads","robots":{"index":"noindex","follow":"nofollow"},"og_locale":"pt_PT","og_type":"article","og_title":"Aviso Legal - Mister Ads","og_url":"https:\/\/misterads.es\/pt-pt\/aviso-legal\/","og_site_name":"Mister Ads","article_modified_time":"2023-05-16T09:41:34+00:00","twitter_card":"summary_large_image","twitter_misc":{"Tempo estimado de leitura":"9 minutos"},"schema":{"@context":"https:\/\/schema.org","@graph":[{"@type":"WebPage","@id":"https:\/\/misterads.es\/pt-pt\/aviso-legal\/","url":"https:\/\/misterads.es\/pt-pt\/aviso-legal\/","name":"Aviso Legal - Mister Ads","isPartOf":{"@id":"https:\/\/misterads.es\/pt-pt\/#website"},"datePublished":"2023-05-16T09:31:42+00:00","dateModified":"2023-05-16T09:41:34+00:00","breadcrumb":{"@id":"https:\/\/misterads.es\/pt-pt\/aviso-legal\/#breadcrumb"},"inLanguage":"pt-PT","potentialAction":[{"@type":"ReadAction","target":["https:\/\/misterads.es\/pt-pt\/aviso-legal\/"]}]},{"@type":"BreadcrumbList","@id":"https:\/\/misterads.es\/pt-pt\/aviso-legal\/#breadcrumb","itemListElement":[{"@type":"ListItem","position":1,"name":"Portada","item":"https:\/\/misterads.es\/pt-pt\/comeco\/"},{"@type":"ListItem","position":2,"name":"Aviso Legal"}]},{"@type":"WebSite","@id":"https:\/\/misterads.es\/pt-pt\/#website","url":"https:\/\/misterads.es\/pt-pt\/","name":"Mister Ads","description":"Agencia de Performance Marketing","potentialAction":[{"@type":"SearchAction","target":{"@type":"EntryPoint","urlTemplate":"https:\/\/misterads.es\/pt-pt\/?s={search_term_string}"},"query-input":{"@type":"PropertyValueSpecification","valueRequired":true,"valueName":"search_term_string"}}],"inLanguage":"pt-PT"}]}},"_links":{"self":[{"href":"https:\/\/misterads.es\/pt-pt\/wp-json\/wp\/v2\/pages\/11508","targetHints":{"allow":["GET"]}}],"collection":[{"href":"https:\/\/misterads.es\/pt-pt\/wp-json\/wp\/v2\/pages"}],"about":[{"href":"https:\/\/misterads.es\/pt-pt\/wp-json\/wp\/v2\/types\/page"}],"author":[{"embeddable":true,"href":"https:\/\/misterads.es\/pt-pt\/wp-json\/wp\/v2\/users\/4"}],"replies":[{"embeddable":true,"href":"https:\/\/misterads.es\/pt-pt\/wp-json\/wp\/v2\/comments?post=11508"}],"version-history":[{"count":0,"href":"https:\/\/misterads.es\/pt-pt\/wp-json\/wp\/v2\/pages\/11508\/revisions"}],"wp:attachment":[{"href":"https:\/\/misterads.es\/pt-pt\/wp-json\/wp\/v2\/media?parent=11508"}],"curies":[{"name":"wp","href":"https:\/\/api.w.org\/{rel}","templated":true}]}}