{"id":11511,"date":"2023-05-16T10:33:21","date_gmt":"2023-05-16T09:33:21","guid":{"rendered":"https:\/\/misterads.es\/politica-de-cookies\/"},"modified":"2023-05-16T10:33:21","modified_gmt":"2023-05-16T09:33:21","slug":"politica-de-cookies","status":"publish","type":"page","link":"https:\/\/misterads.es\/pt-pt\/politica-de-cookies\/","title":{"rendered":"Pol\u00edtica de Cookies"},"content":{"rendered":"<div  class='flex_column av-1214nig-bbde1933a5c2e3f69bf6414d4b9189d8 av_one_full  avia-builder-el-0  el_before_av_one_full  avia-builder-el-first  first flex_column_div  '     ><style type=\"text\/css\" data-created_by=\"avia_inline_auto\" id=\"style-css-av-lhonfioh-0e61fc9ccd8748ce0f2578e6ac44480a\">\n#top .av-special-heading.av-lhonfioh-0e61fc9ccd8748ce0f2578e6ac44480a{\npadding-bottom:10px;\n}\nbody .av-special-heading.av-lhonfioh-0e61fc9ccd8748ce0f2578e6ac44480a .av-special-heading-tag .heading-char{\nfont-size:25px;\n}\n#top #wrap_all .av-special-heading.av-lhonfioh-0e61fc9ccd8748ce0f2578e6ac44480a .av-special-heading-tag{\npadding:0 0 20px 0;\n}\n.av-special-heading.av-lhonfioh-0e61fc9ccd8748ce0f2578e6ac44480a .av-subheading{\nfont-size:15px;\n}\n<\/style>\n<div  class='av-special-heading av-lhonfioh-0e61fc9ccd8748ce0f2578e6ac44480a av-special-heading-h1 blockquote modern-quote modern-centered  avia-builder-el-1  avia-builder-el-no-sibling '><h1 class='av-special-heading-tag '  itemprop=\"headline\"  >Pol\u00edtica de Cookies<\/h1><div class=\"special-heading-border\"><div class=\"special-heading-inner-border\"><\/div><\/div><\/div><\/div><div  class='flex_column av-rbdwo8-59f165db8522bbc5985636ef2858c7dd av_one_full  avia-builder-el-2  el_after_av_one_full  avia-builder-el-last  first flex_column_div  column-top-margin'     ><section  class='av_textblock_section av-lhonjnpz-18b7c9a29beb681ecf27a9adfeff67f0 '   itemscope=\"itemscope\" itemtype=\"https:\/\/schema.org\/CreativeWork\" ><div class='avia_textblock'  itemprop=\"text\" ><p><b>INTRODU\u00c7\u00c3O<\/b><\/p>\n<p><span style=\"font-weight: 400;\">O site da <\/span><b>CAES MARKETING, S.L.<\/b><span style=\"font-weight: 400;\"> usa cookies pr\u00f3prios e de terceiros. Um cookie \u00e9 um arquivo que \u00e9 baixado em seu computador ao acessar determinadas p\u00e1ginas da web. Os cookies permitem a uma p\u00e1gina web, entre outras finalidades, garantir o bom funcionamento da p\u00e1gina, permitir ao Utilizador um acesso mais r\u00e1pido aos servi\u00e7os selecionados, armazenar e recuperar informa\u00e7\u00e3o sobre os h\u00e1bitos de navega\u00e7\u00e3o de um utilizador ou da sua equipa e ainda, dependendo da informa\u00e7\u00e3o que cont\u00eam e a maneira como voc\u00ea usa seu computador, eles podem ser usados \u200b\u200bpara reconhecer o usu\u00e1rio. Os cookies associam-se apenas a um utilizador an\u00f3nimo e ao seu computador ou dispositivo e n\u00e3o fornecem refer\u00eancias que permitam conhecer os seus dados pessoais, exceto com autoriza\u00e7\u00e3o expressa desse utilizador.<\/span><\/p>\n<p><span style=\"font-weight: 400;\">O utilizador pode, a qualquer momento, aceitar ou rejeitar os cookies instalados que n\u00e3o sejam estritamente necess\u00e1rios ao bom funcionamento do website e ao acesso do Utilizador aos seus servi\u00e7os, atrav\u00e9s do painel de configura\u00e7\u00e3o de cookies disponibilizado no nosso website. Da mesma forma, voc\u00ea pode configurar seu navegador a qualquer momento sem afetar a capacidade do usu\u00e1rio de acessar o conte\u00fado. No entanto, informamos que a rejei\u00e7\u00e3o de cookies pode prejudicar o bom funcionamento do site.<\/span><\/p>\n<p><b>COOKIES AFETADOS PELO REGULAMENTO E COOKIES ISENTOS<\/b><\/p>\n<p><span style=\"font-weight: 400;\">De acordo com a diretiva da UE, os cookies que requerem o consentimento informado do usu\u00e1rio s\u00e3o cookies anal\u00edticos, publicit\u00e1rios e de afilia\u00e7\u00e3o, exceto os de natureza t\u00e9cnica e os necess\u00e1rios para o funcionamento do site ou a presta\u00e7\u00e3o de servi\u00e7os expressamente solicitados pelo usu\u00e1rio .<\/span><\/p>\n<p><b>TIPO DE COOKIES<\/b><\/p>\n<ol>\n<li><span style=\"font-weight: 400;\">a) Dependendo da <\/span><b>entidade que os gere<\/b><span style=\"font-weight: 400;\">, existem Cookies <\/span><b>pr\u00f3prios<\/b><span style=\"font-weight: 400;\"> (aqueles que s\u00e3o enviados para o equipamento terminal do utilizador a partir de um computador ou dom\u00ednio gerido pelo pr\u00f3prio editor e a partir do qual \u00e9 prestado o servi\u00e7o Sol oferecido pelo utilizador) e de <\/span><b>terceiros<\/b><span style=\"font-weight: 400;\"> (aqueles que s\u00e3o enviados para o equipamento terminal do utilizador a partir de um computador ou dom\u00ednio que n\u00e3o \u00e9 gerido pelo editor, mas por outra entidade que trata os dados obtidos atrav\u00e9s de cookies).<\/span><\/li>\n<\/ol>\n<ol>\n<li><span style=\"font-weight: 400;\">b) Dependendo do <\/span><b>tempo que permanecem ativos<\/b><span style=\"font-weight: 400;\">, existem os de <\/span><b>sess\u00e3o<\/b><span style=\"font-weight: 400;\"> (destinados a solicitar e armazenar dados enquanto o usu\u00e1rio acessa uma p\u00e1gina da web) e os <\/span><b>persistentes<\/b><span style=\"font-weight: 400;\"> (em que os dados s\u00e3o armazenados no terminal e podem ser acessados \u200b\u200be processados \u200b\u200bdurante uma per\u00edodo definido pelo respons\u00e1vel pelo cookie &#8211; pode variar de alguns minutos a v\u00e1rios anos).<\/span><\/li>\n<\/ol>\n<ol>\n<li><span style=\"font-weight: 400;\">c) Consoante a <\/span><b>finalidade<\/b><span style=\"font-weight: 400;\"> para a qual tratam a informa\u00e7\u00e3o que recolhem, podem ser:<\/span><\/li>\n<\/ol>\n<ul>\n<li style=\"font-weight: 400;\" aria-level=\"1\"><b>Cookies t\u00e9cnicos<\/b><span style=\"font-weight: 400;\"> (necess\u00e1rios para a utiliza\u00e7\u00e3o do site e a presta\u00e7\u00e3o do servi\u00e7o contratado),<\/span><\/li>\n<li style=\"font-weight: 400;\" aria-level=\"1\"><b>Cookies de personaliza\u00e7\u00e3o<\/b><span style=\"font-weight: 400;\"> (que permitem ao utilizador aceder ao servi\u00e7o com caracter\u00edsticas predefinidas, como idioma, tipo de navegador, configura\u00e7\u00e3o regional, etc.)<\/span><\/li>\n<li style=\"font-weight: 400;\" aria-level=\"1\"><b>Cookies de an\u00e1lise<\/b><span style=\"font-weight: 400;\"> (recolhem informa\u00e7\u00e3o sobre a utiliza\u00e7\u00e3o que se faz da web),<\/span><\/li>\n<li style=\"font-weight: 400;\" aria-level=\"1\"><b>Cookies publicit\u00e1rios<\/b><span style=\"font-weight: 400;\"> (recolhem informa\u00e7\u00f5es sobre as prefer\u00eancias e escolhas pessoais dos utilizadores),<\/span><\/li>\n<li style=\"font-weight: 400;\" aria-level=\"1\"><b>Cookies de afiliados<\/b><span style=\"font-weight: 400;\"> (permitem o acompanhamento de visitas de outros sites, com os quais o site estabelece um contrato de afilia\u00e7\u00e3o).<\/span><\/li>\n<\/ul>\n<p><b>TIPO DE COOKIES USADOS PARA ESTE WEBSITE<\/b><\/p>\n<table>\n<tbody>\n<tr>\n<td><b>Nome<\/b><\/td>\n<td><b>Prop\u00f3sito<\/b><\/td>\n<td><b>Expira\u00e7\u00e3o<\/b><\/td>\n<td><b>Fornecedor<\/b><\/td>\n<\/tr>\n<tr>\n<td><span style=\"font-weight: 400;\">Analytics<\/span><\/td>\n<td><span style=\"font-weight: 400;\">Colete dados de tr\u00e1fego interno do site misterads.es<\/span><\/td>\n<td><span style=\"font-weight: 400;\">14 meses<\/span><\/td>\n<td><span style=\"font-weight: 400;\">Google<\/span><\/td>\n<\/tr>\n<\/tbody>\n<\/table>\n<p><b>REVOGA\u00c7\u00c3O<\/b><\/p>\n<p><span style=\"font-weight: 400;\">A qualquer momento voc\u00ea pode acessar as configura\u00e7\u00f5es do seu navegador aceitando ou rejeitando todos os cookies, ou selecionar aqueles que a instala\u00e7\u00e3o aceita e aqueles que n\u00e3o aceitam, seguindo um dos seguintes procedimentos, que depende do navegador que voc\u00ea usa:<\/span><\/p>\n<p><b>Google Chrome<\/b><span style=\"font-weight: 400;\"> (no menu Ferramentas):<\/span><\/p>\n<p><span style=\"font-weight: 400;\">Configura\u00e7\u00f5es&gt; Mostrar op\u00e7\u00f5es avan\u00e7adas&gt; Privacidade (configura\u00e7\u00f5es de conte\u00fado)&gt; Cookies:<\/span><\/p>\n<p><span style=\"font-weight: 400;\">https:\/\/support.google.com\/chrome\/answer\/95647?co=GENIE.Platform%3DDesktop&amp;hl=es<\/span><\/p>\n<p><b>Microsoft Edge<\/b><span style=\"font-weight: 400;\"> (no menu Configura\u00e7\u00f5es):<\/span><\/p>\n<p><span style=\"font-weight: 400;\">Configura\u00e7\u00f5es &gt; Cookies e permiss\u00f5es do site:<\/span><\/p>\n<p><span style=\"font-weight: 400;\">edge:\/\/configura\u00e7\u00f5es\/conte\u00fado\/cookies<\/span><\/p>\n<p><b>Firefox:<\/b><\/p>\n<p><span style=\"font-weight: 400;\">Op\u00e7\u00f5es&gt; Privacidade&gt; Cookies:<\/span><\/p>\n<p><span style=\"font-weight: 400;\">https:\/\/support.mozilla.org\/es\/kb\/habilitar-y-deshabilitar-cookies-sitios-web-rastrear-preferencias<\/span><\/p>\n<p><b>Safari, iPad e iPhone:<\/b><\/p>\n<p><span style=\"font-weight: 400;\">Prefer\u00eancias &gt; Privacidade<\/span><\/p>\n<p><span style=\"font-weight: 400;\">https:\/\/support.apple.com\/kb\/ph21411?locale=es_ES<\/span><\/p>\n<p><b>\u00d3pera:<\/b><\/p>\n<p><span style=\"font-weight: 400;\">Configura\u00e7\u00f5es&gt; Op\u00e7\u00f5es&gt; Avan\u00e7ado&gt; Cookies<\/span><\/p>\n<p><span style=\"font-weight: 400;\">http:\/\/help.opera.com\/Windows\/12.00\/es-ES\/cookies.html<\/span><\/p>\n<p><span style=\"font-weight: 400;\">Esses navegadores est\u00e3o sujeitos a altera\u00e7\u00f5es ou modifica\u00e7\u00f5es, portanto n\u00e3o podemos garantir que eles se ajustar\u00e3o totalmente \u00e0 vers\u00e3o do seu navegador. Tamb\u00e9m pode ser que voc\u00ea use outro navegador n\u00e3o abordado nestes links, como Konqueror, Arora, Flock, etc. Para evitar essas incompatibilidades, voc\u00ea pode acess\u00e1-lo diretamente nas op\u00e7\u00f5es do seu navegador, geralmente no menu &#8220;Op\u00e7\u00f5es&#8221; na se\u00e7\u00e3o &#8220;Privacidade&#8221;. (Consulte a ajuda do seu navegador para mais informa\u00e7\u00f5es).<\/span><\/p>\n<p><b>ALTERA\u00c7\u00d5ES A ESTA POL\u00cdTICA DE COOKIES<\/b><\/p>\n<p><b>CAES MARKETING, S.L.<\/b><span style=\"font-weight: 400;\"> reserva-se o direito de modificar esta pol\u00edtica para adapt\u00e1-la a nova legisla\u00e7\u00e3o ou jurisprud\u00eancia.<\/span><\/p>\n<p><b>DESATIVA\u00c7\u00c3O\/ATIVA\u00c7\u00c3O E EXCLUS\u00c3O DE COOKIES<\/b><\/p>\n<p><span style=\"font-weight: 400;\">Para restringir ou bloquear cookies, isso \u00e9 feito atrav\u00e9s das configura\u00e7\u00f5es do navegador.<\/span><\/p>\n<p><span style=\"font-weight: 400;\">Se voc\u00ea n\u00e3o deseja que os sites coloquem cookies em seu computador, voc\u00ea pode ajustar as configura\u00e7\u00f5es do seu navegador para ser notificado antes que qualquer cookie seja colocado. Da mesma forma, voc\u00ea pode adaptar a configura\u00e7\u00e3o para que o navegador rejeite todos os cookies ou apenas cookies de terceiros. Voc\u00ea tamb\u00e9m pode excluir qualquer um dos cookies que j\u00e1 est\u00e3o no seu computador. Lembre-se que a configura\u00e7\u00e3o de cada navegador e equipamento que voc\u00ea utiliza deve ser adaptada separadamente.<\/span><\/p>\n<p><span style=\"font-weight: 400;\">Lembre-se de que, se voc\u00ea n\u00e3o deseja receber cookies, n\u00e3o podemos mais garantir que nosso site funcione conforme o esperado. Algumas funcionalidades do site podem ser perdidas e voc\u00ea pode n\u00e3o conseguir mais visualizar determinados sites. Al\u00e9m disso, rejeitar cookies n\u00e3o significa que voc\u00ea n\u00e3o ver\u00e1 mais an\u00fancios. Os an\u00fancios simplesmente n\u00e3o corresponder\u00e3o aos seus interesses e ser\u00e3o repetidos com mais frequ\u00eancia.<\/span><\/p>\n<p><span style=\"font-weight: 400;\">Cada navegador tem um m\u00e9todo diferente para adaptar as configura\u00e7\u00f5es. Se necess\u00e1rio, consulte a fun\u00e7\u00e3o de ajuda do navegador para definir as configura\u00e7\u00f5es corretas.<\/span><\/p>\n<p><span style=\"font-weight: 400;\">Para desativar os cookies no seu telem\u00f3vel, consulte o manual do dispositivo para mais informa\u00e7\u00f5es.<\/span><\/p>\n<p><span style=\"font-weight: 400;\">Voc\u00ea pode obter mais informa\u00e7\u00f5es sobre cookies na Internet, <\/span><a href=\"http:\/\/www.aboutcookies.org\/\"><span style=\"font-weight: 400;\">http:\/\/www.aboutcookies.org\/<\/span><\/a><span style=\"font-weight: 400;\">.<\/span><\/p>\n<p><span style=\"font-weight: 400;\">Dada a forma como a Internet e os sites funcionam, nem sempre temos informa\u00e7\u00f5es sobre cookies colocados por terceiros atrav\u00e9s do nosso site. Isso se aplica especialmente aos casos em que a p\u00e1gina da web cont\u00e9m os chamados elementos incorporados: textos, documentos, imagens ou curtas-metragens que s\u00e3o armazenados em outro lugar, mas s\u00e3o exibidos em ou por meio de nosso site.<\/span><\/p>\n<p><span style=\"font-weight: 400;\">Portanto, se voc\u00ea encontrar esses tipos de cookies neste site e eles n\u00e3o estiverem listados acima, informe-nos. Ou entre em contato diretamente com o terceiro para solicitar informa\u00e7\u00f5es sobre os cookies que ele coloca, a finalidade e a dura\u00e7\u00e3o do cookie e como ele garantiu sua privacidade.<\/span><\/p>\n<p><b>INFORMA\u00c7\u00d5ES RELACIONADAS AO TRATAMENTO DE DADOS PESSOAIS (ART.13 GDPR)<\/b><\/p>\n<p><b>Quem \u00e9 o respons\u00e1vel pelo tratamento dos seus dados pessoais?<\/b><\/p>\n<p><span style=\"font-weight: 400;\">CAES MARKETING, S.L. \u00e9 respons\u00e1vel pelo processamento dos dados pessoais que voc\u00ea nos fornece, localizados na Avda. Ernerst Lluch, 32 TCM2 P3L4, 08302, Matar\u00f3, Barcelona e com CIF B01718949. Telefone 639 759 462 e entre em contato com o e-mail administracion@misterads.es.<\/span><\/p>\n<p><b>Para que utilizamos os seus dados pessoais?<\/b><\/p>\n<p><span style=\"font-weight: 400;\">As informa\u00e7\u00f5es coletadas por meio de cookies prim\u00e1rios (cookies de sess\u00e3o e cookies de entrada do usu\u00e1rio) s\u00e3o frequentemente usadas para rastrear as a\u00e7\u00f5es do usu\u00e1rio ao preencher formul\u00e1rios on-line em v\u00e1rias p\u00e1ginas ou como um carrinho de compras para rastrear pedidos. itens que o usu\u00e1rio selecionou pressionando um bot\u00e3o ou para personalizar a interface do usu\u00e1rio ao visitar a p\u00e1gina da web.<\/span><\/p>\n<p><span style=\"font-weight: 400;\">A informa\u00e7\u00e3o recolhida atrav\u00e9s de cookies de terceiros \u00e9 a seguinte:<\/span><\/p>\n<ul>\n<li style=\"font-weight: 400;\" aria-level=\"1\"><span style=\"font-weight: 400;\">Atrav\u00e9s de cookies anal\u00edticos, os seus h\u00e1bitos de navega\u00e7\u00e3o s\u00e3o analisados \u200b\u200bpara melhorar os servi\u00e7os prestados.<\/span><\/li>\n<li style=\"font-weight: 400;\" aria-level=\"1\"><span style=\"font-weight: 400;\">Atrav\u00e9s de cookies comportamentais, \u00e9 recolhida informa\u00e7\u00e3o sobre as prefer\u00eancias do utilizador para gerir os espa\u00e7os publicit\u00e1rios da forma mais eficiente poss\u00edvel.<\/span><\/li>\n<li style=\"font-weight: 400;\" aria-level=\"1\"><span style=\"font-weight: 400;\">Por meio de cookies de publicidade, o desempenho dos an\u00fancios \u00e9 medido e recomenda\u00e7\u00f5es sobre produtos com base em dados estat\u00edsticos s\u00e3o fornecidas.<\/span><\/li>\n<\/ul>\n<p><span style=\"font-weight: 400;\">Para ver exatamente o uso de cookies, consulte a tabela sobre o uso de cookies neste site.<\/span><\/p>\n<p><b>Qual \u00e9 a base legal para o tratamento dos seus dados pessoais?<\/b><\/p>\n<p><span style=\"font-weight: 400;\">A legitimidade para o tratamento dos seus dados pessoais \u00e9 dada pelo seu consentimento, concedido no momento em que nos contacta, para a utiliza\u00e7\u00e3o de cookies anal\u00edticos, comportamentais e publicit\u00e1rios; Para cookies de sess\u00e3o ou personaliza\u00e7\u00e3o, a legitimidade para o tratamento \u00e9 dada pelo interesse leg\u00edtimo do provedor (respons\u00e1vel pelo tratamento).<\/span><\/p>\n<p><b>A quem comunicamos os seus dados?<\/b><\/p>\n<p><span style=\"font-weight: 400;\">Nenhum dado ser\u00e1 transferido ou comunicado a terceiros, exceto por obriga\u00e7\u00e3o legal ou a terceiros indicados no caso de uso de cookies por eles gerenciados.<\/span><\/p>\n<p><b>Qual \u00e9 o per\u00edodo de conserva\u00e7\u00e3o dos seus dados?<\/b><\/p>\n<p><span style=\"font-weight: 400;\">O per\u00edodo de conserva\u00e7\u00e3o dos dados recolhidos \u00e9 indicado na tabela sobre a utiliza\u00e7\u00e3o de cookies neste website.<\/span><\/p>\n<p><b>Quais s\u00e3o seus direitos?<\/b><\/p>\n<p><span style=\"font-weight: 400;\">Os direitos que protegem o usu\u00e1rio s\u00e3o os de acesso, retifica\u00e7\u00e3o, exclus\u00e3o, portabilidade do mesmo, retirada do consentimento (sem que isso afete a legalidade do tratamento concedido antes de sua retirada), oposi\u00e7\u00e3o ao tratamento, limita\u00e7\u00e3o (em determinadas circunst\u00e2ncias) e apresentar uma reclama\u00e7\u00e3o \u00e0 autoridade de controle (a Ag\u00eancia Espanhola de Prote\u00e7\u00e3o de Dados, <\/span><a href=\"http:\/\/www.aepd.es\"><span style=\"font-weight: 400;\">www.aepd.es<\/span><\/a><span style=\"font-weight: 400;\">).<\/span><\/p>\n<\/div><\/section><\/div><\/p>\n","protected":false},"excerpt":{"rendered":"","protected":false},"author":4,"featured_media":0,"parent":0,"menu_order":0,"comment_status":"closed","ping_status":"closed","template":"","meta":{"footnotes":""},"class_list":["post-11511","page","type-page","status-publish","hentry"],"yoast_head":"<!-- This site is optimized with the Yoast SEO plugin v27.4 - https:\/\/yoast.com\/product\/yoast-seo-wordpress\/ -->\n<title>Pol\u00edtica de Cookies - Mister Ads<\/title>\n<meta name=\"robots\" content=\"noindex, nofollow\" \/>\n<meta property=\"og:locale\" content=\"pt_PT\" \/>\n<meta property=\"og:type\" content=\"article\" \/>\n<meta property=\"og:title\" content=\"Pol\u00edtica de Cookies - Mister Ads\" \/>\n<meta property=\"og:url\" content=\"https:\/\/misterads.es\/pt-pt\/politica-de-cookies\/\" \/>\n<meta property=\"og:site_name\" content=\"Mister Ads\" \/>\n<meta name=\"twitter:card\" content=\"summary_large_image\" \/>\n<meta name=\"twitter:label1\" content=\"Tempo estimado de leitura\" \/>\n\t<meta name=\"twitter:data1\" content=\"12 minutos\" \/>\n<script type=\"application\/ld+json\" class=\"yoast-schema-graph\">{\"@context\":\"https:\\\/\\\/schema.org\",\"@graph\":[{\"@type\":\"WebPage\",\"@id\":\"https:\\\/\\\/misterads.es\\\/pt-pt\\\/politica-de-cookies\\\/\",\"url\":\"https:\\\/\\\/misterads.es\\\/pt-pt\\\/politica-de-cookies\\\/\",\"name\":\"Pol\u00edtica de Cookies - Mister Ads\",\"isPartOf\":{\"@id\":\"https:\\\/\\\/misterads.es\\\/pt-pt\\\/#website\"},\"datePublished\":\"2023-05-16T09:33:21+00:00\",\"breadcrumb\":{\"@id\":\"https:\\\/\\\/misterads.es\\\/pt-pt\\\/politica-de-cookies\\\/#breadcrumb\"},\"inLanguage\":\"pt-PT\",\"potentialAction\":[{\"@type\":\"ReadAction\",\"target\":[\"https:\\\/\\\/misterads.es\\\/pt-pt\\\/politica-de-cookies\\\/\"]}]},{\"@type\":\"BreadcrumbList\",\"@id\":\"https:\\\/\\\/misterads.es\\\/pt-pt\\\/politica-de-cookies\\\/#breadcrumb\",\"itemListElement\":[{\"@type\":\"ListItem\",\"position\":1,\"name\":\"Portada\",\"item\":\"https:\\\/\\\/misterads.es\\\/pt-pt\\\/comeco\\\/\"},{\"@type\":\"ListItem\",\"position\":2,\"name\":\"Pol\u00edtica de Cookies\"}]},{\"@type\":\"WebSite\",\"@id\":\"https:\\\/\\\/misterads.es\\\/pt-pt\\\/#website\",\"url\":\"https:\\\/\\\/misterads.es\\\/pt-pt\\\/\",\"name\":\"Mister Ads\",\"description\":\"Agencia de Performance Marketing\",\"potentialAction\":[{\"@type\":\"SearchAction\",\"target\":{\"@type\":\"EntryPoint\",\"urlTemplate\":\"https:\\\/\\\/misterads.es\\\/pt-pt\\\/?s={search_term_string}\"},\"query-input\":{\"@type\":\"PropertyValueSpecification\",\"valueRequired\":true,\"valueName\":\"search_term_string\"}}],\"inLanguage\":\"pt-PT\"}]}<\/script>\n<!-- \/ Yoast SEO plugin. -->","yoast_head_json":{"title":"Pol\u00edtica de Cookies - Mister Ads","robots":{"index":"noindex","follow":"nofollow"},"og_locale":"pt_PT","og_type":"article","og_title":"Pol\u00edtica de Cookies - Mister Ads","og_url":"https:\/\/misterads.es\/pt-pt\/politica-de-cookies\/","og_site_name":"Mister Ads","twitter_card":"summary_large_image","twitter_misc":{"Tempo estimado de leitura":"12 minutos"},"schema":{"@context":"https:\/\/schema.org","@graph":[{"@type":"WebPage","@id":"https:\/\/misterads.es\/pt-pt\/politica-de-cookies\/","url":"https:\/\/misterads.es\/pt-pt\/politica-de-cookies\/","name":"Pol\u00edtica de Cookies - Mister Ads","isPartOf":{"@id":"https:\/\/misterads.es\/pt-pt\/#website"},"datePublished":"2023-05-16T09:33:21+00:00","breadcrumb":{"@id":"https:\/\/misterads.es\/pt-pt\/politica-de-cookies\/#breadcrumb"},"inLanguage":"pt-PT","potentialAction":[{"@type":"ReadAction","target":["https:\/\/misterads.es\/pt-pt\/politica-de-cookies\/"]}]},{"@type":"BreadcrumbList","@id":"https:\/\/misterads.es\/pt-pt\/politica-de-cookies\/#breadcrumb","itemListElement":[{"@type":"ListItem","position":1,"name":"Portada","item":"https:\/\/misterads.es\/pt-pt\/comeco\/"},{"@type":"ListItem","position":2,"name":"Pol\u00edtica de Cookies"}]},{"@type":"WebSite","@id":"https:\/\/misterads.es\/pt-pt\/#website","url":"https:\/\/misterads.es\/pt-pt\/","name":"Mister Ads","description":"Agencia de Performance Marketing","potentialAction":[{"@type":"SearchAction","target":{"@type":"EntryPoint","urlTemplate":"https:\/\/misterads.es\/pt-pt\/?s={search_term_string}"},"query-input":{"@type":"PropertyValueSpecification","valueRequired":true,"valueName":"search_term_string"}}],"inLanguage":"pt-PT"}]}},"_links":{"self":[{"href":"https:\/\/misterads.es\/pt-pt\/wp-json\/wp\/v2\/pages\/11511","targetHints":{"allow":["GET"]}}],"collection":[{"href":"https:\/\/misterads.es\/pt-pt\/wp-json\/wp\/v2\/pages"}],"about":[{"href":"https:\/\/misterads.es\/pt-pt\/wp-json\/wp\/v2\/types\/page"}],"author":[{"embeddable":true,"href":"https:\/\/misterads.es\/pt-pt\/wp-json\/wp\/v2\/users\/4"}],"replies":[{"embeddable":true,"href":"https:\/\/misterads.es\/pt-pt\/wp-json\/wp\/v2\/comments?post=11511"}],"version-history":[{"count":0,"href":"https:\/\/misterads.es\/pt-pt\/wp-json\/wp\/v2\/pages\/11511\/revisions"}],"wp:attachment":[{"href":"https:\/\/misterads.es\/pt-pt\/wp-json\/wp\/v2\/media?parent=11511"}],"curies":[{"name":"wp","href":"https:\/\/api.w.org\/{rel}","templated":true}]}}