{"id":14560,"date":"2026-01-13T17:53:11","date_gmt":"2026-01-13T16:53:11","guid":{"rendered":"https:\/\/misterads.es\/kit-consulting-mister-ads-4\/"},"modified":"2026-01-13T17:53:11","modified_gmt":"2026-01-13T16:53:11","slug":"kit-consulting-mister-ads-4","status":"publish","type":"page","link":"https:\/\/misterads.es\/pt-pt\/kit-consulting-mister-ads-4\/","title":{"rendered":"Kit Consulting Mister Ads"},"content":{"rendered":"<section  class='av_textblock_section av-kz4c1067-047aa28ac2fa0b73a74e795bcab36dff '   itemscope=\"itemscope\" itemtype=\"https:\/\/schema.org\/CreativeWork\" ><div class='avia_textblock'  itemprop=\"text\" ><h1><\/h1>\n<h3><\/h3>\n<h2><\/h2>\n<p><img loading=\"lazy\" decoding=\"async\" class=\"alignnone size-large wp-image-13259\" src=\"https:\/\/misterads.es\/wp-content\/uploads\/2024\/06\/Captura-de-Pantalla-2024-06-28-a-las-11.11.35-1030x314.png\" alt=\"\" width=\"1030\" height=\"314\" srcset=\"https:\/\/misterads.es\/wp-content\/uploads\/2024\/06\/Captura-de-Pantalla-2024-06-28-a-las-11.11.35-1030x314.png 1030w, https:\/\/misterads.es\/wp-content\/uploads\/2024\/06\/Captura-de-Pantalla-2024-06-28-a-las-11.11.35-300x92.png 300w, https:\/\/misterads.es\/wp-content\/uploads\/2024\/06\/Captura-de-Pantalla-2024-06-28-a-las-11.11.35-768x234.png 768w, https:\/\/misterads.es\/wp-content\/uploads\/2024\/06\/Captura-de-Pantalla-2024-06-28-a-las-11.11.35-705x215.png 705w, https:\/\/misterads.es\/wp-content\/uploads\/2024\/06\/Captura-de-Pantalla-2024-06-28-a-las-11.11.35.png 1320w\" sizes=\"auto, (max-width: 1030px) 100vw, 1030px\" \/><\/p>\n<h1>Digitalize o seu neg\u00f3cio com o Kit Consulting<\/h1>\n<h2 class=\"h3 text-sora text-grey mb-2 font-30 font-extrabold font-kit-grey\"><strong>O que \u00e9 o Kit Consulting?<\/strong><\/h2>\n<div class=\"text-montserrat font-size-18 text-grey font-montserrat font-18 font-regulare font-18 font-kit-grey\">\n<p><a title=\"Kit Consulting: kit-consulting\" data-insuit-uuid=\"378446f8-169a-4e86-9a74-353c125b62a6\">Kit Consulting<\/a>\u00a0\u00e9 o programa de apoios do Governo de Espanha que permite a PME como a sua\u00a0<strong>desenhar o roteiro para a sua transforma\u00e7\u00e3o digital<\/strong>.<\/p>\n<h2 class=\"h3 text-sora text-grey mb-2 font-30 font-extrabold font-kit-grey\"><strong>Qual \u00e9 o apoio do Kit Consulting?<\/strong><\/h2>\n<div class=\"text-montserrat font-size-18 text-grey font-montserrat font-18 font-regulare font-18 font-kit-grey\">\n<p>Trata-se de um\u00a0<strong>B\u00f3nus de Aconselhamento Digital\u00a0<\/strong>dotado de um montante que dever\u00e1 utilizar na contrata\u00e7\u00e3o dos\u00a0<strong>servi\u00e7os de aconselhamento<\/strong>. O montante varia em fun\u00e7\u00e3o da dimens\u00e3o da sua empresa:<\/p>\n<div class=\"text-black font-montserrat font-regular font-18 text-center\">\n<ul>\n<li>Entre 10 e menos de 50 empregados: <strong>12.000 \u20ac<\/strong><\/li>\n<li class=\"text-black font-montserrat font-regular font-18 text-center\">Entre 50 e menos de 100 empregados: <strong>18.000 \u20ac<\/strong><\/li>\n<li class=\"text-black font-montserrat font-regular font-18 text-center\">Entre 100 e menos de 250 empregados: <strong>24.000 \u20ac<\/strong>\n<div class=\"text-black font-montserrat font-regular font-18 text-center\"><\/div>\n<\/li>\n<\/ul>\n<h2><strong><br \/>\nA quem se destina o Kit Consulting?<\/strong><\/h2>\n<div class=\"text-black font-montserrat font-regular font-18\">\n<p>Os servi\u00e7os de aconselhamento que o Programa Kit Consulting proporciona est\u00e3o orientados para as\u00a0<strong>pequenas e m\u00e9dias empresas<\/strong>\u00a0com entre 10 e menos de 250 empregados.<\/p>\n<p>Estas s\u00e3o as solu\u00e7\u00f5es de digitaliza\u00e7\u00e3o a que pode aceder com Mister Ads:<\/p>\n<h2 style=\"color: #ff6c2f;\">Servi\u00e7o de aconselhamento em Intelig\u00eancia Artificial<\/h2>\n<p>O principal objetivo deste servi\u00e7o \u00e9 dot\u00e1-lo de um plano de intelig\u00eancia artificial adaptado \u00e0s necessidades da sua PME. Ir\u00e1 conhecer o investimento necess\u00e1rio e as medidas necess\u00e1rias para a sua ado\u00e7\u00e3o. Al\u00e9m disso, ser\u00e1 dada prioridade \u00e0 sua aprendizagem em t\u00e9cnicas de intelig\u00eancia artificial. Tamb\u00e9m ser\u00e1 realizado um caso de uso adaptado \u00e0 sua PME.<\/p>\n<h3>Pre\u00e7o: A partir de 6.000,00 + IVA<\/h3>\n<h2><\/h2>\n<h2 style=\"color: #ff6c2f;\">Servi\u00e7o de aconselhamento em Vendas Digitais<\/h2>\n<p>O principal objetivo deste servi\u00e7o \u00e9 estabelecer o investimento necess\u00e1rio e as t\u00e9cnicas de marketing digital, incluindo o aproveitamento de tecnologias de intelig\u00eancia artificial, para melhorar o desempenho das suas vendas online, e a realiza\u00e7\u00e3o de um caso de uso adaptado \u00e0 \u00e1rea de vendas digitais da sua PME.<\/p>\n<h3>Pre\u00e7o: A partir de 6.000,00 + IVA<\/h3>\n<h2 style=\"color: #ff6c2f;\">Servi\u00e7os de Aconselhamento em Processos de Neg\u00f3cio ou Processo de Produ\u00e7\u00e3o<\/h2>\n<p>O principal objetivo deste servi\u00e7o \u00e9 identificar as \u00e1reas de melhoria e otimiza\u00e7\u00e3o nos processos empresariais atuais da sua PME, bem como a defini\u00e7\u00e3o de um plano personalizado de melhoria de processos em \u00e1reas-chave. Em vez de um processo empresarial, este servi\u00e7o de aconselhamento pode ser orientado para a otimiza\u00e7\u00e3o de algum dos processos de produ\u00e7\u00e3o ou fabrico. Em qualquer um dos casos, ser\u00e3o utilizadas t\u00e9cnicas relacionadas com a intelig\u00eancia artificial, e inclui-se a realiza\u00e7\u00e3o de um caso de uso adaptado ao neg\u00f3cio.<\/p>\n<h3>Pre\u00e7o: A partir de 6.000,00 + IVA<\/h3>\n<h2 style=\"color: #ff6c2f;\"><b data-stringify-type=\"bold\">Servi\u00e7o de Aconselhamento em Estrat\u00e9gia e Desempenho do Neg\u00f3cio<\/b><\/h2>\n<p>O principal objetivo deste servi\u00e7o \u00e9 dot\u00e1-lo de um plano de estrat\u00e9gia de neg\u00f3cio para melhorar o posicionamento competitivo da sua PME. Este plano incluir\u00e1 o investimento necess\u00e1rio e as ferramentas adequadas e, al\u00e9m disso, aproveitar\u00e1 as tecnologias de intelig\u00eancia artificial para melhorar a capacidade de an\u00e1lise. Tamb\u00e9m ser\u00e1 realizado um caso de uso adaptado para melhorar o seu desempenho e estrat\u00e9gia, identificando necessidades e lacunas, bem como as oportunidades para melhorar a sua situa\u00e7\u00e3o em rela\u00e7\u00e3o \u00e0 sua concorr\u00eancia.<\/p>\n<h3>Pre\u00e7o: A partir de 6.000,00 + IVA<\/h3>\n<h2 style=\"color: #ff6c2f;\"><b data-stringify-type=\"bold\">Servi\u00e7o de Aconselhamento &#8220;360&#8221; em Transforma\u00e7\u00e3o Digital<\/b><\/h2>\n<p>O principal objetivo deste servi\u00e7o \u00e9 oferecer aconselhamento na transforma\u00e7\u00e3o digital da sua PME, proporcionando solu\u00e7\u00f5es adaptadas \u00e0s suas necessidades espec\u00edficas. Ser\u00e3o definidos o investimento necess\u00e1rio e as medidas estrat\u00e9gicas a aplicar em cada \u00e1rea de impacto, conseguindo uma melhoria de \u00e2mbito geral. Al\u00e9m disso, ser\u00e3o utilizadas tecnologias inovadoras como a intelig\u00eancia artificial para identificar oportunidades de melhoria e otimizar o processo de transforma\u00e7\u00e3o digital.<\/p>\n<h3>Pre\u00e7o: A partir de 6.000,00 + IVA<\/h3>\n<p><strong><br \/>\nNa Mister Ads, adaptamos os nossos or\u00e7amentos \u00e0s necessidades e possibilidades de cada cliente.<br \/>\nConsulte-nos e, ap\u00f3s analisar o seu caso, faremos uma avalia\u00e7\u00e3o \u00e0 medida.<\/strong><\/p>\n<h2><\/h2>\n<\/div><\/section>\n<form action=\"https:\/\/misterads.es\/pt-pt\/kit-consulting-mister-ads-4\/\" method=\"post\" data-fields-with-error=\"Found errors in the following field(s):\" class=\"avia_ajax_form av-form-labels-visible   avia-builder-el-1  el_after_av_textblock  el_before_av_textblock   \" data-avia-form-id=\"1\" data-avia-redirect='' ><h3 class=''>Contacte-nos<\/h3><fieldset><p class='  first_form  form_element form_fullwidth' id='element_avia_1_1'><label for=\"avia_1_1\">Nome <abbr class=\"required\" title=\"required\">*<\/abbr><\/label> <input name=\"avia_1_1\" class=\"text_input is_empty\" type=\"text\" id=\"avia_1_1\" value=\"\" \/><\/p><p class='  first_form  form_element form_fullwidth' id='element_avia_2_1'><label for=\"avia_2_1\">Correio eletr\u00f3nico <abbr class=\"required\" title=\"required\">*<\/abbr><\/label> <input name=\"avia_2_1\" class=\"text_input is_email\" type=\"text\" id=\"avia_2_1\" value=\"\" \/><\/p><p class='  first_form  form_element form_fullwidth' id='element_avia_3_1'><label for=\"avia_3_1\">Telefone<\/label> <input name=\"avia_3_1\" class=\"text_input \" type=\"text\" id=\"avia_3_1\" value=\"\" \/><\/p><p class='  first_form  form_element form_fullwidth' id='element_avia_4_1'><label for=\"avia_4_1\" class=\"textare_label hidden textare_label_avia_4_1\">Mensagem <abbr class=\"required\" title=\"required\">*<\/abbr><\/label><textarea  name=\"avia_4_1\" class=\"text_area is_empty\" cols=\"40\" rows=\"7\" id=\"avia_4_1\" ><\/textarea><\/p><p class=\"hidden\"><input type=\"text\" name=\"avia_5_1\" class=\"hidden \" id=\"avia_5_1\" value=\"\" \/><\/p><p class=' av_form_privacy_check av_contact_privacy_check first_form  form_element form_fullwidth' id='element_avia_6_1'><input  name=\"avia_6_1\" class=\"input_checkbox is_empty\" type=\"checkbox\" id=\"avia_6_1\" value=\"true\"\/><label class=\"input_checkbox_label\" for=\"avia_6_1\">Aceito que os meus dados sejam tratados para dar resposta ao pedido de informa\u00e7\u00e3o. <abbr class=\"required\" title=\"required\">*<\/abbr><\/label><\/p><p class=\"form_element \"><input type=\"hidden\" value=\"1\" name=\"avia_generated_form1\" \/><input type=\"submit\" value=\"Enviar\" class=\"button\"  data-sending-label=\"Sending\"\/><\/p><\/fieldset><\/form><div id=\"ajaxresponse_1\" class=\"ajaxresponse ajaxresponse_1 hidden\"><\/div>\n<section  class='av_textblock_section av-kz6u12rl-dfe8751adf6257c46462ba36639f78f5 '   itemscope=\"itemscope\" itemtype=\"https:\/\/schema.org\/CreativeWork\" ><div class='avia_textblock'  itemprop=\"text\" ><p>Toda esta informa\u00e7\u00e3o est\u00e1 associada ao concurso de apoios do Programa Kit Digital, atrav\u00e9s do Minist\u00e9rio dos Assuntos Econ\u00f3micos e Transforma\u00e7\u00e3o Digital para impulsionar a digitaliza\u00e7\u00e3o. Com men\u00e7\u00e3o expressa aos fundos europeus \u201cNext Generation EU\u201d dentro do Plano de Recupera\u00e7\u00e3o, Transforma\u00e7\u00e3o e Resili\u00eancia.<\/p>\n<p><img loading=\"lazy\" decoding=\"async\" class=\"alignnone size-medium wp-image-6709\" src=\"https:\/\/misterads.es\/wp-content\/uploads\/2022\/01\/Screenshot-2022-01-21-at-10.34.11-300x92.png\" alt=\"\" width=\"300\" height=\"92\" srcset=\"https:\/\/misterads.es\/wp-content\/uploads\/2022\/01\/Screenshot-2022-01-21-at-10.34.11-300x92.png 300w, https:\/\/misterads.es\/wp-content\/uploads\/2022\/01\/Screenshot-2022-01-21-at-10.34.11-1030x316.png 1030w, https:\/\/misterads.es\/wp-content\/uploads\/2022\/01\/Screenshot-2022-01-21-at-10.34.11-768x236.png 768w, https:\/\/misterads.es\/wp-content\/uploads\/2022\/01\/Screenshot-2022-01-21-at-10.34.11-1536x472.png 1536w, https:\/\/misterads.es\/wp-content\/uploads\/2022\/01\/Screenshot-2022-01-21-at-10.34.11-2048x629.png 2048w, https:\/\/misterads.es\/wp-content\/uploads\/2022\/01\/Screenshot-2022-01-21-at-10.34.11-1500x461.png 1500w, https:\/\/misterads.es\/wp-content\/uploads\/2022\/01\/Screenshot-2022-01-21-at-10.34.11-705x216.png 705w\" sizes=\"auto, (max-width: 300px) 100vw, 300px\" \/><\/p>\n<\/div><\/section>\n","protected":false},"excerpt":{"rendered":"","protected":false},"author":2,"featured_media":0,"parent":0,"menu_order":0,"comment_status":"closed","ping_status":"closed","template":"","meta":{"footnotes":""},"class_list":["post-14560","page","type-page","status-publish","hentry"],"yoast_head":"<!-- This site is optimized with the Yoast SEO plugin v27.4 - https:\/\/yoast.com\/product\/yoast-seo-wordpress\/ -->\n<title>Kit Consulting Mister Ads<\/title>\n<meta name=\"description\" content=\"Desde Mister Ads te ayudamos a transformar digitalmente tu negocio, no lo dudes y cont\u00e1ctanos para ver la mejor estrategia para tu empresa.\" \/>\n<meta name=\"robots\" content=\"index, nofollow, max-snippet:-1, max-image-preview:large, max-video-preview:-1\" \/>\n<link rel=\"canonical\" href=\"https:\/\/misterads.es\/pt-pt\/kit-consulting-mister-ads-4\/\" \/>\n<meta property=\"og:locale\" content=\"pt_PT\" \/>\n<meta property=\"og:type\" content=\"article\" \/>\n<meta property=\"og:title\" content=\"Kit Consulting Mister Ads\" \/>\n<meta property=\"og:description\" content=\"Desde Mister Ads te ayudamos a transformar digitalmente tu negocio, no lo dudes y cont\u00e1ctanos para ver la mejor estrategia para tu empresa.\" \/>\n<meta property=\"og:url\" content=\"https:\/\/misterads.es\/pt-pt\/kit-consulting-mister-ads-4\/\" \/>\n<meta property=\"og:site_name\" content=\"Mister Ads\" \/>\n<meta property=\"og:image\" content=\"https:\/\/misterads.es\/wp-content\/uploads\/2024\/06\/Captura-de-Pantalla-2024-06-28-a-las-11.11.35.png\" \/>\n\t<meta property=\"og:image:width\" content=\"1320\" \/>\n\t<meta property=\"og:image:height\" content=\"403\" \/>\n\t<meta property=\"og:image:type\" content=\"image\/png\" \/>\n<meta name=\"twitter:card\" content=\"summary_large_image\" \/>\n<meta name=\"twitter:label1\" content=\"Tempo estimado de leitura\" \/>\n\t<meta name=\"twitter:data1\" content=\"4 minutos\" \/>\n<script type=\"application\/ld+json\" class=\"yoast-schema-graph\">{\"@context\":\"https:\\\/\\\/schema.org\",\"@graph\":[{\"@type\":\"WebPage\",\"@id\":\"https:\\\/\\\/misterads.es\\\/pt-pt\\\/kit-consulting-mister-ads-4\\\/\",\"url\":\"https:\\\/\\\/misterads.es\\\/pt-pt\\\/kit-consulting-mister-ads-4\\\/\",\"name\":\"Kit Consulting Mister Ads\",\"isPartOf\":{\"@id\":\"https:\\\/\\\/misterads.es\\\/pt-pt\\\/#website\"},\"primaryImageOfPage\":{\"@id\":\"https:\\\/\\\/misterads.es\\\/pt-pt\\\/kit-consulting-mister-ads-4\\\/#primaryimage\"},\"image\":{\"@id\":\"https:\\\/\\\/misterads.es\\\/pt-pt\\\/kit-consulting-mister-ads-4\\\/#primaryimage\"},\"thumbnailUrl\":\"https:\\\/\\\/misterads.es\\\/wp-content\\\/uploads\\\/2024\\\/06\\\/Captura-de-Pantalla-2024-06-28-a-las-11.11.35-1030x314.png\",\"datePublished\":\"2026-01-13T16:53:11+00:00\",\"description\":\"Desde Mister Ads te ayudamos a transformar digitalmente tu negocio, no lo dudes y cont\u00e1ctanos para ver la mejor estrategia para tu empresa.\",\"breadcrumb\":{\"@id\":\"https:\\\/\\\/misterads.es\\\/pt-pt\\\/kit-consulting-mister-ads-4\\\/#breadcrumb\"},\"inLanguage\":\"pt-PT\",\"potentialAction\":[{\"@type\":\"ReadAction\",\"target\":[\"https:\\\/\\\/misterads.es\\\/pt-pt\\\/kit-consulting-mister-ads-4\\\/\"]}]},{\"@type\":\"ImageObject\",\"inLanguage\":\"pt-PT\",\"@id\":\"https:\\\/\\\/misterads.es\\\/pt-pt\\\/kit-consulting-mister-ads-4\\\/#primaryimage\",\"url\":\"https:\\\/\\\/misterads.es\\\/wp-content\\\/uploads\\\/2024\\\/06\\\/Captura-de-Pantalla-2024-06-28-a-las-11.11.35-1030x314.png\",\"contentUrl\":\"https:\\\/\\\/misterads.es\\\/wp-content\\\/uploads\\\/2024\\\/06\\\/Captura-de-Pantalla-2024-06-28-a-las-11.11.35-1030x314.png\"},{\"@type\":\"BreadcrumbList\",\"@id\":\"https:\\\/\\\/misterads.es\\\/pt-pt\\\/kit-consulting-mister-ads-4\\\/#breadcrumb\",\"itemListElement\":[{\"@type\":\"ListItem\",\"position\":1,\"name\":\"Portada\",\"item\":\"https:\\\/\\\/misterads.es\\\/pt-pt\\\/comeco\\\/\"},{\"@type\":\"ListItem\",\"position\":2,\"name\":\"Kit Consulting Mister Ads\"}]},{\"@type\":\"WebSite\",\"@id\":\"https:\\\/\\\/misterads.es\\\/pt-pt\\\/#website\",\"url\":\"https:\\\/\\\/misterads.es\\\/pt-pt\\\/\",\"name\":\"Mister Ads\",\"description\":\"Agencia de Performance Marketing\",\"potentialAction\":[{\"@type\":\"SearchAction\",\"target\":{\"@type\":\"EntryPoint\",\"urlTemplate\":\"https:\\\/\\\/misterads.es\\\/pt-pt\\\/?s={search_term_string}\"},\"query-input\":{\"@type\":\"PropertyValueSpecification\",\"valueRequired\":true,\"valueName\":\"search_term_string\"}}],\"inLanguage\":\"pt-PT\"}]}<\/script>\n<!-- \/ Yoast SEO plugin. -->","yoast_head_json":{"title":"Kit Consulting Mister Ads","description":"Desde Mister Ads te ayudamos a transformar digitalmente tu negocio, no lo dudes y cont\u00e1ctanos para ver la mejor estrategia para tu empresa.","robots":{"index":"index","follow":"nofollow","max-snippet":"max-snippet:-1","max-image-preview":"max-image-preview:large","max-video-preview":"max-video-preview:-1"},"canonical":"https:\/\/misterads.es\/pt-pt\/kit-consulting-mister-ads-4\/","og_locale":"pt_PT","og_type":"article","og_title":"Kit Consulting Mister Ads","og_description":"Desde Mister Ads te ayudamos a transformar digitalmente tu negocio, no lo dudes y cont\u00e1ctanos para ver la mejor estrategia para tu empresa.","og_url":"https:\/\/misterads.es\/pt-pt\/kit-consulting-mister-ads-4\/","og_site_name":"Mister Ads","og_image":[{"width":1320,"height":403,"url":"https:\/\/misterads.es\/wp-content\/uploads\/2024\/06\/Captura-de-Pantalla-2024-06-28-a-las-11.11.35.png","type":"image\/png"}],"twitter_card":"summary_large_image","twitter_misc":{"Tempo estimado de leitura":"4 minutos"},"schema":{"@context":"https:\/\/schema.org","@graph":[{"@type":"WebPage","@id":"https:\/\/misterads.es\/pt-pt\/kit-consulting-mister-ads-4\/","url":"https:\/\/misterads.es\/pt-pt\/kit-consulting-mister-ads-4\/","name":"Kit Consulting Mister Ads","isPartOf":{"@id":"https:\/\/misterads.es\/pt-pt\/#website"},"primaryImageOfPage":{"@id":"https:\/\/misterads.es\/pt-pt\/kit-consulting-mister-ads-4\/#primaryimage"},"image":{"@id":"https:\/\/misterads.es\/pt-pt\/kit-consulting-mister-ads-4\/#primaryimage"},"thumbnailUrl":"https:\/\/misterads.es\/wp-content\/uploads\/2024\/06\/Captura-de-Pantalla-2024-06-28-a-las-11.11.35-1030x314.png","datePublished":"2026-01-13T16:53:11+00:00","description":"Desde Mister Ads te ayudamos a transformar digitalmente tu negocio, no lo dudes y cont\u00e1ctanos para ver la mejor estrategia para tu empresa.","breadcrumb":{"@id":"https:\/\/misterads.es\/pt-pt\/kit-consulting-mister-ads-4\/#breadcrumb"},"inLanguage":"pt-PT","potentialAction":[{"@type":"ReadAction","target":["https:\/\/misterads.es\/pt-pt\/kit-consulting-mister-ads-4\/"]}]},{"@type":"ImageObject","inLanguage":"pt-PT","@id":"https:\/\/misterads.es\/pt-pt\/kit-consulting-mister-ads-4\/#primaryimage","url":"https:\/\/misterads.es\/wp-content\/uploads\/2024\/06\/Captura-de-Pantalla-2024-06-28-a-las-11.11.35-1030x314.png","contentUrl":"https:\/\/misterads.es\/wp-content\/uploads\/2024\/06\/Captura-de-Pantalla-2024-06-28-a-las-11.11.35-1030x314.png"},{"@type":"BreadcrumbList","@id":"https:\/\/misterads.es\/pt-pt\/kit-consulting-mister-ads-4\/#breadcrumb","itemListElement":[{"@type":"ListItem","position":1,"name":"Portada","item":"https:\/\/misterads.es\/pt-pt\/comeco\/"},{"@type":"ListItem","position":2,"name":"Kit Consulting Mister Ads"}]},{"@type":"WebSite","@id":"https:\/\/misterads.es\/pt-pt\/#website","url":"https:\/\/misterads.es\/pt-pt\/","name":"Mister Ads","description":"Agencia de Performance Marketing","potentialAction":[{"@type":"SearchAction","target":{"@type":"EntryPoint","urlTemplate":"https:\/\/misterads.es\/pt-pt\/?s={search_term_string}"},"query-input":{"@type":"PropertyValueSpecification","valueRequired":true,"valueName":"search_term_string"}}],"inLanguage":"pt-PT"}]}},"_links":{"self":[{"href":"https:\/\/misterads.es\/pt-pt\/wp-json\/wp\/v2\/pages\/14560","targetHints":{"allow":["GET"]}}],"collection":[{"href":"https:\/\/misterads.es\/pt-pt\/wp-json\/wp\/v2\/pages"}],"about":[{"href":"https:\/\/misterads.es\/pt-pt\/wp-json\/wp\/v2\/types\/page"}],"author":[{"embeddable":true,"href":"https:\/\/misterads.es\/pt-pt\/wp-json\/wp\/v2\/users\/2"}],"replies":[{"embeddable":true,"href":"https:\/\/misterads.es\/pt-pt\/wp-json\/wp\/v2\/comments?post=14560"}],"version-history":[{"count":0,"href":"https:\/\/misterads.es\/pt-pt\/wp-json\/wp\/v2\/pages\/14560\/revisions"}],"wp:attachment":[{"href":"https:\/\/misterads.es\/pt-pt\/wp-json\/wp\/v2\/media?parent=14560"}],"curies":[{"name":"wp","href":"https:\/\/api.w.org\/{rel}","templated":true}]}}