{"id":14764,"date":"2026-03-19T11:05:44","date_gmt":"2026-03-19T10:05:44","guid":{"rendered":"https:\/\/misterads.es\/kontaktirajte-nas\/"},"modified":"2026-03-19T11:05:44","modified_gmt":"2026-03-19T10:05:44","slug":"kontaktirajte-nas","status":"publish","type":"page","link":"https:\/\/misterads.es\/pt-pt\/kontaktirajte-nas\/","title":{"rendered":"Kontaktirajte nas"},"content":{"rendered":"<div  class='av_gmaps_sc_main_wrap av_gmaps_main_wrap '><div id='av_gmap_0' class='avia-google-map-container avia-google-map-sc av_gmaps_show_unconditionally av-no-fallback-img ' data-mapid='av_gmap_0'  style='height: 400px;'><a class=\"av_gmaps_browser_disabled av_text_confirm_link av_text_confirm_link_visible\" href=\"https:\/\/www.google.com\/maps\/search\/?api=1&#038;query=Carrer%20d\u2019Ernest%20Lluch,%2032%2008302%20Matar\u00f3%20Barcelona%20Espa\u00f1a\" target=\"_blank\">Maps were disabled by the visitor on this site. Click to open the map in a new window.<\/a><\/div><\/div>\n<div  class='flex_column av-4934z-8056ed9b679626e62c97ae94b6533688 av_one_half  avia-builder-el-1  el_after_av_google_map  el_before_av_one_half  avia-builder-el-first  first flex_column_div  '     ><p>\n<style type=\"text\/css\" data-created_by=\"avia_inline_auto\" id=\"style-css-av-kw1bv31b-465fa7fb36f96496d2a578b96e542ccf\">\n#top .av-special-heading.av-kw1bv31b-465fa7fb36f96496d2a578b96e542ccf{\npadding-bottom:10px;\n}\nbody .av-special-heading.av-kw1bv31b-465fa7fb36f96496d2a578b96e542ccf .av-special-heading-tag .heading-char{\nfont-size:25px;\n}\n.av-special-heading.av-kw1bv31b-465fa7fb36f96496d2a578b96e542ccf .av-subheading{\nfont-size:15px;\n}\n<\/style>\n<div  class='av-special-heading av-kw1bv31b-465fa7fb36f96496d2a578b96e542ccf av-special-heading-h1 blockquote modern-quote  avia-builder-el-2  el_before_av_textblock  avia-builder-el-first '><div class='av-subheading av-subheading_above'><p>\u017delite li razvijati svoje poslovanje?<\/p>\n<\/div><h1 class='av-special-heading-tag '  itemprop=\"headline\"  >Kontaktirajte nas<\/h1><div class=\"special-heading-border\"><div class=\"special-heading-inner-border\"><\/div><\/div><\/div><br \/>\n<section  class='av_textblock_section av-kw1byqey-285b4b4d546852d57dd2d5984a9ee9d0 '   itemscope=\"itemscope\" itemtype=\"https:\/\/schema.org\/CreativeWork\" ><div class='avia_textblock'  itemprop=\"text\" ><h3><\/h3>\n<h3><strong>ADRESA<\/strong><\/h3>\n<p>Parc TecnoCampus Matar\u00f3-Maresme<br \/>\nCarrer d&#8217;Ernest Lluch, 32, planta 3 puerta 5<br \/>\n08302 Matar\u00f3, Barcelona &#8211; Spain<\/p>\n<h3><strong>KONTAKT<\/strong><\/h3>\n<p>hola@misterads.es<br \/>\n639 759 462<\/p>\n<\/div><\/section><br \/>\n<div  class='hr av-kw1cwhjs-9aa6c865a6c8d7888e44efa136ca8533 hr-short  avia-builder-el-4  el_after_av_textblock  el_before_av_textblock  hr-center'><span class='hr-inner '><span class=\"hr-inner-style\"><\/span><\/span><\/div><br \/>\n<section  class='av_textblock_section av-kw1cxxjq-102dbe16dd4d31036c2cca7cc30b9f8e '   itemscope=\"itemscope\" itemtype=\"https:\/\/schema.org\/CreativeWork\" ><div class='avia_textblock'  itemprop=\"text\" ><h3><strong>PODRU\u010cNI UREDI<\/strong><\/h3>\n<p><strong>Brazil<\/strong><br \/>\nRua Jos\u00e9 Maria de Oliveira, 51 &#8211; Sala 1 &#8211;<br \/>\nVila Palmira &#8211; Socorro &#8211; SP &#8211; CEP 13960-000<\/p>\n<\/div><\/section><\/p><\/div>\n<div  class='flex_column av-3sf27-b63d038e6fc40bb711e4e45f1ad008b2 av_one_half  avia-builder-el-6  el_after_av_one_half  avia-builder-el-last  flex_column_div  '     ><p><form action=\"https:\/\/misterads.es\/pt-pt\/kontaktirajte-nas\/\" method=\"post\" data-fields-with-error=\"Found errors in the following field(s):\" class=\"avia_ajax_form av-form-labels-hidden   avia-builder-el-7  el_before_av_textblock  avia-builder-el-first   \" data-avia-form-id=\"1\" data-avia-redirect='https:\/\/misterads.es\/contacto_gracias\/' ><h3 class=''>Razgovaramo?<\/h3><fieldset><p class='  first_form  form_element form_element_half' id='element_avia_1_1'><label for=\"avia_1_1\">Ime <abbr class=\"required\" title=\"required\">*<\/abbr><\/label> <input name=\"avia_1_1\" class=\"text_input is_empty\" type=\"text\" id=\"avia_1_1\" value=\"\"  placeholder='Ime*'\/><\/p><p class='  form_element form_element_half' id='element_avia_2_1'><label for=\"avia_2_1\">Tvrtka<\/label> <input name=\"avia_2_1\" class=\"text_input \" type=\"text\" id=\"avia_2_1\" value=\"\"  placeholder='Tvrtka'\/><\/p><p class='  first_form  form_element form_element_half' id='element_avia_3_1'><label for=\"avia_3_1\">E-mail <abbr class=\"required\" title=\"required\">*<\/abbr><\/label> <input name=\"avia_3_1\" class=\"text_input is_email\" type=\"text\" id=\"avia_3_1\" value=\"\"  placeholder='E-mail*'\/><\/p><p class='  form_element form_element_half' id='element_avia_4_1'><label for=\"avia_4_1\">Telefon <abbr class=\"required\" title=\"required\">*<\/abbr><\/label> <input name=\"avia_4_1\" class=\"text_input is_phone\" type=\"text\" id=\"avia_4_1\" value=\"\"  placeholder='Telefon*'\/><\/p><p class='  first_form  form_element form_fullwidth' id='element_avia_5_1'><label for=\"avia_5_1\" class=\"textare_label hidden textare_label_avia_5_1\">Recite nam, \u0161to trebate? <abbr class=\"required\" title=\"required\">*<\/abbr><\/label><textarea  placeholder='Recite nam, \u0161to trebate?*' name=\"avia_5_1\" class=\"text_area is_empty\" cols=\"40\" rows=\"7\" id=\"avia_5_1\" ><\/textarea><\/p><p class=\"hidden\"><input type=\"text\" name=\"avia_6_1\" class=\"hidden \" id=\"avia_6_1\" value=\"\" \/><\/p><div id='avia_7_1' class='av-recaptcha-area  first_form  form_element form_fullwidth av-last-visible-form-element '  data-container_class=\"\" data-custom_class=\"\" data-context=\"av_contact_form\" data-token_input=\"av_recaptcha_token\" data-version=\"avia_recaptcha_v2\" data-theme=\"light\" data-size=\"normal\" data-score=\"0.8\" data-text_to_preview=\"\" data-value=\"\"><div class=\"av-google-badge-message hidden\">This site is protected by reCAPTCHA and the Google <a href=\"https:\/\/policies.google.com\/privacy\">Privacy Policy<\/a> and <a href=\"https:\/\/policies.google.com\/terms\">Terms of Service<\/a> apply.<\/div><\/div><p class=' av_form_privacy_check av_contact_privacy_check first_form  form_element form_fullwidth' id='element_avia_8_1'><input  name=\"avia_8_1\" class=\"input_checkbox is_empty\" type=\"checkbox\" id=\"avia_8_1\" value=\"true\"\/><label class=\"input_checkbox_label\" for=\"avia_8_1\">Aceito que os meus dados sejam tratados para dar resposta ao pedido de informa\u00e7\u00e3o. <abbr class=\"required\" title=\"required\">*<\/abbr><\/label><\/p><p class=\"form_element \"><input type=\"hidden\" value=\"1\" name=\"avia_generated_form1\" \/><input type=\"submit\" value=\"Kontaktiraj\" class=\"button\"  data-sending-label=\"Sending\"\/><\/p><\/fieldset><div class=\"avia-disabled-form\">This contact form is deactivated because you refused to accept Google reCaptcha service which is necessary to validate any messages sent by the form.<\/div><\/form><div id=\"ajaxresponse_1\" class=\"ajaxresponse ajaxresponse_1 hidden\"><\/div><br \/>\n\n<style type=\"text\/css\" data-created_by=\"avia_inline_auto\" id=\"style-css-av-offb-c1de6ece3769f2a25cae2eefe43bdc21\">\n#top .av_textblock_section.av-offb-c1de6ece3769f2a25cae2eefe43bdc21 .avia_textblock{\nfont-size:10px;\n}\n<\/style>\n<section  class='av_textblock_section av-offb-c1de6ece3769f2a25cae2eefe43bdc21 '   itemscope=\"itemscope\" itemtype=\"https:\/\/schema.org\/CreativeWork\" ><div class='avia_textblock'  itemprop=\"text\" ><p><strong>ODGOVORNI ZA OBRADU:<\/strong> CAES MARKETING, S.L.<\/p>\n<p><strong>SVRHA:<\/strong> Odgovoriti na zahtjev korisnika.<\/p>\n<p><strong>PRAVNA OSNOVA:<\/strong> Privola ispitanika.<\/p>\n<p><strong>PRIMATELJI:<\/strong> Ne predvi\u0111aju se prijenosi, osim po zakonskoj obvezi ili sudskom zahtjevu.<\/p>\n<p><strong>PRAVA:<\/strong> Pristup, ispravak, brisanje, prigovor, ograni\u010denje, prenosivost, opoziv privole. Ako smatrate da obrada va\u0161ih podataka nije u skladu s propisima, mo\u017eete se obratiti Nadzornom tijelu (www.aepd.es).<\/p>\n<p><strong>DODATNE INFORMACIJE:<\/strong> vi\u0161e informacija u na\u0161oj\u00a0<a href=\"http:\/\/misterads.es\/politica-de-privacidad\/\">politici privatnosti.<\/a><\/p>\n<\/div><\/section><\/p><\/div>\n","protected":false},"excerpt":{"rendered":"","protected":false},"author":2,"featured_media":0,"parent":0,"menu_order":0,"comment_status":"closed","ping_status":"closed","template":"","meta":{"footnotes":""},"class_list":["post-14764","page","type-page","status-publish","hentry"],"yoast_head":"<!-- This site is optimized with the Yoast SEO plugin v27.4 - https:\/\/yoast.com\/product\/yoast-seo-wordpress\/ -->\n<title>Kontaktirajte nas - Mister Ads<\/title>\n<meta name=\"robots\" content=\"index, follow, max-snippet:-1, max-image-preview:large, max-video-preview:-1\" \/>\n<link rel=\"canonical\" href=\"https:\/\/misterads.es\/pt-pt\/kontaktirajte-nas\/\" \/>\n<meta property=\"og:locale\" content=\"pt_PT\" \/>\n<meta property=\"og:type\" content=\"article\" \/>\n<meta property=\"og:title\" content=\"Kontaktirajte nas - Mister Ads\" \/>\n<meta property=\"og:url\" content=\"https:\/\/misterads.es\/pt-pt\/kontaktirajte-nas\/\" \/>\n<meta property=\"og:site_name\" content=\"Mister Ads\" \/>\n<meta name=\"twitter:card\" content=\"summary_large_image\" \/>\n<meta name=\"twitter:label1\" content=\"Tempo estimado de leitura\" \/>\n\t<meta name=\"twitter:data1\" content=\"8 minutos\" \/>\n<script type=\"application\/ld+json\" class=\"yoast-schema-graph\">{\"@context\":\"https:\\\/\\\/schema.org\",\"@graph\":[{\"@type\":\"WebPage\",\"@id\":\"https:\\\/\\\/misterads.es\\\/pt-pt\\\/kontaktirajte-nas\\\/\",\"url\":\"https:\\\/\\\/misterads.es\\\/pt-pt\\\/kontaktirajte-nas\\\/\",\"name\":\"Kontaktirajte nas - Mister Ads\",\"isPartOf\":{\"@id\":\"https:\\\/\\\/misterads.es\\\/pt-pt\\\/#website\"},\"datePublished\":\"2026-03-19T10:05:44+00:00\",\"breadcrumb\":{\"@id\":\"https:\\\/\\\/misterads.es\\\/pt-pt\\\/kontaktirajte-nas\\\/#breadcrumb\"},\"inLanguage\":\"pt-PT\",\"potentialAction\":[{\"@type\":\"ReadAction\",\"target\":[\"https:\\\/\\\/misterads.es\\\/pt-pt\\\/kontaktirajte-nas\\\/\"]}]},{\"@type\":\"BreadcrumbList\",\"@id\":\"https:\\\/\\\/misterads.es\\\/pt-pt\\\/kontaktirajte-nas\\\/#breadcrumb\",\"itemListElement\":[{\"@type\":\"ListItem\",\"position\":1,\"name\":\"Portada\",\"item\":\"https:\\\/\\\/misterads.es\\\/pt-pt\\\/comeco\\\/\"},{\"@type\":\"ListItem\",\"position\":2,\"name\":\"Kontaktirajte nas\"}]},{\"@type\":\"WebSite\",\"@id\":\"https:\\\/\\\/misterads.es\\\/pt-pt\\\/#website\",\"url\":\"https:\\\/\\\/misterads.es\\\/pt-pt\\\/\",\"name\":\"Mister Ads\",\"description\":\"Agencia de Performance Marketing\",\"potentialAction\":[{\"@type\":\"SearchAction\",\"target\":{\"@type\":\"EntryPoint\",\"urlTemplate\":\"https:\\\/\\\/misterads.es\\\/pt-pt\\\/?s={search_term_string}\"},\"query-input\":{\"@type\":\"PropertyValueSpecification\",\"valueRequired\":true,\"valueName\":\"search_term_string\"}}],\"inLanguage\":\"pt-PT\"}]}<\/script>\n<!-- \/ Yoast SEO plugin. -->","yoast_head_json":{"title":"Kontaktirajte nas - Mister Ads","robots":{"index":"index","follow":"follow","max-snippet":"max-snippet:-1","max-image-preview":"max-image-preview:large","max-video-preview":"max-video-preview:-1"},"canonical":"https:\/\/misterads.es\/pt-pt\/kontaktirajte-nas\/","og_locale":"pt_PT","og_type":"article","og_title":"Kontaktirajte nas - Mister Ads","og_url":"https:\/\/misterads.es\/pt-pt\/kontaktirajte-nas\/","og_site_name":"Mister Ads","twitter_card":"summary_large_image","twitter_misc":{"Tempo estimado de leitura":"8 minutos"},"schema":{"@context":"https:\/\/schema.org","@graph":[{"@type":"WebPage","@id":"https:\/\/misterads.es\/pt-pt\/kontaktirajte-nas\/","url":"https:\/\/misterads.es\/pt-pt\/kontaktirajte-nas\/","name":"Kontaktirajte nas - Mister Ads","isPartOf":{"@id":"https:\/\/misterads.es\/pt-pt\/#website"},"datePublished":"2026-03-19T10:05:44+00:00","breadcrumb":{"@id":"https:\/\/misterads.es\/pt-pt\/kontaktirajte-nas\/#breadcrumb"},"inLanguage":"pt-PT","potentialAction":[{"@type":"ReadAction","target":["https:\/\/misterads.es\/pt-pt\/kontaktirajte-nas\/"]}]},{"@type":"BreadcrumbList","@id":"https:\/\/misterads.es\/pt-pt\/kontaktirajte-nas\/#breadcrumb","itemListElement":[{"@type":"ListItem","position":1,"name":"Portada","item":"https:\/\/misterads.es\/pt-pt\/comeco\/"},{"@type":"ListItem","position":2,"name":"Kontaktirajte nas"}]},{"@type":"WebSite","@id":"https:\/\/misterads.es\/pt-pt\/#website","url":"https:\/\/misterads.es\/pt-pt\/","name":"Mister Ads","description":"Agencia de Performance Marketing","potentialAction":[{"@type":"SearchAction","target":{"@type":"EntryPoint","urlTemplate":"https:\/\/misterads.es\/pt-pt\/?s={search_term_string}"},"query-input":{"@type":"PropertyValueSpecification","valueRequired":true,"valueName":"search_term_string"}}],"inLanguage":"pt-PT"}]}},"_links":{"self":[{"href":"https:\/\/misterads.es\/pt-pt\/wp-json\/wp\/v2\/pages\/14764","targetHints":{"allow":["GET"]}}],"collection":[{"href":"https:\/\/misterads.es\/pt-pt\/wp-json\/wp\/v2\/pages"}],"about":[{"href":"https:\/\/misterads.es\/pt-pt\/wp-json\/wp\/v2\/types\/page"}],"author":[{"embeddable":true,"href":"https:\/\/misterads.es\/pt-pt\/wp-json\/wp\/v2\/users\/2"}],"replies":[{"embeddable":true,"href":"https:\/\/misterads.es\/pt-pt\/wp-json\/wp\/v2\/comments?post=14764"}],"version-history":[{"count":0,"href":"https:\/\/misterads.es\/pt-pt\/wp-json\/wp\/v2\/pages\/14764\/revisions"}],"wp:attachment":[{"href":"https:\/\/misterads.es\/pt-pt\/wp-json\/wp\/v2\/media?parent=14764"}],"curies":[{"name":"wp","href":"https:\/\/api.w.org\/{rel}","templated":true}]}}