{"id":761,"date":"2021-12-01T23:03:17","date_gmt":"2021-12-01T23:03:17","guid":{"rendered":"https:\/\/misterads.es\/el-equipo\/"},"modified":"2025-10-14T09:06:53","modified_gmt":"2025-10-14T08:06:53","slug":"a-equipo","status":"publish","type":"page","link":"https:\/\/misterads.es\/pt-pt\/sobre-nos\/a-equipo\/","title":{"rendered":"A equipo"},"content":{"rendered":"\n<style type=\"text\/css\" data-created_by=\"avia_inline_auto\" id=\"style-css-av-28df7d-5adede0ad07c344145a8cad2349671ac\">\n.avia-section.av-28df7d-5adede0ad07c344145a8cad2349671ac .av-parallax .av-parallax-inner{\nbackground-repeat:no-repeat;\nbackground-image:url(https:\/\/misterads.es\/wp-content\/uploads\/2022\/04\/Imagen-principal-pa\u0301gina-el-equipo-1030x298.png);\nbackground-position:50% 50%;\nbackground-attachment:scroll;\n}\n.avia-section.av-28df7d-5adede0ad07c344145a8cad2349671ac .av-section-color-overlay{\nopacity:0.5;\nbackground-color:#000000;\n}\n<\/style>\n<div id='av_section_1'  class='avia-section av-28df7d-5adede0ad07c344145a8cad2349671ac main_color avia-section-huge avia-no-border-styling  avia-builder-el-0  el_before_av_heading  avia-builder-el-first  avia-full-stretch av-parallax-section avia-bg-style-parallax av-section-color-overlay-active container_wrap sidebar_right'  data-section-bg-repeat='stretch'><div class='av-parallax' data-avia-parallax-ratio='0.3' ><div class='av-parallax-inner main_color avia-full-stretch'><\/div><\/div><div class=\"av-section-color-overlay-wrap\"><div class=\"av-section-color-overlay\"><\/div><div class='container av-section-cont-open' ><main  role=\"main\" itemprop=\"mainContentOfPage\"  class='template-page content  av-content-small alpha units'><div class='post-entry post-entry-type-page post-entry-761'><div class='entry-content-wrapper clearfix'>\n\n<style type=\"text\/css\" data-created_by=\"avia_inline_auto\" id=\"style-css-av-kwo4x141-105ad1fda36d04f97670bc3676e30d6c\">\n#top .av-special-heading.av-kwo4x141-105ad1fda36d04f97670bc3676e30d6c{\npadding-bottom:10px;\ncolor:#ffffff;\n}\nbody .av-special-heading.av-kwo4x141-105ad1fda36d04f97670bc3676e30d6c .av-special-heading-tag .heading-char{\nfont-size:25px;\n}\n#top #wrap_all .av-special-heading.av-kwo4x141-105ad1fda36d04f97670bc3676e30d6c .av-special-heading-tag{\npadding:0 0 20px 0;\n}\n.av-special-heading.av-kwo4x141-105ad1fda36d04f97670bc3676e30d6c .special-heading-inner-border{\nborder-color:#ffffff;\n}\n.av-special-heading.av-kwo4x141-105ad1fda36d04f97670bc3676e30d6c .av-subheading{\nfont-size:15px;\ncolor:#eaeaea;\n}\n<\/style>\n<div  class='av-special-heading av-kwo4x141-105ad1fda36d04f97670bc3676e30d6c av-special-heading-h1 custom-color-heading blockquote modern-quote modern-centered  avia-builder-el-1  avia-builder-el-no-sibling '><h1 class='av-special-heading-tag '  itemprop=\"headline\"  >A equipo<\/h1><div class='av_custom_color av-subheading av-subheading_below'><p>Comprometido, envolvido e dedicado a alcan\u00e7ar seus objetivos e, assim, crescer juntos.<\/p>\n<\/div><div class=\"special-heading-border\"><div class=\"special-heading-inner-border\"><\/div><\/div><\/div>\n<\/div><\/div><\/main><!-- close content main element --><\/div><\/div><\/div><div id='after_section_1'  class='main_color av_default_container_wrap container_wrap sidebar_right'  ><div class='container av-section-cont-open' ><div class='template-page content  av-content-small alpha units'><div class='post-entry post-entry-type-page post-entry-761'><div class='entry-content-wrapper clearfix'>\n\n<style type=\"text\/css\" data-created_by=\"avia_inline_auto\" id=\"style-css-av-l9fhk80z-b4d25c5cc086fe5d5900c595cb7d1a67\">\n#top .av-special-heading.av-l9fhk80z-b4d25c5cc086fe5d5900c595cb7d1a67{\npadding-bottom:10px;\n}\nbody .av-special-heading.av-l9fhk80z-b4d25c5cc086fe5d5900c595cb7d1a67 .av-special-heading-tag .heading-char{\nfont-size:25px;\n}\n.av-special-heading.av-l9fhk80z-b4d25c5cc086fe5d5900c595cb7d1a67 .av-subheading{\nfont-size:15px;\n}\n<\/style>\n<div  class='av-special-heading av-l9fhk80z-b4d25c5cc086fe5d5900c595cb7d1a67 av-special-heading-h2 blockquote modern-quote modern-centered  avia-builder-el-2  el_after_av_section  el_before_av_slideshow_full  avia-builder-el-no-sibling '><h2 class='av-special-heading-tag '  itemprop=\"headline\"  >NOSSO ATIVO MAIS VALIOSO<\/h2><div class=\"special-heading-border\"><div class=\"special-heading-inner-border\"><\/div><\/div><\/div>\n<\/div><\/div><\/div><!-- close content main div --><\/div><\/div><div id='full_slider_1'  class='avia-fullwidth-slider main_color avia-shadow   avia-builder-el-3  el_after_av_heading  el_before_av_one_third   slider-not-first container_wrap sidebar_right'  ><div  class='avia-slideshow av-l9fhkv86-0640511247e2f3aa4ac1a0f722b9de81 avia-slideshow-featured av_slideshow_full avia-slide-slider av-slideshow-ui av-control-default av-slideshow-manual av-loop-once av-loop-manual-endless av-default-height-applied   avia-slideshow-1' data-slideshow-options=\"{&quot;animation&quot;:&quot;slide&quot;,&quot;autoplay&quot;:false,&quot;loop_autoplay&quot;:&quot;once&quot;,&quot;interval&quot;:5,&quot;loop_manual&quot;:&quot;manual-endless&quot;,&quot;autoplay_stopper&quot;:false,&quot;noNavigation&quot;:false,&quot;bg_slider&quot;:false,&quot;keep_padding&quot;:false,&quot;hoverpause&quot;:false,&quot;show_slide_delay&quot;:0}\"  itemprop=\"image\" itemscope=\"itemscope\" itemtype=\"https:\/\/schema.org\/ImageObject\" ><ul class='avia-slideshow-inner ' style='padding-bottom: 28.661087866109%;'><li  class='avia-slideshow-slide av-l9fhkv86-0640511247e2f3aa4ac1a0f722b9de81__0  av-single-slide slide-1 slide-odd'><div data-rel='slideshow-1' class='avia-slide-wrap '   ><img decoding=\"async\" fetchpriority=\"high\" class=\"wp-image-14298 avia-img-lazy-loading-not-14298\"  src=\"https:\/\/misterads.es\/wp-content\/uploads\/2025\/10\/Foto-equipo-1-1.jpg\" width=\"1434\" height=\"411\" title='Foto equipo 1 (1)' alt=''  itemprop=\"thumbnailUrl\" srcset=\"https:\/\/misterads.es\/wp-content\/uploads\/2025\/10\/Foto-equipo-1-1.jpg 1434w, https:\/\/misterads.es\/wp-content\/uploads\/2025\/10\/Foto-equipo-1-1-300x86.jpg 300w, https:\/\/misterads.es\/wp-content\/uploads\/2025\/10\/Foto-equipo-1-1-1030x295.jpg 1030w, https:\/\/misterads.es\/wp-content\/uploads\/2025\/10\/Foto-equipo-1-1-768x220.jpg 768w, https:\/\/misterads.es\/wp-content\/uploads\/2025\/10\/Foto-equipo-1-1-705x202.jpg 705w\" sizes=\"(max-width: 1434px) 100vw, 1434px\" \/><\/div><\/li><\/ul><\/div><\/div><div id='after_full_slider_1'  class='main_color av_default_container_wrap container_wrap sidebar_right'  ><div class='container av-section-cont-open' ><div class='template-page content  av-content-small alpha units'><div class='post-entry post-entry-type-page post-entry-761'><div class='entry-content-wrapper clearfix'>\n<div  class='flex_column av-4vdo1-058757c55ad71535d81a821ca3837bdd av_one_third  avia-builder-el-4  el_after_av_slideshow_full  el_before_av_one_third  avia-builder-el-first  first flex_column_div  '     ><style type=\"text\/css\" data-created_by=\"avia_inline_auto\" id=\"style-css-av-l9fi13tb-0df19ec6cf6e0d5b18f516e3fc60e9fa\">\n#top .av_textblock_section.av-l9fi13tb-0df19ec6cf6e0d5b18f516e3fc60e9fa .avia_textblock{\ntext-align:left;\n}\n<\/style>\n<section  class='av_textblock_section av-l9fi13tb-0df19ec6cf6e0d5b18f516e3fc60e9fa '   itemscope=\"itemscope\" itemtype=\"https:\/\/schema.org\/CreativeWork\" ><div class='avia_textblock'  itemprop=\"text\" ><h3>NOEMI L\u00d3PEZ<\/h3>\n<\/div><\/section><br \/>\n<section  class='av_textblock_section av-xnn81-c7b326d1d58b3b0fb625422ba0987772 '   itemscope=\"itemscope\" itemtype=\"https:\/\/schema.org\/CreativeWork\" ><div class='avia_textblock'  itemprop=\"text\" ><p><span style=\"font-weight: 400;\">Met\u00f3dica, rigorosa e extremamente organizada, Noem\u00ed trabalhou para grandes empresas, tanto do setor da constru\u00e7\u00e3o civil, turismo e viagens, como agora no setor do marketing digital. Desde que se encontraram, Noem\u00ed tem certeza de que construir\u00e3o uma oportunidade e v\u00e3o desenvolv\u00ea-la juntos. Aconteceu!<\/span><\/p>\n<p><span style=\"font-weight: 400;\">\u00c9 uma parte fundamental da equipe, pois faz a gest\u00e3o administrativa, financeira e burocr\u00e1tica da Mister Ads.<\/span><\/p>\n<p><span style=\"font-weight: 400;\">Ela adora seu trabalho e desfruta dos n\u00fameros. O que ela mais gosta \u00e9 de conversar com os clientes, acompanh\u00e1-los e escut\u00e1-los. Poder ajud\u00e1-los \u00e9 o que torna ela mais especial,\u00a0 am\u00e1vel e soci\u00e1vel.<\/span><\/p>\n<\/div><\/section><\/p><\/div>\n<div  class='flex_column av-20fne9-6c6bf57269960e3cb8dcd5488b836ea4 av_one_third  avia-builder-el-7  el_after_av_one_third  el_before_av_one_third  flex_column_div  '     ><style type=\"text\/css\" data-created_by=\"avia_inline_auto\" id=\"style-css-av-l9fi1j0f-1860b59e675e195fde1935f703617587\">\n#top .av_textblock_section.av-l9fi1j0f-1860b59e675e195fde1935f703617587 .avia_textblock{\ntext-align:left;\n}\n<\/style>\n<section  class='av_textblock_section av-l9fi1j0f-1860b59e675e195fde1935f703617587 '   itemscope=\"itemscope\" itemtype=\"https:\/\/schema.org\/CreativeWork\" ><div class='avia_textblock'  itemprop=\"text\" ><h3>CARLES ALONSO<\/h3>\n<\/div><\/section><br \/>\n<section  class='av_textblock_section av-1mvo9l-55ffc79b2ab76acec51996bcc574a9aa '   itemscope=\"itemscope\" itemtype=\"https:\/\/schema.org\/CreativeWork\" ><div class='avia_textblock'  itemprop=\"text\" ><p><span style=\"font-weight: 400;\">Desde a primeira vez que se conectou a internet como um modem de 36Kb quando crian\u00e7a, Carles sabia que a sua vida seria atr\u00e1s de um monitor.<\/span><\/p>\n<p><span style=\"font-weight: 400;\">Depois de estudar programa\u00e7\u00e3o e trabalhar em v\u00e1rios projetos, em 2009 se especializou em Marketing Online e formou parte de diferentes projetos como Traffic Manager na Venca, SEM &amp; CRO Manager na Only-apartments e Traffic Manager &amp; CMO no grupo Bilua.<\/span><\/p>\n<p><span style=\"font-weight: 400;\">Todas as experi\u00eancias e conhecimentos agora s\u00e3o aplicados nos pr\u00f3prios clientes, sob a cust\u00f3dia de Mister Ads. \u00c9 assim que aproveito todo o potencial poss\u00edvel das plataformas online.<\/span><\/p>\n<\/div><\/section><\/p><\/div>\n<div  class='flex_column av-p97vl-17c16d332d838f07182a9a9c889f7f99 av_one_third  avia-builder-el-10  el_after_av_one_third  el_before_av_one_third  flex_column_div  '     ><style type=\"text\/css\" data-created_by=\"avia_inline_auto\" id=\"style-css-av-l9fi1nz7-3ec9e35ecef68dad983e16d4358a5c06\">\n#top .av_textblock_section.av-l9fi1nz7-3ec9e35ecef68dad983e16d4358a5c06 .avia_textblock{\ntext-align:left;\n}\n<\/style>\n<section  class='av_textblock_section av-l9fi1nz7-3ec9e35ecef68dad983e16d4358a5c06 '   itemscope=\"itemscope\" itemtype=\"https:\/\/schema.org\/CreativeWork\" ><div class='avia_textblock'  itemprop=\"text\" ><h3>MONTSE L\u00d3PEZ<\/h3>\n<\/div><\/section><br \/>\n<section  class='av_textblock_section av-8s741-88d3e5b9ffa8f34cbc35246a7667027a '   itemscope=\"itemscope\" itemtype=\"https:\/\/schema.org\/CreativeWork\" ><div class='avia_textblock'  itemprop=\"text\" ><p>Inquieto no trabalho, sempre pronto para aprender coisas novas e movido pelo aprimoramento constante. Esta atitude levou-a a explorar diferentes cargos em v\u00e1rias empresas, tanto tradicionais como do setor online.<\/p>\n<p>Toda essa experi\u00eancia, suas habilidades anal\u00edticas e organizacionais a tornam um elemento-chave na promo\u00e7\u00e3o dos projetos da Mister Ads.<\/p>\n<p>Divirta-se fornecendo solu\u00e7\u00f5es e ajudando a equipe nas dificuldades que encontrar. Ele sabe que tudo pode ser melhorado e essa \u00e9 a sua miss\u00e3o. Ele adora desafios!<\/p>\n<\/div><\/section><\/p><\/div>\n<div  class='flex_column av-av_one_third-a93934ecd89fbb8a9566d39e89cd3725 av_one_third  avia-builder-el-13  el_after_av_one_third  el_before_av_one_half  first flex_column_div  column-top-margin'     ><style type=\"text\/css\" data-created_by=\"avia_inline_auto\" id=\"style-css-av-mgqa115l-8683713955d55bf4bfaa8b0dbb69c24e\">\n#top .av_textblock_section.av-mgqa115l-8683713955d55bf4bfaa8b0dbb69c24e .avia_textblock{\ntext-align:left;\n}\n<\/style>\n<section  class='av_textblock_section av-mgqa115l-8683713955d55bf4bfaa8b0dbb69c24e '   itemscope=\"itemscope\" itemtype=\"https:\/\/schema.org\/CreativeWork\" ><div class='avia_textblock'  itemprop=\"text\" ><h3>JUDITH NAVARRETE<\/h3>\n<\/div><\/section><br \/>\n<section  class='av_textblock_section av-mgqa1xxc-682f2e980b28909310a97503ca5c491b '   itemscope=\"itemscope\" itemtype=\"https:\/\/schema.org\/CreativeWork\" ><div class='avia_textblock'  itemprop=\"text\" ><p data-start=\"0\" data-end=\"195\">Sempre disposta a aprender, orientou sua carreira para o marketing digital e o SEO, explorando diferentes ambientes e desafios que lhe permitiram crescer tanto profissional quanto pessoalmente.<\/p>\n<p data-start=\"197\" data-end=\"369\">Sua paix\u00e3o por campanhas, otimiza\u00e7\u00e3o de sites e gest\u00e3o de redes sociais a impulsiona a buscar constantemente a melhoria cont\u00ednua e resultados mensur\u00e1veis em cada projeto.<\/p>\n<p data-start=\"371\" data-end=\"696\" data-is-last-node=\"\" data-is-only-node=\"\">Organizada, anal\u00edtica e com grande capacidade de adapta\u00e7\u00e3o, gosta de contribuir com solu\u00e7\u00f5es e de ajudar para que tudo funcione melhor. Acredita firmemente que sempre h\u00e1 espa\u00e7o para melhorar, e essa mentalidade a leva a se envolver ao m\u00e1ximo em cada projeto, com comprometimento, curiosidade e vontade de continuar evoluindo.<\/p>\n<\/div><\/section><\/p><\/div><div  class='flex_column av-av_one_half-d06667205e6186ec8414c6eb7605d406 av_one_half  avia-builder-el-16  el_after_av_one_third  avia-builder-el-last  flex_column_div  column-top-margin'     ><style type=\"text\/css\" data-created_by=\"avia_inline_auto\" id=\"style-css-av-mgqa26fy-d80f0d6a05e18b49de332487c9dd7641\">\n#top .av_textblock_section.av-mgqa26fy-d80f0d6a05e18b49de332487c9dd7641 .avia_textblock{\ntext-align:left;\n}\n<\/style>\n<section  class='av_textblock_section av-mgqa26fy-d80f0d6a05e18b49de332487c9dd7641 '   itemscope=\"itemscope\" itemtype=\"https:\/\/schema.org\/CreativeWork\" ><div class='avia_textblock'  itemprop=\"text\" ><h3>LOKI<\/h3>\n<\/div><\/section><br \/>\n<section  class='av_textblock_section av-mgqa3fvt-b6a80724bdce7d3360009a2e2172da66 '   itemscope=\"itemscope\" itemtype=\"https:\/\/schema.org\/CreativeWork\" ><div class='avia_textblock'  itemprop=\"text\" ><p data-start=\"0\" data-end=\"134\">Loki chegou ao escrit\u00f3rio sem curr\u00edculo, mas com ouvidos perfeitamente sintonizados para qualquer conversa sobre comida ou passeios.<\/p>\n<p data-start=\"136\" data-end=\"168\">Entre suas principais tarefas:<\/p>\n<ul>\n<li data-start=\"171\" data-end=\"275\">Supervisionar as pausas para o caf\u00e9 e garantir que todas as migalhas no ch\u00e3o sejam devidamente limpas.<\/li>\n<li data-start=\"278\" data-end=\"395\">Demonstrar um entusiasmo ilimitado com a chegada de qualquer membro da equipe (ou, na verdade, de qualquer pessoa).<\/li>\n<li data-start=\"398\" data-end=\"484\">Oferecer apoio emocional e lambidas motivacionais sob demanda (e mesmo sem demanda).<\/li>\n<li data-start=\"487\" data-end=\"566\">Lembrar-nos de que se alongar a cada duas horas \u00e9 vital para a produtividade.<\/li>\n<\/ul>\n<p data-start=\"568\" data-end=\"772\" data-is-last-node=\"\" data-is-only-node=\"\">Ele \u00e9 nosso estagi\u00e1rio, com possibilidade de se tornar membro fixo da equipe. Atualmente est\u00e1 em forma\u00e7\u00e3o cont\u00ednua em gest\u00e3o de estresse (dos outros, \u00e9 claro) e lideran\u00e7a suave (atrav\u00e9s do olhar intenso).<\/p>\n<\/div><\/section><\/p><\/div><\/p>\n","protected":false},"excerpt":{"rendered":"","protected":false},"author":1,"featured_media":0,"parent":828,"menu_order":0,"comment_status":"closed","ping_status":"closed","template":"","meta":{"footnotes":""},"class_list":["post-761","page","type-page","status-publish","hentry"],"yoast_head":"<!-- This site is optimized with the Yoast SEO plugin v27.4 - https:\/\/yoast.com\/product\/yoast-seo-wordpress\/ -->\n<title>A equipo - Mister Ads<\/title>\n<meta name=\"robots\" content=\"noindex, nofollow\" \/>\n<meta property=\"og:locale\" content=\"pt_PT\" \/>\n<meta property=\"og:type\" content=\"article\" \/>\n<meta property=\"og:title\" content=\"A equipo - Mister Ads\" \/>\n<meta property=\"og:url\" content=\"https:\/\/misterads.es\/pt-pt\/sobre-nos\/a-equipo\/\" \/>\n<meta property=\"og:site_name\" content=\"Mister Ads\" \/>\n<meta property=\"article:modified_time\" content=\"2025-10-14T08:06:53+00:00\" \/>\n<meta name=\"twitter:card\" content=\"summary_large_image\" \/>\n<meta name=\"twitter:label1\" content=\"Tempo estimado de leitura\" \/>\n\t<meta name=\"twitter:data1\" content=\"3 minutos\" \/>\n<script type=\"application\/ld+json\" class=\"yoast-schema-graph\">{\"@context\":\"https:\\\/\\\/schema.org\",\"@graph\":[{\"@type\":\"WebPage\",\"@id\":\"https:\\\/\\\/misterads.es\\\/pt-pt\\\/sobre-nos\\\/a-equipo\\\/\",\"url\":\"https:\\\/\\\/misterads.es\\\/pt-pt\\\/sobre-nos\\\/a-equipo\\\/\",\"name\":\"A equipo - Mister Ads\",\"isPartOf\":{\"@id\":\"https:\\\/\\\/misterads.es\\\/pt-pt\\\/#website\"},\"datePublished\":\"2021-12-01T23:03:17+00:00\",\"dateModified\":\"2025-10-14T08:06:53+00:00\",\"breadcrumb\":{\"@id\":\"https:\\\/\\\/misterads.es\\\/pt-pt\\\/sobre-nos\\\/a-equipo\\\/#breadcrumb\"},\"inLanguage\":\"pt-PT\",\"potentialAction\":[{\"@type\":\"ReadAction\",\"target\":[\"https:\\\/\\\/misterads.es\\\/pt-pt\\\/sobre-nos\\\/a-equipo\\\/\"]}]},{\"@type\":\"BreadcrumbList\",\"@id\":\"https:\\\/\\\/misterads.es\\\/pt-pt\\\/sobre-nos\\\/a-equipo\\\/#breadcrumb\",\"itemListElement\":[{\"@type\":\"ListItem\",\"position\":1,\"name\":\"Portada\",\"item\":\"https:\\\/\\\/misterads.es\\\/pt-pt\\\/comeco\\\/\"},{\"@type\":\"ListItem\",\"position\":2,\"name\":\"Sobre n\u00f3s\",\"item\":\"https:\\\/\\\/misterads.es\\\/pt-pt\\\/sobre-nos\\\/\"},{\"@type\":\"ListItem\",\"position\":3,\"name\":\"A equipo\"}]},{\"@type\":\"WebSite\",\"@id\":\"https:\\\/\\\/misterads.es\\\/pt-pt\\\/#website\",\"url\":\"https:\\\/\\\/misterads.es\\\/pt-pt\\\/\",\"name\":\"Mister Ads\",\"description\":\"Agencia de Performance Marketing\",\"potentialAction\":[{\"@type\":\"SearchAction\",\"target\":{\"@type\":\"EntryPoint\",\"urlTemplate\":\"https:\\\/\\\/misterads.es\\\/pt-pt\\\/?s={search_term_string}\"},\"query-input\":{\"@type\":\"PropertyValueSpecification\",\"valueRequired\":true,\"valueName\":\"search_term_string\"}}],\"inLanguage\":\"pt-PT\"}]}<\/script>\n<!-- \/ Yoast SEO plugin. -->","yoast_head_json":{"title":"A equipo - Mister Ads","robots":{"index":"noindex","follow":"nofollow"},"og_locale":"pt_PT","og_type":"article","og_title":"A equipo - Mister Ads","og_url":"https:\/\/misterads.es\/pt-pt\/sobre-nos\/a-equipo\/","og_site_name":"Mister Ads","article_modified_time":"2025-10-14T08:06:53+00:00","twitter_card":"summary_large_image","twitter_misc":{"Tempo estimado de leitura":"3 minutos"},"schema":{"@context":"https:\/\/schema.org","@graph":[{"@type":"WebPage","@id":"https:\/\/misterads.es\/pt-pt\/sobre-nos\/a-equipo\/","url":"https:\/\/misterads.es\/pt-pt\/sobre-nos\/a-equipo\/","name":"A equipo - Mister Ads","isPartOf":{"@id":"https:\/\/misterads.es\/pt-pt\/#website"},"datePublished":"2021-12-01T23:03:17+00:00","dateModified":"2025-10-14T08:06:53+00:00","breadcrumb":{"@id":"https:\/\/misterads.es\/pt-pt\/sobre-nos\/a-equipo\/#breadcrumb"},"inLanguage":"pt-PT","potentialAction":[{"@type":"ReadAction","target":["https:\/\/misterads.es\/pt-pt\/sobre-nos\/a-equipo\/"]}]},{"@type":"BreadcrumbList","@id":"https:\/\/misterads.es\/pt-pt\/sobre-nos\/a-equipo\/#breadcrumb","itemListElement":[{"@type":"ListItem","position":1,"name":"Portada","item":"https:\/\/misterads.es\/pt-pt\/comeco\/"},{"@type":"ListItem","position":2,"name":"Sobre n\u00f3s","item":"https:\/\/misterads.es\/pt-pt\/sobre-nos\/"},{"@type":"ListItem","position":3,"name":"A equipo"}]},{"@type":"WebSite","@id":"https:\/\/misterads.es\/pt-pt\/#website","url":"https:\/\/misterads.es\/pt-pt\/","name":"Mister Ads","description":"Agencia de Performance Marketing","potentialAction":[{"@type":"SearchAction","target":{"@type":"EntryPoint","urlTemplate":"https:\/\/misterads.es\/pt-pt\/?s={search_term_string}"},"query-input":{"@type":"PropertyValueSpecification","valueRequired":true,"valueName":"search_term_string"}}],"inLanguage":"pt-PT"}]}},"_links":{"self":[{"href":"https:\/\/misterads.es\/pt-pt\/wp-json\/wp\/v2\/pages\/761","targetHints":{"allow":["GET"]}}],"collection":[{"href":"https:\/\/misterads.es\/pt-pt\/wp-json\/wp\/v2\/pages"}],"about":[{"href":"https:\/\/misterads.es\/pt-pt\/wp-json\/wp\/v2\/types\/page"}],"author":[{"embeddable":true,"href":"https:\/\/misterads.es\/pt-pt\/wp-json\/wp\/v2\/users\/1"}],"replies":[{"embeddable":true,"href":"https:\/\/misterads.es\/pt-pt\/wp-json\/wp\/v2\/comments?post=761"}],"version-history":[{"count":0,"href":"https:\/\/misterads.es\/pt-pt\/wp-json\/wp\/v2\/pages\/761\/revisions"}],"up":[{"embeddable":true,"href":"https:\/\/misterads.es\/pt-pt\/wp-json\/wp\/v2\/pages\/828"}],"wp:attachment":[{"href":"https:\/\/misterads.es\/pt-pt\/wp-json\/wp\/v2\/media?parent=761"}],"curies":[{"name":"wp","href":"https:\/\/api.w.org\/{rel}","templated":true}]}}