{"id":845,"date":"2021-11-15T23:53:37","date_gmt":"2021-11-15T23:53:37","guid":{"rendered":"https:\/\/misterads.es\/politica-de-privacidad\/"},"modified":"2023-05-22T14:57:19","modified_gmt":"2023-05-22T13:57:19","slug":"politica-de-privacidad","status":"publish","type":"page","link":"https:\/\/misterads.es\/pt-pt\/politica-de-privacidad\/","title":{"rendered":"Pol\u00edtica de privacidade"},"content":{"rendered":"<div  class='flex_column av-wr16-4d17258a4d268132499138f0cf0d986b av_one_full  avia-builder-el-0  el_before_av_one_full  avia-builder-el-first  first flex_column_div  '     ><style type=\"text\/css\" data-created_by=\"avia_inline_auto\" id=\"style-css-av-kw1bm7mg-57ab6c10ebcd9a54b7ecb1d748b4920c\">\n#top .av-special-heading.av-kw1bm7mg-57ab6c10ebcd9a54b7ecb1d748b4920c{\npadding-bottom:10px;\n}\nbody .av-special-heading.av-kw1bm7mg-57ab6c10ebcd9a54b7ecb1d748b4920c .av-special-heading-tag .heading-char{\nfont-size:25px;\n}\n#top #wrap_all .av-special-heading.av-kw1bm7mg-57ab6c10ebcd9a54b7ecb1d748b4920c .av-special-heading-tag{\npadding:0 0 20px 0;\n}\n.av-special-heading.av-kw1bm7mg-57ab6c10ebcd9a54b7ecb1d748b4920c .av-subheading{\nfont-size:15px;\n}\n<\/style>\n<div  class='av-special-heading av-kw1bm7mg-57ab6c10ebcd9a54b7ecb1d748b4920c av-special-heading-h1 blockquote modern-quote modern-centered  avia-builder-el-1  avia-builder-el-no-sibling '><h1 class='av-special-heading-tag '  itemprop=\"headline\"  >Pol\u00edtica de privacidade<\/h1><div class='av-subheading av-subheading_below'><p>Informa\u00e7\u00f5es b\u00e1sicas sobre prote\u00e7\u00e3o de dados<\/p>\n<\/div><div class=\"special-heading-border\"><div class=\"special-heading-inner-border\"><\/div><\/div><\/div><\/div>\n<div  class='flex_column av-sl6q-c80290eb14d881593bb6e81c51113acd av_one_full  avia-builder-el-2  el_after_av_one_full  avia-builder-el-last  first flex_column_div  column-top-margin'     ><section  class='av_textblock_section av-kw1blwg1-35e30c4dbf71d12954e281da08401622 '   itemscope=\"itemscope\" itemtype=\"https:\/\/schema.org\/CreativeWork\" ><div class='avia_textblock'  itemprop=\"text\" ><p><b>INTRODU\u00c7\u00c3O<\/b><\/p>\n<p><span style=\"font-weight: 400;\">A sua privacidade \u00e9 importante para n\u00f3s, pelo que, atrav\u00e9s deste documento, explicamos quais os dados que recolhemos dos utilizadores, como os utilizamos e para qu\u00ea, entre outras indica\u00e7\u00f5es.<\/span><\/p>\n<p><span style=\"font-weight: 400;\">Para sua informa\u00e7\u00e3o, nunca pediremos mais informa\u00e7\u00f5es do que realmente precisamos para os servi\u00e7os solicitados; nunca o compartilharemos com terceiros, exceto por obriga\u00e7\u00e3o legal ou com sua autoriza\u00e7\u00e3o pr\u00e9via; e nunca utilizaremos os seus dados para qualquer outro fim que n\u00e3o o previamente indicado.<\/span><\/p>\n<p><span style=\"font-weight: 400;\">Como usu\u00e1rio, voc\u00ea deve ler atentamente esta Pol\u00edtica de Privacidade regularmente e sempre que inserir seus dados pessoais, pois este documento pode ser modificado, pois o provedor pode modificar qualquer tipo de informa\u00e7\u00e3o que possa aparecer na web para cumprir os regulamentos. ou atualizar a pol\u00edtica, e sem que haja obriga\u00e7\u00e3o de notificar ou informar os usu\u00e1rios de tais obriga\u00e7\u00f5es, bastando a publica\u00e7\u00e3o no site do provedor.<\/span><\/p>\n<p><b>RESPONS\u00c1VEL PELO TRATAMENTO:<\/b><\/p>\n<p><span style=\"font-weight: 400;\">Identidade: <\/span><b>CAES MARKETING, S.L. <\/b><span style=\"font-weight: 400;\">(tamb\u00e9m o provedor)<\/span><\/p>\n<p><span style=\"font-weight: 400;\">NIF: <\/span><b>B01718949<\/b><\/p>\n<p><span style=\"font-weight: 400;\">Endere\u00e7o postal: <\/span><b>Avda. Ernerst Lluch, 32 TCM2 P3L4, 08302, Matar\u00f3, Barcelona<\/b><\/p>\n<p><span style=\"font-weight: 400;\">E-mail: <\/span><b>administracion@misterads.es<\/b><\/p>\n<p><b>CAES MARKETING, S.L.<\/b><span style=\"font-weight: 400;\">, como respons\u00e1vel pelo site, de acordo com o disposto no Regulamento (UE) 2016\/679 de 27 de abril de 2016 (RGPD) relativo \u00e0 prote\u00e7\u00e3o das pessoas singulares no que respeita ao tratamento de dados e \u00e0 livre circula\u00e7\u00e3o dos mesmos e outros regulamentos em vigor sobre protec\u00e7\u00e3o de dados pessoais, e pela Lei 34\/2002, de 11 de Julho, sobre Servi\u00e7os da Sociedade da Informa\u00e7\u00e3o e Com\u00e9rcio Electr\u00f3nico (LSSICE), informa que implementou as medidas de seguran\u00e7a necess\u00e1rias, de car\u00e1cter t\u00e9cnico e organizacional natureza, para garantir e proteger a confidencialidade, integridade e disponibilidade dos dados inseridos.<\/span><\/p>\n<p><b>M\u00c9TODO DE OBTEN\u00c7\u00c3O DE DADOS, QUE DADOS COLETAMOS E SUA FINALIDADE:<\/b><\/p>\n<p><span style=\"font-weight: 400;\">Os dados que recolhemos, a forma como os obtemos e a finalidade do tratamento s\u00e3o os seguintes:<\/span><\/p>\n<ul>\n<li aria-level=\"1\"><b>Formul\u00e1rio de contato:<\/b><\/li>\n<\/ul>\n<ul>\n<li style=\"font-weight: 400;\" aria-level=\"1\"><span style=\"font-weight: 400;\">Dados obrigat\u00f3rios: nome, email, telefone, empresa<\/span><\/li>\n<li style=\"font-weight: 400;\" aria-level=\"1\"><span style=\"font-weight: 400;\">Finalidade: responder a consultas e\/ou fornecer informa\u00e7\u00f5es solicitadas pelo Usu\u00e1rio<\/span><\/li>\n<li style=\"font-weight: 400;\" aria-level=\"1\"><span style=\"font-weight: 400;\">Legitima\u00e7\u00e3o: consentimento do usu\u00e1rio<\/span><\/li>\n<\/ul>\n<ol>\n<li style=\"font-weight: 400;\" aria-level=\"1\"><b>Praticar a rela\u00e7\u00e3o contratual e os procedimentos administrativos, fiscais e contabil\u00edsticos<\/b><span style=\"font-weight: 400;\"> an\u00e1logos e que sejam necess\u00e1rios ao abrigo da legisla\u00e7\u00e3o em vigor<\/span><\/li>\n<\/ol>\n<ul>\n<li style=\"font-weight: 400;\" aria-level=\"1\"><span style=\"font-weight: 400;\">Dados necess\u00e1rios: nome e sobrenome, telefone, endere\u00e7o, RG, e-mail, assinatura<\/span><\/li>\n<li style=\"font-weight: 400;\" aria-level=\"1\"><span style=\"font-weight: 400;\">Finalidade: realizar a gest\u00e3o comercial fiscal e administrativa interna<\/span><\/li>\n<li style=\"font-weight: 400;\" aria-level=\"1\"><span style=\"font-weight: 400;\">Legitima\u00e7\u00e3o: consentimento do interessado e rela\u00e7\u00e3o contratual<\/span><\/li>\n<\/ul>\n<ol>\n<li style=\"font-weight: 400;\" aria-level=\"1\"><b>WhatsApp:<\/b><span style=\"font-weight: 400;\"> a se\u00e7\u00e3o WhatsApp desta pol\u00edtica detalha seu uso.<\/span><\/li>\n<\/ol>\n<p><span style=\"font-weight: 400;\">As fotografias publicadas no site s\u00e3o propriedade da <\/span><b>CAES MARKETING, S.L.<\/b><\/p>\n<p><span style=\"font-weight: 400;\">Voc\u00ea pode revogar seu consentimento a qualquer momento enviando uma carta com o assunto &#8220;Cancelar inscri\u00e7\u00e3o&#8221; no e-mail analisado.<\/span><\/p>\n<p><span style=\"font-weight: 400;\">De acordo com o LSSICE, <\/span><b>CAES MARKETING, S.L.<\/b><span style=\"font-weight: 400;\"> n\u00e3o realiza pr\u00e1ticas de SPAM, portanto, n\u00e3o envia e-mails comerciais que n\u00e3o tenham sido previamente solicitados ou autorizados pelo Usu\u00e1rio. Consequentemente, em todas as comunica\u00e7\u00f5es que receber\u00e1 do provedor, o usu\u00e1rio tem a possibilidade de cancelar seu consentimento expresso para receber nossas comunica\u00e7\u00f5es.<\/span><\/p>\n<p><span style=\"font-weight: 400;\">N\u00e3o trataremos os seus dados pessoais para qualquer outra finalidade que n\u00e3o as descritas, exceto por obriga\u00e7\u00e3o legal ou exig\u00eancia judicial.<\/span><\/p>\n<p><span style=\"font-weight: 400;\">Voc\u00ea n\u00e3o estar\u00e1 sujeito a decis\u00f5es baseadas em processamento automatizado que tenham efeitos sobre seus dados.<\/span><\/p>\n<p><b>PER\u00cdODO DE CONSERVA\u00c7\u00c3O DE DADOS:<\/b><\/p>\n<p><span style=\"font-weight: 400;\">Os seus dados ser\u00e3o conservados enquanto durar a rela\u00e7\u00e3o comercial connosco ou exercer o seu direito de cancelamento ou oposi\u00e7\u00e3o, ou limita\u00e7\u00e3o do tratamento. No entanto, manteremos os seus dados dentro dos prazos legalmente estabelecidos nas disposi\u00e7\u00f5es aplic\u00e1veis.<\/span><\/p>\n<p><b>DESTINAT\u00c1RIOS DE CESS\u00c3O OU TRANSFER\u00caNCIA:<\/b><\/p>\n<p><b>CAES MARKETING, S.L.<\/b><span style=\"font-weight: 400;\"> S\u00f3 prestar\u00e1 informa\u00e7\u00f5es \u00e0s for\u00e7as e \u00f3rg\u00e3os de seguran\u00e7a por ordem judicial ou por obriga\u00e7\u00e3o de norma legal, sem preju\u00edzo de poder bloquear ou cancelar a sua conta caso existam ind\u00edcios da pr\u00e1tica de um crime por parte do utilizador. As informa\u00e7\u00f5es fornecidas ser\u00e3o apenas aquelas dispon\u00edveis naquele momento para o provedor.<\/span><\/p>\n<p><span style=\"font-weight: 400;\">A informa\u00e7\u00e3o que nos faculte atrav\u00e9s deste website ser\u00e1 armazenada nos servidores da <\/span><b>CAES MARKETING, S.L.<\/b><span style=\"font-weight: 400;\">, contratada \u00e0 empresa prestadora do servi\u00e7o de alojamento web. O processamento dos dados da entidade \u00e9 regulado por um contrato de processador de dados entre o provedor e esta empresa.<\/span><\/p>\n<p><span style=\"font-weight: 400;\">Da mesma forma, o prestador utiliza determinadas ferramentas para prestar servi\u00e7os necess\u00e1rios ao desenvolvimento da atividade, podendo armazenar os seus dados. Essas ferramentas s\u00e3o as seguintes:<\/span><\/p>\n<p><span style=\"font-weight: 400;\">Google Analytics: para realizar uma an\u00e1lise e m\u00e9tricas do uso que os usu\u00e1rios fazem da web atrav\u00e9s de cookies. As informa\u00e7\u00f5es geradas e coletadas por esses cookies sobre o uso (incluindo o endere\u00e7o IP) ser\u00e3o transmitidas e arquivadas diretamente pelo Google Inc., localizado em Delaware, 1600 Amphitheatre Parkway, Montare View (Calif\u00f3rnia), CA 94043 dos Estados Unidos (&#8221; Google&#8221; ), em seus servidores nos Estados Unidos.<\/span><\/p>\n<p><b>DIREITOS DAS PESSOAS INTERESSADAS:<\/b><\/p>\n<p><span style=\"font-weight: 400;\">Como utilizador interessado, pode solicitar o exerc\u00edcio dos seguintes direitos perante a <\/span><b>CAES MARKETING, S.L.<\/b><span style=\"font-weight: 400;\"> Enviando uma carta para o endere\u00e7o postal indicado no cabe\u00e7alho ou enviando um e-mail para administracion@misterads.es, indicando como Assunto: &#8220;PROTE\u00c7\u00c3O DE DADOS: DIREITOS DOS AFETADOS&#8221;.<\/span><\/p>\n<p><span style=\"font-weight: 400;\">Direitos:<\/span><\/p>\n<ul>\n<li style=\"font-weight: 400;\" aria-level=\"1\"><b>Direito de acesso:<\/b><span style=\"font-weight: 400;\"> permite ao interessado conhecer e obter informa\u00e7\u00e3o sobre os seus dados pessoais submetidos a tratamento.<\/span><\/li>\n<li style=\"font-weight: 400;\" aria-level=\"1\"><b>Direito de retifica\u00e7\u00e3o ou apagamento: <\/b><span style=\"font-weight: 400;\">permite corrigir os erros e modificar os dados que se revelarem inexatos ou incompletos<\/span><\/li>\n<li style=\"font-weight: 400;\" aria-level=\"1\"><b>Direito de cancelamento:<\/b><span style=\"font-weight: 400;\"> permite que dados inadequados ou excessivos sejam exclu\u00eddos<\/span><\/li>\n<li style=\"font-weight: 400;\" aria-level=\"1\"><b>Direito de oposi\u00e7\u00e3o:<\/b><span style=\"font-weight: 400;\"> direito do interessado de n\u00e3o proceder ao tratamento dos seus dados pessoais ou de o cessar.<\/span><\/li>\n<li style=\"font-weight: 400;\" aria-level=\"1\"><b>Limita\u00e7\u00e3o de tratamento:<\/b><span style=\"font-weight: 400;\"> implica a marca\u00e7\u00e3o dos dados pessoais guardados, de forma a limitar o seu tratamento futuro, para o exerc\u00edcio ou defesa de reclama\u00e7\u00f5es.<\/span><\/li>\n<li style=\"font-weight: 400;\" aria-level=\"1\"><b>Portabilidade de dados:<\/b><span style=\"font-weight: 400;\"> disponibiliza\u00e7\u00e3o dos dados objeto de tratamento ao interessado, para que este os transmita a outro respons\u00e1vel, sem impedimentos.<\/span><\/li>\n<li style=\"font-weight: 400;\" aria-level=\"1\"><b>Direito a n\u00e3o ficar sujeito a decis\u00f5es individuais automatizadas (incluindo a defini\u00e7\u00e3o de perfis):<\/b><span style=\"font-weight: 400;\"> direito a n\u00e3o ficar sujeito a uma decis\u00e3o baseada em tratamento automatizado que produza efeitos ou afete significativamente<\/span><\/li>\n<\/ul>\n<p><span style=\"font-weight: 400;\">Como usu\u00e1rio, voc\u00ea tem o direito de retirar o consentimento dado a qualquer momento. A retirada do consentimento n\u00e3o afetar\u00e1 a legalidade do tratamento realizado antes da retirada do consentimento.<\/span><\/p>\n<p><span style=\"font-weight: 400;\">Voc\u00ea tamb\u00e9m tem o direito de apresentar uma reclama\u00e7\u00e3o \u00e0 autoridade de controle se considerar que seus direitos podem ter sido violados em rela\u00e7\u00e3o \u00e0 prote\u00e7\u00e3o de seus dados (aepd.es).<\/span><\/p>\n<p><b>INFORMA\u00c7\u00c3O ADICIONAL<\/b><\/p>\n<p><b>MEDIDAS DE SEGURAN\u00c7A:<\/b><\/p>\n<p><span style=\"font-weight: 400;\">Os dados que nos fornecer ser\u00e3o tratados de forma confidencial. O provedor adotou todas as medidas t\u00e9cnicas e organizacionais e todos os n\u00edveis de prote\u00e7\u00e3o necess\u00e1rios para garantir a seguran\u00e7a no tratamento dos dados e evitar sua altera\u00e7\u00e3o, perda, roubo, tratamento ou acesso n\u00e3o autorizado, de acordo com o estado da tecnologia e natureza dos dados armazenados. Da mesma forma, tamb\u00e9m \u00e9 garantido que o tratamento e registro em arquivos, programas, sistemas ou equipamentos, instala\u00e7\u00f5es e centros cumprem os requisitos e condi\u00e7\u00f5es de integridade e seguran\u00e7a estabelecidos na regulamenta\u00e7\u00e3o em vigor.<\/span><\/p>\n<p><b>LINGUAGEM<\/b><\/p>\n<p><span style=\"font-weight: 400;\">O idioma aplic\u00e1vel a esta pol\u00edtica de privacidade \u00e9 o espanhol. Portanto, caso haja alguma contradi\u00e7\u00e3o em alguma das vers\u00f5es fornecidas em outros idiomas, a vers\u00e3o em espanhol prevalecer\u00e1.<\/span><\/p>\n<p><b>REDES SOCIAIS<\/b><\/p>\n<p><span style=\"font-weight: 400;\">Informamos que a <\/span><b>CAES MARKETING, S.L.<\/b><span style=\"font-weight: 400;\"> Voc\u00ea pode ter uma presen\u00e7a nas redes sociais. O tratamento de dados efetuado sobre as pessoas que se tornam seguidores nas redes sociais (e\/ou realizam qualquer a\u00e7\u00e3o de link ou conex\u00e3o atrav\u00e9s das redes sociais) das p\u00e1ginas oficiais da <\/span><b>CAES MARKETING, S.L.<\/b><span style=\"font-weight: 400;\"> ser\u00e1 regido por esta se\u00e7\u00e3o, bem como pelas condi\u00e7\u00f5es de uso, pol\u00edticas de privacidade e regulamentos de acesso pertencentes \u00e0 rede social que sejam apropriados em cada caso e previamente aceitos pelo usu\u00e1rio.<\/span><\/p>\n<p><b>CAES MARKETING, S.L.<\/b><span style=\"font-weight: 400;\"> tratar\u00e1 os seus dados com a finalidade de gerir corretamente a sua presen\u00e7a na rede social, informando sobre as atividades, produtos ou servi\u00e7os do fornecedor, bem como para qualquer outra finalidade que o regulamento das Redes Sociais permita.<\/span><\/p>\n<p><span style=\"font-weight: 400;\">\u00c9 proibida a publica\u00e7\u00e3o de conte\u00fado:<\/span><\/p>\n<ul>\n<li style=\"font-weight: 400;\" aria-level=\"1\"><span style=\"font-weight: 400;\">Que sejam supostamente ilegais por regulamentos nacionais, comunit\u00e1rios ou internacionais ou que exer\u00e7am atividades supostamente ilegais ou violem os princ\u00edpios de boa f\u00e9.<\/span><\/li>\n<li style=\"font-weight: 400;\" aria-level=\"1\"><span style=\"font-weight: 400;\">Que violem os direitos fundamentais das pessoas, falta de cortesia na rede, incomodem ou possam gerar opini\u00f5es negativas em nossos usu\u00e1rios ou terceiros e em geral qualquer que seja o conte\u00fado que <\/span><b>CAES MARKETING, S.L.<\/b><span style=\"font-weight: 400;\"> considere inadequado.<\/span><\/li>\n<li style=\"font-weight: 400;\" aria-level=\"1\"><span style=\"font-weight: 400;\">E em geral que violem os princ\u00edpios da legalidade, honestidade, responsabilidade, prote\u00e7\u00e3o da dignidade humana, prote\u00e7\u00e3o de menores, prote\u00e7\u00e3o da ordem p\u00fablica, prote\u00e7\u00e3o da vida privada, prote\u00e7\u00e3o do consumidor e direitos de propriedade intelectual e industrial.<\/span><\/li>\n<\/ul>\n<p><span style=\"font-weight: 400;\">Da mesma forma, <\/span><b>CAES MARKETING, S.L.<\/b><span style=\"font-weight: 400;\"> reserva-se o direito de retirar, sem aviso pr\u00e9vio do site ou da rede social corporativa, os conte\u00fados que considere impr\u00f3prios.<\/span><\/p>\n<p><span style=\"font-weight: 400;\">Em qualquer caso, se enviar informa\u00e7\u00f5es pessoais atrav\u00e9s da rede social, <\/span><b>CAES MARKETING, S.L.<\/b><span style=\"font-weight: 400;\"> estar\u00e1 isento de responsabilidade relativamente \u00e0s medidas de seguran\u00e7a aplic\u00e1veis \u200b\u200ba esta plataforma, devendo o utilizador, caso as pretenda conhecer, consultar as respetivas condi\u00e7\u00f5es particulares da rede em causa.<\/span><\/p>\n<p><b>WHATSAPP<\/b><\/p>\n<p><span style=\"font-weight: 400;\">O tratamento dos dados que se realiza das pessoas que fazem uma consulta atrav\u00e9s do WhatsApp da <\/span><b>CAES MARKETING, S.L.<\/b><span style=\"font-weight: 400;\"> ser\u00e1 regido por esta se\u00e7\u00e3o, bem como pelas condi\u00e7\u00f5es de uso, pol\u00edticas de privacidade e regulamentos de acesso pertencentes ao aplicativo que procedem em cada caso e previamente aceitos pelo usu\u00e1rio. A <\/span><b>CAES MARKETING, S.L.<\/b><span style=\"font-weight: 400;\">, tratar\u00e1 os seus dados com a finalidade de gerir corretamente a sua consulta, bem como qualquer outra finalidade da gest\u00e3o administrativa do servi\u00e7o. Seus dados s\u00e3o compartilhados com o WhatsApp Ireland Limited, cujas medidas t\u00e9cnicas de seguran\u00e7a garantem a confidencialidade, integridade e disponibilidade de suas informa\u00e7\u00f5es, conforme indicado por sua pr\u00f3pria pol\u00edtica de privacidade. N\u00e3o est\u00e3o previstas novas cess\u00f5es, exceto por obriga\u00e7\u00e3o legal ou exig\u00eancia legal. Os seus dados ser\u00e3o conservados enquanto durar a finalidade para a qual foram obtidos e, uma vez que deixem de ser necess\u00e1rios, ser\u00e3o devidamente bloqueados, arquivados e conservados pelo tempo legalmente estabelecido. A utiliza\u00e7\u00e3o do WhatsApp da <\/span><b>CAES MARKETING, S.L.,<\/b><span style=\"font-weight: 400;\"> para o envio de conte\u00fados que n\u00e3o sejam necess\u00e1rios para a resposta \u00e0 consulta e que sejam ilegais por normativa nacional ou internacional que viole os direitos fundamentais das pessoas e em geral \u00e9 proibido. que violem os princ\u00edpios de legalidade, honestidade, responsabilidade, prote\u00e7\u00e3o da vida privada, prote\u00e7\u00e3o do consumidor e direitos de propriedade intelectual e industrial.<\/span><\/p>\n<p><b>ALTERA\u00c7\u00d5ES A ESTA POL\u00cdTICA DE PRIVACIDADE<\/b><\/p>\n<p><b>CAES MARKETING, S.L.<\/b><span style=\"font-weight: 400;\"> reserva-se o direito de modificar esta pol\u00edtica para adapt\u00e1-la a nova legisla\u00e7\u00e3o ou jurisprud\u00eancia.<\/span><\/p>\n<p><b>REVOCABILIDADE<\/b><\/p>\n<p><span style=\"font-weight: 400;\">O consentimento prestado, tanto para o tratamento como para a cess\u00e3o dos dados dos interessados, \u00e9 revog\u00e1vel a qualquer momento mediante comunica\u00e7\u00e3o \u00e0 <\/span><b>CAES MARKETING, S.L. <\/b><span style=\"font-weight: 400;\">nos termos estabelecidos nesta Pol\u00edtica para o exerc\u00edcio de direitos. Esta revoga\u00e7\u00e3o n\u00e3o ser\u00e1, em caso algum, retroativa.<\/span><\/p>\n<p><b>LEGISLA\u00c7\u00c3O<\/b><\/p>\n<p><span style=\"font-weight: 400;\">Em geral, as rela\u00e7\u00f5es entre <\/span><b>CAES MARKETING, S.L.<\/b><span style=\"font-weight: 400;\"> com os Usu\u00e1rios de seus servi\u00e7os telem\u00e1ticos, presentes neste site, est\u00e3o sujeitos \u00e0 legisla\u00e7\u00e3o espanhola e \u00e0 jurisdi\u00e7\u00e3o a que as partes se submetem expressamente, junto aos Juizados e Tribunais de Barcelona.<\/span><\/p>\n<\/div><\/section><\/div>\n","protected":false},"excerpt":{"rendered":"","protected":false},"author":1,"featured_media":0,"parent":0,"menu_order":0,"comment_status":"closed","ping_status":"closed","template":"","meta":{"footnotes":""},"class_list":["post-845","page","type-page","status-publish","hentry"],"yoast_head":"<!-- This site is optimized with the Yoast SEO plugin v27.4 - https:\/\/yoast.com\/product\/yoast-seo-wordpress\/ -->\n<title>Pol\u00edtica de privacidade - Mister Ads<\/title>\n<meta name=\"robots\" content=\"index, nofollow, max-snippet:-1, max-image-preview:large, max-video-preview:-1\" \/>\n<link rel=\"canonical\" href=\"https:\/\/misterads.es\/pt-pt\/politica-de-privacidad\/\" \/>\n<meta property=\"og:locale\" content=\"pt_PT\" \/>\n<meta property=\"og:type\" content=\"article\" \/>\n<meta property=\"og:title\" content=\"Pol\u00edtica de privacidade - Mister Ads\" \/>\n<meta property=\"og:url\" content=\"https:\/\/misterads.es\/pt-pt\/politica-de-privacidad\/\" \/>\n<meta property=\"og:site_name\" content=\"Mister Ads\" \/>\n<meta property=\"article:modified_time\" content=\"2023-05-22T13:57:19+00:00\" \/>\n<meta name=\"twitter:card\" content=\"summary_large_image\" \/>\n<meta name=\"twitter:label1\" content=\"Tempo estimado de leitura\" \/>\n\t<meta name=\"twitter:data1\" content=\"13 minutos\" \/>\n<script type=\"application\/ld+json\" class=\"yoast-schema-graph\">{\"@context\":\"https:\\\/\\\/schema.org\",\"@graph\":[{\"@type\":\"WebPage\",\"@id\":\"https:\\\/\\\/misterads.es\\\/pt-pt\\\/politica-de-privacidad\\\/\",\"url\":\"https:\\\/\\\/misterads.es\\\/pt-pt\\\/politica-de-privacidad\\\/\",\"name\":\"Pol\u00edtica de privacidade - Mister Ads\",\"isPartOf\":{\"@id\":\"https:\\\/\\\/misterads.es\\\/pt-pt\\\/#website\"},\"datePublished\":\"2021-11-15T23:53:37+00:00\",\"dateModified\":\"2023-05-22T13:57:19+00:00\",\"breadcrumb\":{\"@id\":\"https:\\\/\\\/misterads.es\\\/pt-pt\\\/politica-de-privacidad\\\/#breadcrumb\"},\"inLanguage\":\"pt-PT\",\"potentialAction\":[{\"@type\":\"ReadAction\",\"target\":[\"https:\\\/\\\/misterads.es\\\/pt-pt\\\/politica-de-privacidad\\\/\"]}]},{\"@type\":\"BreadcrumbList\",\"@id\":\"https:\\\/\\\/misterads.es\\\/pt-pt\\\/politica-de-privacidad\\\/#breadcrumb\",\"itemListElement\":[{\"@type\":\"ListItem\",\"position\":1,\"name\":\"Portada\",\"item\":\"https:\\\/\\\/misterads.es\\\/pt-pt\\\/comeco\\\/\"},{\"@type\":\"ListItem\",\"position\":2,\"name\":\"Pol\u00edtica de privacidade\"}]},{\"@type\":\"WebSite\",\"@id\":\"https:\\\/\\\/misterads.es\\\/pt-pt\\\/#website\",\"url\":\"https:\\\/\\\/misterads.es\\\/pt-pt\\\/\",\"name\":\"Mister Ads\",\"description\":\"Agencia de Performance Marketing\",\"potentialAction\":[{\"@type\":\"SearchAction\",\"target\":{\"@type\":\"EntryPoint\",\"urlTemplate\":\"https:\\\/\\\/misterads.es\\\/pt-pt\\\/?s={search_term_string}\"},\"query-input\":{\"@type\":\"PropertyValueSpecification\",\"valueRequired\":true,\"valueName\":\"search_term_string\"}}],\"inLanguage\":\"pt-PT\"}]}<\/script>\n<!-- \/ Yoast SEO plugin. -->","yoast_head_json":{"title":"Pol\u00edtica de privacidade - Mister Ads","robots":{"index":"index","follow":"nofollow","max-snippet":"max-snippet:-1","max-image-preview":"max-image-preview:large","max-video-preview":"max-video-preview:-1"},"canonical":"https:\/\/misterads.es\/pt-pt\/politica-de-privacidad\/","og_locale":"pt_PT","og_type":"article","og_title":"Pol\u00edtica de privacidade - Mister Ads","og_url":"https:\/\/misterads.es\/pt-pt\/politica-de-privacidad\/","og_site_name":"Mister Ads","article_modified_time":"2023-05-22T13:57:19+00:00","twitter_card":"summary_large_image","twitter_misc":{"Tempo estimado de leitura":"13 minutos"},"schema":{"@context":"https:\/\/schema.org","@graph":[{"@type":"WebPage","@id":"https:\/\/misterads.es\/pt-pt\/politica-de-privacidad\/","url":"https:\/\/misterads.es\/pt-pt\/politica-de-privacidad\/","name":"Pol\u00edtica de privacidade - Mister Ads","isPartOf":{"@id":"https:\/\/misterads.es\/pt-pt\/#website"},"datePublished":"2021-11-15T23:53:37+00:00","dateModified":"2023-05-22T13:57:19+00:00","breadcrumb":{"@id":"https:\/\/misterads.es\/pt-pt\/politica-de-privacidad\/#breadcrumb"},"inLanguage":"pt-PT","potentialAction":[{"@type":"ReadAction","target":["https:\/\/misterads.es\/pt-pt\/politica-de-privacidad\/"]}]},{"@type":"BreadcrumbList","@id":"https:\/\/misterads.es\/pt-pt\/politica-de-privacidad\/#breadcrumb","itemListElement":[{"@type":"ListItem","position":1,"name":"Portada","item":"https:\/\/misterads.es\/pt-pt\/comeco\/"},{"@type":"ListItem","position":2,"name":"Pol\u00edtica de privacidade"}]},{"@type":"WebSite","@id":"https:\/\/misterads.es\/pt-pt\/#website","url":"https:\/\/misterads.es\/pt-pt\/","name":"Mister Ads","description":"Agencia de Performance Marketing","potentialAction":[{"@type":"SearchAction","target":{"@type":"EntryPoint","urlTemplate":"https:\/\/misterads.es\/pt-pt\/?s={search_term_string}"},"query-input":{"@type":"PropertyValueSpecification","valueRequired":true,"valueName":"search_term_string"}}],"inLanguage":"pt-PT"}]}},"_links":{"self":[{"href":"https:\/\/misterads.es\/pt-pt\/wp-json\/wp\/v2\/pages\/845","targetHints":{"allow":["GET"]}}],"collection":[{"href":"https:\/\/misterads.es\/pt-pt\/wp-json\/wp\/v2\/pages"}],"about":[{"href":"https:\/\/misterads.es\/pt-pt\/wp-json\/wp\/v2\/types\/page"}],"author":[{"embeddable":true,"href":"https:\/\/misterads.es\/pt-pt\/wp-json\/wp\/v2\/users\/1"}],"replies":[{"embeddable":true,"href":"https:\/\/misterads.es\/pt-pt\/wp-json\/wp\/v2\/comments?post=845"}],"version-history":[{"count":0,"href":"https:\/\/misterads.es\/pt-pt\/wp-json\/wp\/v2\/pages\/845\/revisions"}],"wp:attachment":[{"href":"https:\/\/misterads.es\/pt-pt\/wp-json\/wp\/v2\/media?parent=845"}],"curies":[{"name":"wp","href":"https:\/\/api.w.org\/{rel}","templated":true}]}}