{"id":9398,"date":"2022-04-25T14:26:04","date_gmt":"2022-04-25T14:26:04","guid":{"rendered":"https:\/\/misterads.es\/?page_id=9398"},"modified":"2022-07-13T13:04:05","modified_gmt":"2022-07-13T13:04:05","slug":"contato_obrigado","status":"publish","type":"page","link":"https:\/\/misterads.es\/pt-pt\/contato_obrigado\/","title":{"rendered":"contato_obrigado"},"content":{"rendered":"\n<style type=\"text\/css\" data-created_by=\"avia_inline_auto\" id=\"style-css-av-av_section-5924a8ca5ab8bc783e24123a8430bd7f\">\n.avia-section.av-av_section-5924a8ca5ab8bc783e24123a8430bd7f .av-parallax .av-parallax-inner{\nbackground-repeat:no-repeat;\nbackground-image:url(https:\/\/misterads.es\/wp-content\/uploads\/2021\/12\/Untitled-3.png);\nbackground-position:50% 50%;\nbackground-attachment:scroll;\n}\n.avia-section.av-av_section-5924a8ca5ab8bc783e24123a8430bd7f .av-section-color-overlay{\nopacity:0.5;\nbackground-color:#000000;\n}\n<\/style>\n<div id='av_section_1'  class='avia-section av-av_section-5924a8ca5ab8bc783e24123a8430bd7f main_color avia-section-large avia-no-border-styling  avia-builder-el-0  el_before_av_one_full  avia-builder-el-first  avia-full-stretch av-parallax-section avia-bg-style-parallax av-section-color-overlay-active container_wrap sidebar_right'  data-section-bg-repeat='stretch'><div class='av-parallax' data-avia-parallax-ratio='0.3' ><div class='av-parallax-inner main_color avia-full-stretch'><\/div><\/div><div class=\"av-section-color-overlay-wrap\"><div class=\"av-section-color-overlay\"><\/div><div class='container av-section-cont-open' ><main  role=\"main\" itemprop=\"mainContentOfPage\"  class='template-page content  av-content-small alpha units'><div class='post-entry post-entry-type-page post-entry-9398'><div class='entry-content-wrapper clearfix'>\n\n<style type=\"text\/css\" data-created_by=\"avia_inline_auto\" id=\"style-css-av-l2et9ip0-59291f91942ac75e1b096f720cbc9c40\">\n#top .av-special-heading.av-l2et9ip0-59291f91942ac75e1b096f720cbc9c40{\npadding-bottom:10px;\ncolor:#ffffff;\n}\nbody .av-special-heading.av-l2et9ip0-59291f91942ac75e1b096f720cbc9c40 .av-special-heading-tag .heading-char{\nfont-size:25px;\n}\n.av-special-heading.av-l2et9ip0-59291f91942ac75e1b096f720cbc9c40 .special-heading-inner-border{\nborder-color:#ffffff;\n}\n.av-special-heading.av-l2et9ip0-59291f91942ac75e1b096f720cbc9c40 .av-subheading{\nfont-size:15px;\ncolor:#eaeaea;\n}\n<\/style>\n<div  class='av-special-heading av-l2et9ip0-59291f91942ac75e1b096f720cbc9c40 av-special-heading-h1 custom-color-heading blockquote modern-quote modern-centered  avia-builder-el-1  avia-builder-el-no-sibling '><h1 class='av-special-heading-tag '  itemprop=\"headline\"  >Contate-nos<\/h1><div class='av_custom_color av-subheading av-subheading_below'><p>MisterAds<\/p>\n<\/div><div class=\"special-heading-border\"><div class=\"special-heading-inner-border\"><\/div><\/div><\/div>\n<\/div><\/div><\/main><!-- close content main element --><\/div><\/div><\/div><div id='after_section_1'  class='main_color av_default_container_wrap container_wrap sidebar_right'  ><div class='container av-section-cont-open' ><div class='template-page content  av-content-small alpha units'><div class='post-entry post-entry-type-page post-entry-9398'><div class='entry-content-wrapper clearfix'>\n<div  class='flex_column av-av_one_full-a93934ecd89fbb8a9566d39e89cd3725 av_one_full  avia-builder-el-2  el_after_av_section  el_before_av_one_third  avia-builder-el-first  first flex_column_div  '     ><section  class='av_textblock_section av-l2eta1yi-a16864830a803fb4ddc381034182e527 '   itemscope=\"itemscope\" itemtype=\"https:\/\/schema.org\/CreativeWork\" ><div class='avia_textblock'  itemprop=\"text\" ><h2>Muito obrigado por entrar em contato com o Mister Ads!<\/h2>\n<p>Um membro da equipe entrar\u00e1 em contato com voc\u00ea o mais r\u00e1pido poss\u00edvel para ver como podemos ajud\u00e1-lo.<\/p>\n<\/div><\/section><\/div>\n<div  class='flex_column av-av_one_third-d846867a37b468541bc8830743d44203 av_one_third  avia-builder-el-4  el_after_av_one_full  el_before_av_one_third  first flex_column_div  column-top-margin'     ><section  class='av_textblock_section av-l2etagzy-77970efa730925849486eab39de026c8 '   itemscope=\"itemscope\" itemtype=\"https:\/\/schema.org\/CreativeWork\" ><div class='avia_textblock'  itemprop=\"text\" ><h3><\/h3>\n<h3>MORADA<\/h3>\n<p>Rua Jos\u00e9 Maria de Oliveira, 51 \u2013 Sala 1<br \/>\nVila Palmira \u2013 Socorro \u2013 SP \u2013 CEP 13960-000<\/p>\n<\/div><\/section><\/div>\n<div  class='flex_column av-av_one_third-337486787960716147ecfb4074cb91c6 av_one_third  avia-builder-el-6  el_after_av_one_third  el_before_av_one_third  flex_column_div  column-top-margin'     ><section  class='av_textblock_section av-l2etamsp-8b5028606d9169550e5b486346deccce '   itemscope=\"itemscope\" itemtype=\"https:\/\/schema.org\/CreativeWork\" ><div class='avia_textblock'  itemprop=\"text\" ><h3><\/h3>\n<h3><strong>CONTATO<\/strong><\/h3>\n<p>hola@misterads.es<br \/>\n+34 639 759 462<\/p>\n<\/div><\/section><\/div>\n<div  class='flex_column av-av_one_third-337486787960716147ecfb4074cb91c6 av_one_third  avia-builder-el-8  el_after_av_one_third  avia-builder-el-last  flex_column_div  column-top-margin'     ><section  class='av_textblock_section av-l2etb1pz-e986fa49579e040f35516cb42ef89825 '   itemscope=\"itemscope\" itemtype=\"https:\/\/schema.org\/CreativeWork\" ><div class='avia_textblock'  itemprop=\"text\" ><h3>DELEGA\u00c7\u00d5ES<\/h3>\n<p><strong>Spain<\/strong><\/p>\n<p>Parc TecnoCampus Matar\u00f3-Maresme<br \/>\nAv. d\u2019Ernest Lluch, 32, planta 3 puerta 4<br \/>\n08302 Matar\u00f3, Barcelona \u2013 Spain<\/p>\n<p><strong>Brasil<\/strong><\/p>\n<p>Rua Jos\u00e9 Maria de Oliveira, 51-Sala 1<br \/>\nVila Palmira \u2013 Socorro \u2013 SP \u2013 CEP 13960-000<\/p>\n<\/div><\/section><\/div>\n","protected":false},"excerpt":{"rendered":"","protected":false},"author":1,"featured_media":0,"parent":0,"menu_order":0,"comment_status":"closed","ping_status":"closed","template":"","meta":{"footnotes":""},"class_list":["post-9398","page","type-page","status-publish","hentry"],"yoast_head":"<!-- This site is optimized with the Yoast SEO plugin v27.4 - https:\/\/yoast.com\/product\/yoast-seo-wordpress\/ -->\n<title>contato_obrigado - Mister Ads<\/title>\n<meta name=\"robots\" content=\"noindex, nofollow\" \/>\n<meta property=\"og:locale\" content=\"pt_PT\" \/>\n<meta property=\"og:type\" content=\"article\" \/>\n<meta property=\"og:title\" content=\"contato_obrigado - Mister Ads\" \/>\n<meta property=\"og:url\" content=\"https:\/\/misterads.es\/pt-pt\/contato_obrigado\/\" \/>\n<meta property=\"og:site_name\" content=\"Mister Ads\" \/>\n<meta property=\"article:modified_time\" content=\"2022-07-13T13:04:05+00:00\" \/>\n<meta name=\"twitter:card\" content=\"summary_large_image\" \/>\n<meta name=\"twitter:label1\" content=\"Tempo estimado de leitura\" \/>\n\t<meta name=\"twitter:data1\" content=\"3 minutos\" \/>\n<script type=\"application\/ld+json\" class=\"yoast-schema-graph\">{\"@context\":\"https:\\\/\\\/schema.org\",\"@graph\":[{\"@type\":\"WebPage\",\"@id\":\"https:\\\/\\\/misterads.es\\\/pt-pt\\\/contato_obrigado\\\/\",\"url\":\"https:\\\/\\\/misterads.es\\\/pt-pt\\\/contato_obrigado\\\/\",\"name\":\"contato_obrigado - Mister Ads\",\"isPartOf\":{\"@id\":\"https:\\\/\\\/misterads.es\\\/pt-pt\\\/#website\"},\"datePublished\":\"2022-04-25T14:26:04+00:00\",\"dateModified\":\"2022-07-13T13:04:05+00:00\",\"breadcrumb\":{\"@id\":\"https:\\\/\\\/misterads.es\\\/pt-pt\\\/contato_obrigado\\\/#breadcrumb\"},\"inLanguage\":\"pt-PT\",\"potentialAction\":[{\"@type\":\"ReadAction\",\"target\":[\"https:\\\/\\\/misterads.es\\\/pt-pt\\\/contato_obrigado\\\/\"]}]},{\"@type\":\"BreadcrumbList\",\"@id\":\"https:\\\/\\\/misterads.es\\\/pt-pt\\\/contato_obrigado\\\/#breadcrumb\",\"itemListElement\":[{\"@type\":\"ListItem\",\"position\":1,\"name\":\"Portada\",\"item\":\"https:\\\/\\\/misterads.es\\\/pt-pt\\\/comeco\\\/\"},{\"@type\":\"ListItem\",\"position\":2,\"name\":\"contato_obrigado\"}]},{\"@type\":\"WebSite\",\"@id\":\"https:\\\/\\\/misterads.es\\\/pt-pt\\\/#website\",\"url\":\"https:\\\/\\\/misterads.es\\\/pt-pt\\\/\",\"name\":\"Mister Ads\",\"description\":\"Agencia de Performance Marketing\",\"potentialAction\":[{\"@type\":\"SearchAction\",\"target\":{\"@type\":\"EntryPoint\",\"urlTemplate\":\"https:\\\/\\\/misterads.es\\\/pt-pt\\\/?s={search_term_string}\"},\"query-input\":{\"@type\":\"PropertyValueSpecification\",\"valueRequired\":true,\"valueName\":\"search_term_string\"}}],\"inLanguage\":\"pt-PT\"}]}<\/script>\n<!-- \/ Yoast SEO plugin. -->","yoast_head_json":{"title":"contato_obrigado - Mister Ads","robots":{"index":"noindex","follow":"nofollow"},"og_locale":"pt_PT","og_type":"article","og_title":"contato_obrigado - Mister Ads","og_url":"https:\/\/misterads.es\/pt-pt\/contato_obrigado\/","og_site_name":"Mister Ads","article_modified_time":"2022-07-13T13:04:05+00:00","twitter_card":"summary_large_image","twitter_misc":{"Tempo estimado de leitura":"3 minutos"},"schema":{"@context":"https:\/\/schema.org","@graph":[{"@type":"WebPage","@id":"https:\/\/misterads.es\/pt-pt\/contato_obrigado\/","url":"https:\/\/misterads.es\/pt-pt\/contato_obrigado\/","name":"contato_obrigado - Mister Ads","isPartOf":{"@id":"https:\/\/misterads.es\/pt-pt\/#website"},"datePublished":"2022-04-25T14:26:04+00:00","dateModified":"2022-07-13T13:04:05+00:00","breadcrumb":{"@id":"https:\/\/misterads.es\/pt-pt\/contato_obrigado\/#breadcrumb"},"inLanguage":"pt-PT","potentialAction":[{"@type":"ReadAction","target":["https:\/\/misterads.es\/pt-pt\/contato_obrigado\/"]}]},{"@type":"BreadcrumbList","@id":"https:\/\/misterads.es\/pt-pt\/contato_obrigado\/#breadcrumb","itemListElement":[{"@type":"ListItem","position":1,"name":"Portada","item":"https:\/\/misterads.es\/pt-pt\/comeco\/"},{"@type":"ListItem","position":2,"name":"contato_obrigado"}]},{"@type":"WebSite","@id":"https:\/\/misterads.es\/pt-pt\/#website","url":"https:\/\/misterads.es\/pt-pt\/","name":"Mister Ads","description":"Agencia de Performance Marketing","potentialAction":[{"@type":"SearchAction","target":{"@type":"EntryPoint","urlTemplate":"https:\/\/misterads.es\/pt-pt\/?s={search_term_string}"},"query-input":{"@type":"PropertyValueSpecification","valueRequired":true,"valueName":"search_term_string"}}],"inLanguage":"pt-PT"}]}},"_links":{"self":[{"href":"https:\/\/misterads.es\/pt-pt\/wp-json\/wp\/v2\/pages\/9398","targetHints":{"allow":["GET"]}}],"collection":[{"href":"https:\/\/misterads.es\/pt-pt\/wp-json\/wp\/v2\/pages"}],"about":[{"href":"https:\/\/misterads.es\/pt-pt\/wp-json\/wp\/v2\/types\/page"}],"author":[{"embeddable":true,"href":"https:\/\/misterads.es\/pt-pt\/wp-json\/wp\/v2\/users\/1"}],"replies":[{"embeddable":true,"href":"https:\/\/misterads.es\/pt-pt\/wp-json\/wp\/v2\/comments?post=9398"}],"version-history":[{"count":0,"href":"https:\/\/misterads.es\/pt-pt\/wp-json\/wp\/v2\/pages\/9398\/revisions"}],"wp:attachment":[{"href":"https:\/\/misterads.es\/pt-pt\/wp-json\/wp\/v2\/media?parent=9398"}],"curies":[{"name":"wp","href":"https:\/\/api.w.org\/{rel}","templated":true}]}}